{"id":612,"date":"2024-07-30T16:51:23","date_gmt":"2024-07-30T19:51:23","guid":{"rendered":"https:\/\/lucaseletro.com.br\/product\/colchao-ortobom-fit-45-198x158-al25\/"},"modified":"2025-08-28T16:10:11","modified_gmt":"2025-08-28T19:10:11","slug":"colchao-ortobom-fit-45-198x158-al25","status":"publish","type":"product","link":"https:\/\/lucaseletro.com.br\/?product=colchao-ortobom-fit-45-198x158-al25","title":{"rendered":"COLCHAO ORTOBOM FIT 45 198X158 AL25"},"content":{"rendered":"<div class=\"sc-iGgWBj hZQAA-D sc-ffNNoV fQykGN\" data-testid=\"product-detail\">\n<h2 class=\"sc-dcJsrY iVJGKX\" data-testid=\"product-detail-label\">Informa\u00e7\u00f5es do Produto<\/h2>\n<p><span class=\"sc-dcJsrY jZKEso\" data-testid=\"product-detail-title\">Colch\u00e3o Casal FIT 45 Ortobom 0,17&#215;1,98&#215;1,58<\/span><\/p>\n<div class=\"sc-iGgWBj jEOEJZ sc-ddrdZi byFCyB\" data-testid=\"product-detail-description\">\n<div class=\"sc-iGgWBj eWtIHQ sc-kcgnCw gPNwvu\" data-testid=\"rich-content-container\">\n<p>Colch\u00e3o casal FIT D45 &#8211; 17 x 1.98 x 1.58 &#8211; ortobom<\/p>\n<p>COLCH\u00c3O CASAL FIT D45 &#8211; 17 X 1.98 X 1.58 &#8211; ORTOBOM Casal Espuma D45 Fit da Ortobom \u00e9 ideal para quem busca um descanso completo e reparador. Com espuma D45, ele oferece um suporte firme que acomoda o corpo de maneira confort\u00e1vel, garantindo noites de sono tranquilas e revitalizantes. Esse colch\u00e3o \u00e9 perfeito para proporcionar um relaxamento profundo, ajudando voc\u00ea a acordar renovado e pronto para o dia. Al\u00e9m disso, o Colch\u00e3o Casal Espuma D45 Fit \u00e9 certificado pelo INMETRO, o que garante que ele atende aos mais altos padr\u00f5es de qualidade e seguran\u00e7a. ESTRUTURA \u2013 Revestimento: tecido de malha 100% Poli\u00e9ster \u2013 160 g\/m2 \u2013 Espuma D45 \u2013 Bordado em espuma convencional 100% Poliuretano \u2013 20 kg\/m3 \u2013 Tecido n\u00e3o-tecido 100% Polipropileno \u2013 L\u00e2mina de espuma convencional 100% Poliuretano \u2013 45 kg\/m3 \u2013 Certificados de Qualidade: INMETRO. TAMANHO: \u2013 Largura: 158cm \u2013 Comprimento: 198cm \u2013 Altura: 17cm<\/p>\n<\/div>\n<\/div>\n<\/div>\n<div class=\"sc-iGgWBj eWtIHQ\" data-testid=\"lazyload-container\">\n<div class=\"sc-bpUBKd iMekvN\" data-testid=\"mod-o\"><\/div>\n<\/div>\n<div class=\"sc-iGgWBj hODtov sc-lkkHPy ccsMKd\">\n<table class=\"sc-iGgWBj iCEidV sc-bStcSt emFJXX\">\n<tbody>\n<tr>\n<td class=\"sc-iaJaUu jUTMlm\">Informa\u00e7\u00f5es complementares<\/td>\n<td class=\"sc-feoqov jEebvX\">\n<table class=\"sc-dOoqMo iwSfwR\">\n<tbody>\n<tr>\n<td class=\"sc-gVJvzJ gJVWHr\">Altura<\/td>\n<td>17cm<\/td>\n<\/tr>\n<tr>\n<td class=\"sc-gVJvzJ gJVWHr\">Certifica\u00e7\u00f5es<\/td>\n<td>INMETRO<\/td>\n<\/tr>\n<tr>\n<td class=\"sc-gVJvzJ gJVWHr\">Densidade<\/td>\n<td>D45<\/td>\n<\/tr>\n<tr>\n<td class=\"sc-gVJvzJ gJVWHr\">Dimens\u00f5es do Produto<\/td>\n<td>17 x 1.98 x 1.58<\/td>\n<\/tr>\n<tr>\n<td class=\"sc-gVJvzJ gJVWHr\">Largura x Profundidade<\/td>\n<td>158cm x 198cm<\/td>\n<\/tr>\n<tr>\n<td class=\"sc-gVJvzJ gJVWHr\">Linha<\/td>\n<td>FIT<\/td>\n<\/tr>\n<tr>\n<td class=\"sc-gVJvzJ gJVWHr\">Marca<\/td>\n<td><a class=\"sc-JrDLc gkEUmz sc-DWsrX gaOyIa sc-DWsrX gaOyIa\" href=\"https:\/\/www.magazineluiza.com.br\/marcas\/ortobom\/\" data-testid=\"link\">Ortobom<\/a><\/td>\n<\/tr>\n<tr>\n<td class=\"sc-gVJvzJ gJVWHr\">Modelo<\/td>\n<td>FIT<\/td>\n<\/tr>\n<tr>\n<td class=\"sc-gVJvzJ gJVWHr\">N\u00edvel de Conforto<\/td>\n<td>Firme<\/td>\n<\/tr>\n<tr>\n<td class=\"sc-gVJvzJ gJVWHr\">Peso Suportado por Pessoa<\/td>\n<td>20 kg<\/td>\n<\/tr>\n<tr>\n<td class=\"sc-gVJvzJ gJVWHr\">Tamanho<\/td>\n<td>Casal<\/td>\n<\/tr>\n<tr>\n<td class=\"sc-gVJvzJ gJVWHr\">Tamanho do Colch\u00e3o<\/td>\n<td>Casal<\/td>\n<\/tr>\n<tr>\n<td class=\"sc-gVJvzJ gJVWHr\">Tecido<\/td>\n<td>tecido de malha 100% Poli\u00e9ster<\/td>\n<\/tr>\n<tr>\n<td class=\"sc-gVJvzJ gJVWHr\">Tipo de Colch\u00e3o<\/td>\n<td>Casal<\/td>\n<\/tr>\n<\/tbody>\n<\/table>\n<\/td>\n<\/tr>\n<\/tbody>\n<\/table>\n<\/div>\n","protected":false},"excerpt":{"rendered":"<p>Informa\u00e7\u00f5es do Produto Colch\u00e3o Casal FIT 45 Ortobom 0,17&#215;1,98&#215;1,58 Colch\u00e3o casal FIT D45 &#8211; 17 x 1.98 x 1.58 &#8211; ortobom COLCH\u00c3O CASAL FIT D45 &#8211; 17 X 1.98 X 1.58 &#8211; ORTOBOM Casal Espuma D45 Fit da Ortobom \u00e9 ideal para quem busca um descanso completo e reparador. Com espuma D45, ele oferece um [&hellip;]<\/p>\n","protected":false},"featured_media":4344,"comment_status":"open","ping_status":"closed","template":"","meta":[],"product_brand":[],"product_cat":[82,78],"product_tag":[],"class_list":{"0":"post-612","1":"product","2":"type-product","3":"status-publish","4":"has-post-thumbnail","6":"product_cat-colchoes","7":"product_cat-quartos","9":"first","10":"instock","11":"shipping-taxable","12":"purchasable","13":"product-type-simple"},"yoast_head":"<!-- This site is optimized with the Yoast SEO Premium plugin v23.3 (Yoast SEO v27.5) - https:\/\/yoast.com\/product\/yoast-seo-premium-wordpress\/ -->\n<title>COLCHAO ORTOBOM FIT 45 198X158 AL25 - Lucas Eletro<\/title>\n<meta name=\"description\" content=\"COLCHAO ORTOBOM FIT 45 198X158 AL25\" \/>\n<meta name=\"robots\" content=\"index, follow, max-snippet:-1, max-image-preview:large, max-video-preview:-1\" \/>\n<link rel=\"canonical\" href=\"https:\/\/lucaseletro.com.br\/?product=colchao-ortobom-fit-45-198x158-al25\" \/>\n<meta property=\"og:locale\" content=\"pt_BR\" \/>\n<meta property=\"og:type\" content=\"article\" \/>\n<meta property=\"og:title\" content=\"COLCHAO ORTOBOM FIT 45 198X158 AL25 - &#082;&#036;1.999,00 - Lucas Eletro\" \/>\n<meta property=\"og:url\" content=\"https:\/\/lucaseletro.com.br\/?product=colchao-ortobom-fit-45-198x158-al25\" \/>\n<meta property=\"og:site_name\" content=\"Lucas Eletro\" \/>\n<meta property=\"article:publisher\" content=\"https:\/\/www.facebook.com\/lucas.eletro.71\" \/>\n<meta property=\"article:modified_time\" content=\"2025-08-28T19:10:11+00:00\" \/>\n<meta property=\"og:image\" content=\"https:\/\/lucaseletro.com.br\/wp-content\/uploads\/2024\/07\/sku_5816_pro_4655_fitd45casal25-a2d554db684b98bbe217086363823316-640-0.webp\" \/>\n\t<meta property=\"og:image:width\" content=\"640\" \/>\n\t<meta property=\"og:image:height\" content=\"640\" \/>\n\t<meta property=\"og:image:type\" content=\"image\/webp\" \/>\n<meta name=\"twitter:card\" content=\"summary_large_image\" \/>\n<meta name=\"twitter:label1\" content=\"Pre\u00e7o\" \/>\n\t<meta name=\"twitter:data1\" content=\"&#082;&#036;1.999,00\" \/>\n\t<meta name=\"twitter:label2\" content=\"Disponibilidade\" \/>\n\t<meta name=\"twitter:data2\" content=\"Em Estoque\" \/>\n<script type=\"application\/ld+json\" class=\"yoast-schema-graph\">{\"@context\":\"https:\\\/\\\/schema.org\",\"@graph\":[{\"@type\":\"WebPage\",\"@id\":\"https:\\\/\\\/lucaseletro.com.br\\\/?product=colchao-ortobom-fit-45-198x158-al25\",\"url\":\"https:\\\/\\\/lucaseletro.com.br\\\/?product=colchao-ortobom-fit-45-198x158-al25\",\"name\":\"COLCHAO ORTOBOM FIT 45 198X158 AL25 - Lucas Eletro\",\"isPartOf\":{\"@id\":\"https:\\\/\\\/lucaseletro.com.br\\\/#website\"},\"primaryImageOfPage\":{\"@id\":\"https:\\\/\\\/lucaseletro.com.br\\\/?product=colchao-ortobom-fit-45-198x158-al25#primaryimage\"},\"image\":{\"@id\":\"https:\\\/\\\/lucaseletro.com.br\\\/?product=colchao-ortobom-fit-45-198x158-al25#primaryimage\"},\"thumbnailUrl\":\"https:\\\/\\\/lucaseletro.com.br\\\/wp-content\\\/uploads\\\/2024\\\/07\\\/sku_5816_pro_4655_fitd45casal25-a2d554db684b98bbe217086363823316-640-0.webp\",\"datePublished\":\"2024-07-30T19:51:23+00:00\",\"dateModified\":\"2025-08-28T19:10:11+00:00\",\"description\":\"COLCHAO ORTOBOM FIT 45 198X158 AL25\",\"breadcrumb\":{\"@id\":\"https:\\\/\\\/lucaseletro.com.br\\\/?product=colchao-ortobom-fit-45-198x158-al25#breadcrumb\"},\"inLanguage\":\"pt-BR\",\"potentialAction\":[{\"@type\":\"ReadAction\",\"target\":[\"https:\\\/\\\/lucaseletro.com.br\\\/?product=colchao-ortobom-fit-45-198x158-al25\"]}]},{\"@type\":\"ImageObject\",\"inLanguage\":\"pt-BR\",\"@id\":\"https:\\\/\\\/lucaseletro.com.br\\\/?product=colchao-ortobom-fit-45-198x158-al25#primaryimage\",\"url\":\"https:\\\/\\\/lucaseletro.com.br\\\/wp-content\\\/uploads\\\/2024\\\/07\\\/sku_5816_pro_4655_fitd45casal25-a2d554db684b98bbe217086363823316-640-0.webp\",\"contentUrl\":\"https:\\\/\\\/lucaseletro.com.br\\\/wp-content\\\/uploads\\\/2024\\\/07\\\/sku_5816_pro_4655_fitd45casal25-a2d554db684b98bbe217086363823316-640-0.webp\",\"width\":640,\"height\":640},{\"@type\":\"BreadcrumbList\",\"@id\":\"https:\\\/\\\/lucaseletro.com.br\\\/?product=colchao-ortobom-fit-45-198x158-al25#breadcrumb\",\"itemListElement\":[{\"@type\":\"ListItem\",\"position\":1,\"name\":\"In\u00edcio\",\"item\":\"https:\\\/\\\/lucaseletro.com.br\\\/\"},{\"@type\":\"ListItem\",\"position\":2,\"name\":\"Loja\",\"item\":\"https:\\\/\\\/lucaseletro.com.br\\\/?page_id=11\"},{\"@type\":\"ListItem\",\"position\":3,\"name\":\"COLCHAO ORTOBOM FIT 45 198X158 AL25\"}]},{\"@type\":\"WebSite\",\"@id\":\"https:\\\/\\\/lucaseletro.com.br\\\/#website\",\"url\":\"https:\\\/\\\/lucaseletro.com.br\\\/\",\"name\":\"Lucas Eletro\",\"description\":\"Realizando seus sonhos\",\"publisher\":{\"@id\":\"https:\\\/\\\/lucaseletro.com.br\\\/#organization\"},\"alternateName\":\"Lucas Eletro\",\"potentialAction\":[{\"@type\":\"SearchAction\",\"target\":{\"@type\":\"EntryPoint\",\"urlTemplate\":\"https:\\\/\\\/lucaseletro.com.br\\\/?s={search_term_string}\"},\"query-input\":{\"@type\":\"PropertyValueSpecification\",\"valueRequired\":true,\"valueName\":\"search_term_string\"}}],\"inLanguage\":\"pt-BR\"},{\"@type\":\"Organization\",\"@id\":\"https:\\\/\\\/lucaseletro.com.br\\\/#organization\",\"name\":\"Lucas Eletro\",\"alternateName\":\"Lucas Eletro\",\"url\":\"https:\\\/\\\/lucaseletro.com.br\\\/\",\"logo\":{\"@type\":\"ImageObject\",\"inLanguage\":\"pt-BR\",\"@id\":\"https:\\\/\\\/lucaseletro.com.br\\\/#\\\/schema\\\/logo\\\/image\\\/\",\"url\":\"https:\\\/\\\/lucaseletro.com.br\\\/wp-content\\\/uploads\\\/2024\\\/08\\\/Logo-WebP.webp\",\"contentUrl\":\"https:\\\/\\\/lucaseletro.com.br\\\/wp-content\\\/uploads\\\/2024\\\/08\\\/Logo-WebP.webp\",\"width\":1366,\"height\":457,\"caption\":\"Lucas Eletro\"},\"image\":{\"@id\":\"https:\\\/\\\/lucaseletro.com.br\\\/#\\\/schema\\\/logo\\\/image\\\/\"},\"sameAs\":[\"https:\\\/\\\/www.facebook.com\\\/lucas.eletro.71\"]}]}<\/script>\n<meta property=\"product:price:amount\" content=\"1999.00\" \/>\n<meta property=\"product:price:currency\" content=\"BRL\" \/>\n<meta property=\"og:availability\" content=\"instock\" \/>\n<meta property=\"product:availability\" content=\"instock\" \/>\n<meta property=\"product:condition\" content=\"new\" \/>\n<!-- \/ Yoast SEO Premium plugin. -->","yoast_head_json":{"title":"COLCHAO ORTOBOM FIT 45 198X158 AL25 - Lucas Eletro","description":"COLCHAO ORTOBOM FIT 45 198X158 AL25","robots":{"index":"index","follow":"follow","max-snippet":"max-snippet:-1","max-image-preview":"max-image-preview:large","max-video-preview":"max-video-preview:-1"},"canonical":"https:\/\/lucaseletro.com.br\/?product=colchao-ortobom-fit-45-198x158-al25","og_locale":"pt_BR","og_type":"article","og_title":"COLCHAO ORTOBOM FIT 45 198X158 AL25 - &#82;&#36;1.999,00 - Lucas Eletro","og_url":"https:\/\/lucaseletro.com.br\/?product=colchao-ortobom-fit-45-198x158-al25","og_site_name":"Lucas Eletro","article_publisher":"https:\/\/www.facebook.com\/lucas.eletro.71","article_modified_time":"2025-08-28T19:10:11+00:00","og_image":[{"width":640,"height":640,"url":"https:\/\/lucaseletro.com.br\/wp-content\/uploads\/2024\/07\/sku_5816_pro_4655_fitd45casal25-a2d554db684b98bbe217086363823316-640-0.webp","type":"image\/webp"}],"twitter_card":"summary_large_image","twitter_misc":{"Pre\u00e7o":"&#82;&#36;1.999,00","Disponibilidade":"Em Estoque"},"schema":{"@context":"https:\/\/schema.org","@graph":[{"@type":"WebPage","@id":"https:\/\/lucaseletro.com.br\/?product=colchao-ortobom-fit-45-198x158-al25","url":"https:\/\/lucaseletro.com.br\/?product=colchao-ortobom-fit-45-198x158-al25","name":"COLCHAO ORTOBOM FIT 45 198X158 AL25 - Lucas Eletro","isPartOf":{"@id":"https:\/\/lucaseletro.com.br\/#website"},"primaryImageOfPage":{"@id":"https:\/\/lucaseletro.com.br\/?product=colchao-ortobom-fit-45-198x158-al25#primaryimage"},"image":{"@id":"https:\/\/lucaseletro.com.br\/?product=colchao-ortobom-fit-45-198x158-al25#primaryimage"},"thumbnailUrl":"https:\/\/lucaseletro.com.br\/wp-content\/uploads\/2024\/07\/sku_5816_pro_4655_fitd45casal25-a2d554db684b98bbe217086363823316-640-0.webp","datePublished":"2024-07-30T19:51:23+00:00","dateModified":"2025-08-28T19:10:11+00:00","description":"COLCHAO ORTOBOM FIT 45 198X158 AL25","breadcrumb":{"@id":"https:\/\/lucaseletro.com.br\/?product=colchao-ortobom-fit-45-198x158-al25#breadcrumb"},"inLanguage":"pt-BR","potentialAction":[{"@type":"ReadAction","target":["https:\/\/lucaseletro.com.br\/?product=colchao-ortobom-fit-45-198x158-al25"]}]},{"@type":"ImageObject","inLanguage":"pt-BR","@id":"https:\/\/lucaseletro.com.br\/?product=colchao-ortobom-fit-45-198x158-al25#primaryimage","url":"https:\/\/lucaseletro.com.br\/wp-content\/uploads\/2024\/07\/sku_5816_pro_4655_fitd45casal25-a2d554db684b98bbe217086363823316-640-0.webp","contentUrl":"https:\/\/lucaseletro.com.br\/wp-content\/uploads\/2024\/07\/sku_5816_pro_4655_fitd45casal25-a2d554db684b98bbe217086363823316-640-0.webp","width":640,"height":640},{"@type":"BreadcrumbList","@id":"https:\/\/lucaseletro.com.br\/?product=colchao-ortobom-fit-45-198x158-al25#breadcrumb","itemListElement":[{"@type":"ListItem","position":1,"name":"In\u00edcio","item":"https:\/\/lucaseletro.com.br\/"},{"@type":"ListItem","position":2,"name":"Loja","item":"https:\/\/lucaseletro.com.br\/?page_id=11"},{"@type":"ListItem","position":3,"name":"COLCHAO ORTOBOM FIT 45 198X158 AL25"}]},{"@type":"WebSite","@id":"https:\/\/lucaseletro.com.br\/#website","url":"https:\/\/lucaseletro.com.br\/","name":"Lucas Eletro","description":"Realizando seus sonhos","publisher":{"@id":"https:\/\/lucaseletro.com.br\/#organization"},"alternateName":"Lucas Eletro","potentialAction":[{"@type":"SearchAction","target":{"@type":"EntryPoint","urlTemplate":"https:\/\/lucaseletro.com.br\/?s={search_term_string}"},"query-input":{"@type":"PropertyValueSpecification","valueRequired":true,"valueName":"search_term_string"}}],"inLanguage":"pt-BR"},{"@type":"Organization","@id":"https:\/\/lucaseletro.com.br\/#organization","name":"Lucas Eletro","alternateName":"Lucas Eletro","url":"https:\/\/lucaseletro.com.br\/","logo":{"@type":"ImageObject","inLanguage":"pt-BR","@id":"https:\/\/lucaseletro.com.br\/#\/schema\/logo\/image\/","url":"https:\/\/lucaseletro.com.br\/wp-content\/uploads\/2024\/08\/Logo-WebP.webp","contentUrl":"https:\/\/lucaseletro.com.br\/wp-content\/uploads\/2024\/08\/Logo-WebP.webp","width":1366,"height":457,"caption":"Lucas Eletro"},"image":{"@id":"https:\/\/lucaseletro.com.br\/#\/schema\/logo\/image\/"},"sameAs":["https:\/\/www.facebook.com\/lucas.eletro.71"]}]},"product_price_amount":"1999.00","product_price_currency":"BRL","og_availability":"instock","product_availability":"instock","product_condition":"new"},"_links":{"self":[{"href":"https:\/\/lucaseletro.com.br\/index.php?rest_route=\/wp\/v2\/product\/612","targetHints":{"allow":["GET"]}}],"collection":[{"href":"https:\/\/lucaseletro.com.br\/index.php?rest_route=\/wp\/v2\/product"}],"about":[{"href":"https:\/\/lucaseletro.com.br\/index.php?rest_route=\/wp\/v2\/types\/product"}],"replies":[{"embeddable":true,"href":"https:\/\/lucaseletro.com.br\/index.php?rest_route=%2Fwp%2Fv2%2Fcomments&post=612"}],"wp:featuredmedia":[{"embeddable":true,"href":"https:\/\/lucaseletro.com.br\/index.php?rest_route=\/wp\/v2\/media\/4344"}],"wp:attachment":[{"href":"https:\/\/lucaseletro.com.br\/index.php?rest_route=%2Fwp%2Fv2%2Fmedia&parent=612"}],"wp:term":[{"taxonomy":"product_brand","embeddable":true,"href":"https:\/\/lucaseletro.com.br\/index.php?rest_route=%2Fwp%2Fv2%2Fproduct_brand&post=612"},{"taxonomy":"product_cat","embeddable":true,"href":"https:\/\/lucaseletro.com.br\/index.php?rest_route=%2Fwp%2Fv2%2Fproduct_cat&post=612"},{"taxonomy":"product_tag","embeddable":true,"href":"https:\/\/lucaseletro.com.br\/index.php?rest_route=%2Fwp%2Fv2%2Fproduct_tag&post=612"}],"curies":[{"name":"wp","href":"https:\/\/api.w.org\/{rel}","templated":true}]}}