{"id":623,"date":"2024-07-30T16:51:24","date_gmt":"2024-07-30T19:51:24","guid":{"rendered":"https:\/\/lucaseletro.com.br\/product\/roupeiro-valverde-anapolis-ripado-6-portas-cinamomo-off-white\/"},"modified":"2025-08-02T18:31:56","modified_gmt":"2025-08-02T21:31:56","slug":"roupeiro-valverde-anapolis-ripado-6-portas-cinamomo-off-white","status":"publish","type":"product","link":"https:\/\/lucaseletro.com.br\/?product=roupeiro-valverde-anapolis-ripado-6-portas-cinamomo-off-white","title":{"rendered":"ROUPEIRO VALVERDE ANAPOLIS RIPADO 6 PORTAS CINAMOMO\/OFF WHITE"},"content":{"rendered":"<div class=\"cav--c-ifxJAl\">\n<div class=\"cav--c-gqwkJN cav--c-gqwkJN-knmidH-justifyContent-spaceBetween\">\n<div class=\"cav--c-lesPJm\"><span class=\"cav--c-gNPphv cav--c-gNPphv-joMFbb-textStyle-h4Semibold\">Principais Informa\u00e7\u00f5es<\/span><\/div>\n<\/div>\n<div class=\"cav--c-lesPJm cav--c-lesPJm-ieFYkMc-css\"><span class=\"cav--c-gNPphv\">Guarda Roupa Casal 6 Portas 6 Gavetas 100% Mdf An\u00e1polis Ripado Montagem Inteligente &#8211; Valverde: Cina Cinamomo\/Off White<\/span><\/div>\n<\/div>\n<div class=\"cav--c-jPOnVL cav--c-jPOnVL-hoJSXN-sidebar-true\">\n<div class=\"cav--c-lesPJm\"><span class=\"cav--c-gNPphv cav--c-dFndkt\">Pesos e Dimens\u00f5es<\/span><\/p>\n<table class=\"cav--c-gusfms cav--c-gusfms-gjkaP-striped-odd cav--c-gusfms-cmVlgk-textAlign-left\">\n<tbody class=\"cav--c-dKpJQB\">\n<tr class=\"cav--c-PJLV\">\n<td class=\"cav--c-difWUU\"><span class=\"cav--c-gNPphv cav--c-gNPphv-hyvuql-weight-bold\">Altura (cm)<\/span><\/td>\n<td class=\"cav--c-difWUU\">228,8 cm<\/td>\n<\/tr>\n<tr class=\"cav--c-PJLV\">\n<td class=\"cav--c-difWUU\"><span class=\"cav--c-gNPphv cav--c-gNPphv-hyvuql-weight-bold\">Largura (cm)<\/span><\/td>\n<td class=\"cav--c-difWUU\">278 cm<\/td>\n<\/tr>\n<tr class=\"cav--c-PJLV\">\n<td class=\"cav--c-difWUU\"><span class=\"cav--c-gNPphv cav--c-gNPphv-hyvuql-weight-bold\">Profundidade (cm)<\/span><\/td>\n<td class=\"cav--c-difWUU\">55 cm<\/td>\n<\/tr>\n<\/tbody>\n<\/table>\n<\/div>\n<div class=\"cav--c-lesPJm\"><span class=\"cav--c-gNPphv cav--c-dFndkt\">Materiais e Acabamentos<\/span><\/p>\n<table class=\"cav--c-gusfms cav--c-gusfms-gjkaP-striped-odd cav--c-gusfms-cmVlgk-textAlign-left\">\n<tbody class=\"cav--c-dKpJQB\">\n<tr class=\"cav--c-PJLV\">\n<td class=\"cav--c-difWUU\"><span class=\"cav--c-gNPphv cav--c-gNPphv-hyvuql-weight-bold\">Material Principal<\/span><\/td>\n<td class=\"cav--c-difWUU\">MDF<\/td>\n<\/tr>\n<\/tbody>\n<\/table>\n<\/div>\n<\/div>\n","protected":false},"excerpt":{"rendered":"<div class=\"cav--c-ifxJAl\">\n<div class=\"cav--c-gqwkJN cav--c-gqwkJN-knmidH-justifyContent-spaceBetween\">\n<div class=\"cav--c-lesPJm\"><span class=\"cav--c-gNPphv cav--c-gNPphv-joMFbb-textStyle-h4Semibold\">Principais Informa\u00e7\u00f5es<\/span><\/div>\n<\/div>\n<div class=\"cav--c-lesPJm cav--c-lesPJm-ieFYkMc-css\"><span class=\"cav--c-gNPphv\">Guarda Roupa Casal 6 Portas 6 Gavetas 100% Mdf An\u00e1polis Ripado Montagem Inteligente &#8211; Valverde: Cina Cinamomo\/Off White<\/span><\/div>\n<\/div>\n<div class=\"cav--c-jPOnVL cav--c-jPOnVL-hoJSXN-sidebar-true\">\n<div class=\"cav--c-lesPJm\"><span class=\"cav--c-gNPphv cav--c-dFndkt\">Pesos e Dimens\u00f5es<\/span><\/p>\n<table class=\"cav--c-gusfms cav--c-gusfms-gjkaP-striped-odd cav--c-gusfms-cmVlgk-textAlign-left\">\n<tbody class=\"cav--c-dKpJQB\">\n<tr class=\"cav--c-PJLV\">\n<td class=\"cav--c-difWUU\"><span class=\"cav--c-gNPphv cav--c-gNPphv-hyvuql-weight-bold\">Altura (cm)<\/span><\/td>\n<td class=\"cav--c-difWUU\">228,8 cm<\/td>\n<\/tr>\n<tr class=\"cav--c-PJLV\">\n<td class=\"cav--c-difWUU\"><span class=\"cav--c-gNPphv cav--c-gNPphv-hyvuql-weight-bold\">Largura (cm)<\/span><\/td>\n<td class=\"cav--c-difWUU\">278 cm<\/td>\n<\/tr>\n<tr class=\"cav--c-PJLV\">\n<td class=\"cav--c-difWUU\"><span class=\"cav--c-gNPphv cav--c-gNPphv-hyvuql-weight-bold\">Profundidade (cm)<\/span><\/td>\n<td class=\"cav--c-difWUU\">55 cm<\/td>\n<\/tr>\n<\/tbody>\n<\/table>\n<\/div>\n<div class=\"cav--c-lesPJm\"><span class=\"cav--c-gNPphv cav--c-dFndkt\">Materiais e Acabamentos<\/span><\/p>\n<table class=\"cav--c-gusfms cav--c-gusfms-gjkaP-striped-odd cav--c-gusfms-cmVlgk-textAlign-left\">\n<tbody class=\"cav--c-dKpJQB\">\n<tr class=\"cav--c-PJLV\">\n<td class=\"cav--c-difWUU\"><span class=\"cav--c-gNPphv cav--c-gNPphv-hyvuql-weight-bold\">Material Principal<\/span><\/td>\n<td class=\"cav--c-difWUU\">MDF<\/td>\n<\/tr>\n<\/tbody>\n<\/table>\n<\/div>\n<\/div>\n","protected":false},"featured_media":3874,"comment_status":"open","ping_status":"closed","template":"","meta":[],"product_brand":[],"product_cat":[72,78,71,15],"product_tag":[],"class_list":{"0":"post-623","1":"product","2":"type-product","3":"status-publish","4":"has-post-thumbnail","6":"product_cat-guarda-roupas","7":"product_cat-quartos","8":"product_cat-roupeiro","9":"product_cat-semcategoria","11":"first","12":"outofstock","13":"shipping-taxable","14":"purchasable","15":"product-type-simple"},"yoast_head":"<!-- This site is optimized with the Yoast SEO Premium plugin v23.3 (Yoast SEO v27.4) - https:\/\/yoast.com\/product\/yoast-seo-premium-wordpress\/ -->\n<title>ROUPEIRO VALVERDE ANAPOLIS RIPADO 6 PORTAS CINAMOMO\/OFF WHITE - Lucas Eletro<\/title>\n<meta name=\"description\" content=\"Guarda Roupa Casal 6 Portas 6 Gavetas 100% Mdf An\u00e1polis Ripado Montagem Inteligente - Valverde: Cinamomo\/Off White\" \/>\n<meta name=\"robots\" content=\"index, follow, max-snippet:-1, max-image-preview:large, max-video-preview:-1\" \/>\n<link rel=\"canonical\" href=\"https:\/\/lucaseletro.com.br\/?product=roupeiro-valverde-anapolis-ripado-6-portas-cinamomo-off-white\" \/>\n<meta property=\"og:locale\" content=\"pt_BR\" \/>\n<meta property=\"og:type\" content=\"article\" \/>\n<meta property=\"og:title\" content=\"ROUPEIRO VALVERDE ANAPOLIS RIPADO 6 PORTAS CINAMOMO\/OFF WHITE - &#082;&#036;2.599,00 - Lucas Eletro\" \/>\n<meta property=\"og:description\" content=\"Principais Informa\u00e7\u00f5es  Guarda Roupa Casal 6 Portas 6 Gavetas 100% Mdf An\u00e1polis Ripado Montagem Inteligente - Valverde: Cina Cinamomo\/Off White   Pesos e Dimens\u00f5es    Altura (cm) 228,8 cm   Largura (cm) 278 cm   Profundidade (cm) 55 cm     Materiais e Acabamentos    Material Principal MDF\" \/>\n<meta property=\"og:url\" content=\"https:\/\/lucaseletro.com.br\/?product=roupeiro-valverde-anapolis-ripado-6-portas-cinamomo-off-white\" \/>\n<meta property=\"og:site_name\" content=\"Lucas Eletro\" \/>\n<meta property=\"article:publisher\" content=\"https:\/\/www.facebook.com\/lucas.eletro.71\" \/>\n<meta property=\"article:modified_time\" content=\"2025-08-02T21:31:56+00:00\" \/>\n<meta property=\"og:image\" content=\"https:\/\/lucaseletro.com.br\/wp-content\/uploads\/2024\/07\/c1dc9652f82a079547af950de91d02ec.webp\" \/>\n\t<meta property=\"og:image:width\" content=\"560\" \/>\n\t<meta property=\"og:image:height\" content=\"560\" \/>\n\t<meta property=\"og:image:type\" content=\"image\/webp\" \/>\n<meta name=\"twitter:card\" content=\"summary_large_image\" \/>\n<meta name=\"twitter:label1\" content=\"Pre\u00e7o\" \/>\n\t<meta name=\"twitter:data1\" content=\"&#082;&#036;2.599,00\" \/>\n\t<meta name=\"twitter:label2\" content=\"Disponibilidade\" \/>\n\t<meta name=\"twitter:data2\" content=\"Fora de estoque\" \/>\n<script type=\"application\/ld+json\" class=\"yoast-schema-graph\">{\"@context\":\"https:\\\/\\\/schema.org\",\"@graph\":[{\"@type\":\"WebPage\",\"@id\":\"https:\\\/\\\/lucaseletro.com.br\\\/?product=roupeiro-valverde-anapolis-ripado-6-portas-cinamomo-off-white\",\"url\":\"https:\\\/\\\/lucaseletro.com.br\\\/?product=roupeiro-valverde-anapolis-ripado-6-portas-cinamomo-off-white\",\"name\":\"ROUPEIRO VALVERDE ANAPOLIS RIPADO 6 PORTAS CINAMOMO\\\/OFF WHITE - Lucas Eletro\",\"isPartOf\":{\"@id\":\"https:\\\/\\\/lucaseletro.com.br\\\/#website\"},\"primaryImageOfPage\":{\"@id\":\"https:\\\/\\\/lucaseletro.com.br\\\/?product=roupeiro-valverde-anapolis-ripado-6-portas-cinamomo-off-white#primaryimage\"},\"image\":{\"@id\":\"https:\\\/\\\/lucaseletro.com.br\\\/?product=roupeiro-valverde-anapolis-ripado-6-portas-cinamomo-off-white#primaryimage\"},\"thumbnailUrl\":\"https:\\\/\\\/lucaseletro.com.br\\\/wp-content\\\/uploads\\\/2024\\\/07\\\/c1dc9652f82a079547af950de91d02ec.webp\",\"datePublished\":\"2024-07-30T19:51:24+00:00\",\"dateModified\":\"2025-08-02T21:31:56+00:00\",\"description\":\"Guarda Roupa Casal 6 Portas 6 Gavetas 100% Mdf An\u00e1polis Ripado Montagem Inteligente - Valverde: Cinamomo\\\/Off White\",\"breadcrumb\":{\"@id\":\"https:\\\/\\\/lucaseletro.com.br\\\/?product=roupeiro-valverde-anapolis-ripado-6-portas-cinamomo-off-white#breadcrumb\"},\"inLanguage\":\"pt-BR\",\"potentialAction\":[{\"@type\":\"ReadAction\",\"target\":[\"https:\\\/\\\/lucaseletro.com.br\\\/?product=roupeiro-valverde-anapolis-ripado-6-portas-cinamomo-off-white\"]}]},{\"@type\":\"ImageObject\",\"inLanguage\":\"pt-BR\",\"@id\":\"https:\\\/\\\/lucaseletro.com.br\\\/?product=roupeiro-valverde-anapolis-ripado-6-portas-cinamomo-off-white#primaryimage\",\"url\":\"https:\\\/\\\/lucaseletro.com.br\\\/wp-content\\\/uploads\\\/2024\\\/07\\\/c1dc9652f82a079547af950de91d02ec.webp\",\"contentUrl\":\"https:\\\/\\\/lucaseletro.com.br\\\/wp-content\\\/uploads\\\/2024\\\/07\\\/c1dc9652f82a079547af950de91d02ec.webp\",\"width\":560,\"height\":560},{\"@type\":\"BreadcrumbList\",\"@id\":\"https:\\\/\\\/lucaseletro.com.br\\\/?product=roupeiro-valverde-anapolis-ripado-6-portas-cinamomo-off-white#breadcrumb\",\"itemListElement\":[{\"@type\":\"ListItem\",\"position\":1,\"name\":\"In\u00edcio\",\"item\":\"https:\\\/\\\/lucaseletro.com.br\\\/\"},{\"@type\":\"ListItem\",\"position\":2,\"name\":\"Loja\",\"item\":\"https:\\\/\\\/lucaseletro.com.br\\\/?page_id=11\"},{\"@type\":\"ListItem\",\"position\":3,\"name\":\"ROUPEIRO VALVERDE ANAPOLIS RIPADO 6 PORTAS CINAMOMO\\\/OFF WHITE\"}]},{\"@type\":\"WebSite\",\"@id\":\"https:\\\/\\\/lucaseletro.com.br\\\/#website\",\"url\":\"https:\\\/\\\/lucaseletro.com.br\\\/\",\"name\":\"Lucas Eletro\",\"description\":\"Realizando seus sonhos\",\"publisher\":{\"@id\":\"https:\\\/\\\/lucaseletro.com.br\\\/#organization\"},\"alternateName\":\"Lucas Eletro\",\"potentialAction\":[{\"@type\":\"SearchAction\",\"target\":{\"@type\":\"EntryPoint\",\"urlTemplate\":\"https:\\\/\\\/lucaseletro.com.br\\\/?s={search_term_string}\"},\"query-input\":{\"@type\":\"PropertyValueSpecification\",\"valueRequired\":true,\"valueName\":\"search_term_string\"}}],\"inLanguage\":\"pt-BR\"},{\"@type\":\"Organization\",\"@id\":\"https:\\\/\\\/lucaseletro.com.br\\\/#organization\",\"name\":\"Lucas Eletro\",\"alternateName\":\"Lucas Eletro\",\"url\":\"https:\\\/\\\/lucaseletro.com.br\\\/\",\"logo\":{\"@type\":\"ImageObject\",\"inLanguage\":\"pt-BR\",\"@id\":\"https:\\\/\\\/lucaseletro.com.br\\\/#\\\/schema\\\/logo\\\/image\\\/\",\"url\":\"https:\\\/\\\/lucaseletro.com.br\\\/wp-content\\\/uploads\\\/2024\\\/08\\\/Logo-WebP.webp\",\"contentUrl\":\"https:\\\/\\\/lucaseletro.com.br\\\/wp-content\\\/uploads\\\/2024\\\/08\\\/Logo-WebP.webp\",\"width\":1366,\"height\":457,\"caption\":\"Lucas Eletro\"},\"image\":{\"@id\":\"https:\\\/\\\/lucaseletro.com.br\\\/#\\\/schema\\\/logo\\\/image\\\/\"},\"sameAs\":[\"https:\\\/\\\/www.facebook.com\\\/lucas.eletro.71\"]}]}<\/script>\n<meta property=\"product:price:amount\" content=\"2599.00\" \/>\n<meta property=\"product:price:currency\" content=\"BRL\" \/>\n<meta property=\"og:availability\" content=\"out of stock\" \/>\n<meta property=\"product:availability\" content=\"out of stock\" \/>\n<meta property=\"product:condition\" content=\"new\" \/>\n<!-- \/ Yoast SEO Premium plugin. -->","yoast_head_json":{"title":"ROUPEIRO VALVERDE ANAPOLIS RIPADO 6 PORTAS CINAMOMO\/OFF WHITE - Lucas Eletro","description":"Guarda Roupa Casal 6 Portas 6 Gavetas 100% Mdf An\u00e1polis Ripado Montagem Inteligente - Valverde: Cinamomo\/Off White","robots":{"index":"index","follow":"follow","max-snippet":"max-snippet:-1","max-image-preview":"max-image-preview:large","max-video-preview":"max-video-preview:-1"},"canonical":"https:\/\/lucaseletro.com.br\/?product=roupeiro-valverde-anapolis-ripado-6-portas-cinamomo-off-white","og_locale":"pt_BR","og_type":"article","og_title":"ROUPEIRO VALVERDE ANAPOLIS RIPADO 6 PORTAS CINAMOMO\/OFF WHITE - &#82;&#36;2.599,00 - Lucas Eletro","og_description":"Principais Informa\u00e7\u00f5es  Guarda Roupa Casal 6 Portas 6 Gavetas 100% Mdf An\u00e1polis Ripado Montagem Inteligente - Valverde: Cina Cinamomo\/Off White   Pesos e Dimens\u00f5es    Altura (cm) 228,8 cm   Largura (cm) 278 cm   Profundidade (cm) 55 cm     Materiais e Acabamentos    Material Principal MDF","og_url":"https:\/\/lucaseletro.com.br\/?product=roupeiro-valverde-anapolis-ripado-6-portas-cinamomo-off-white","og_site_name":"Lucas Eletro","article_publisher":"https:\/\/www.facebook.com\/lucas.eletro.71","article_modified_time":"2025-08-02T21:31:56+00:00","og_image":[{"width":560,"height":560,"url":"https:\/\/lucaseletro.com.br\/wp-content\/uploads\/2024\/07\/c1dc9652f82a079547af950de91d02ec.webp","type":"image\/webp"}],"twitter_card":"summary_large_image","twitter_misc":{"Pre\u00e7o":"&#82;&#36;2.599,00","Disponibilidade":"Fora de estoque"},"schema":{"@context":"https:\/\/schema.org","@graph":[{"@type":"WebPage","@id":"https:\/\/lucaseletro.com.br\/?product=roupeiro-valverde-anapolis-ripado-6-portas-cinamomo-off-white","url":"https:\/\/lucaseletro.com.br\/?product=roupeiro-valverde-anapolis-ripado-6-portas-cinamomo-off-white","name":"ROUPEIRO VALVERDE ANAPOLIS RIPADO 6 PORTAS CINAMOMO\/OFF WHITE - Lucas Eletro","isPartOf":{"@id":"https:\/\/lucaseletro.com.br\/#website"},"primaryImageOfPage":{"@id":"https:\/\/lucaseletro.com.br\/?product=roupeiro-valverde-anapolis-ripado-6-portas-cinamomo-off-white#primaryimage"},"image":{"@id":"https:\/\/lucaseletro.com.br\/?product=roupeiro-valverde-anapolis-ripado-6-portas-cinamomo-off-white#primaryimage"},"thumbnailUrl":"https:\/\/lucaseletro.com.br\/wp-content\/uploads\/2024\/07\/c1dc9652f82a079547af950de91d02ec.webp","datePublished":"2024-07-30T19:51:24+00:00","dateModified":"2025-08-02T21:31:56+00:00","description":"Guarda Roupa Casal 6 Portas 6 Gavetas 100% Mdf An\u00e1polis Ripado Montagem Inteligente - Valverde: Cinamomo\/Off White","breadcrumb":{"@id":"https:\/\/lucaseletro.com.br\/?product=roupeiro-valverde-anapolis-ripado-6-portas-cinamomo-off-white#breadcrumb"},"inLanguage":"pt-BR","potentialAction":[{"@type":"ReadAction","target":["https:\/\/lucaseletro.com.br\/?product=roupeiro-valverde-anapolis-ripado-6-portas-cinamomo-off-white"]}]},{"@type":"ImageObject","inLanguage":"pt-BR","@id":"https:\/\/lucaseletro.com.br\/?product=roupeiro-valverde-anapolis-ripado-6-portas-cinamomo-off-white#primaryimage","url":"https:\/\/lucaseletro.com.br\/wp-content\/uploads\/2024\/07\/c1dc9652f82a079547af950de91d02ec.webp","contentUrl":"https:\/\/lucaseletro.com.br\/wp-content\/uploads\/2024\/07\/c1dc9652f82a079547af950de91d02ec.webp","width":560,"height":560},{"@type":"BreadcrumbList","@id":"https:\/\/lucaseletro.com.br\/?product=roupeiro-valverde-anapolis-ripado-6-portas-cinamomo-off-white#breadcrumb","itemListElement":[{"@type":"ListItem","position":1,"name":"In\u00edcio","item":"https:\/\/lucaseletro.com.br\/"},{"@type":"ListItem","position":2,"name":"Loja","item":"https:\/\/lucaseletro.com.br\/?page_id=11"},{"@type":"ListItem","position":3,"name":"ROUPEIRO VALVERDE ANAPOLIS RIPADO 6 PORTAS CINAMOMO\/OFF WHITE"}]},{"@type":"WebSite","@id":"https:\/\/lucaseletro.com.br\/#website","url":"https:\/\/lucaseletro.com.br\/","name":"Lucas Eletro","description":"Realizando seus sonhos","publisher":{"@id":"https:\/\/lucaseletro.com.br\/#organization"},"alternateName":"Lucas Eletro","potentialAction":[{"@type":"SearchAction","target":{"@type":"EntryPoint","urlTemplate":"https:\/\/lucaseletro.com.br\/?s={search_term_string}"},"query-input":{"@type":"PropertyValueSpecification","valueRequired":true,"valueName":"search_term_string"}}],"inLanguage":"pt-BR"},{"@type":"Organization","@id":"https:\/\/lucaseletro.com.br\/#organization","name":"Lucas Eletro","alternateName":"Lucas Eletro","url":"https:\/\/lucaseletro.com.br\/","logo":{"@type":"ImageObject","inLanguage":"pt-BR","@id":"https:\/\/lucaseletro.com.br\/#\/schema\/logo\/image\/","url":"https:\/\/lucaseletro.com.br\/wp-content\/uploads\/2024\/08\/Logo-WebP.webp","contentUrl":"https:\/\/lucaseletro.com.br\/wp-content\/uploads\/2024\/08\/Logo-WebP.webp","width":1366,"height":457,"caption":"Lucas Eletro"},"image":{"@id":"https:\/\/lucaseletro.com.br\/#\/schema\/logo\/image\/"},"sameAs":["https:\/\/www.facebook.com\/lucas.eletro.71"]}]},"product_price_amount":"2599.00","product_price_currency":"BRL","og_availability":"out of stock","product_availability":"out of stock","product_condition":"new"},"_links":{"self":[{"href":"https:\/\/lucaseletro.com.br\/index.php?rest_route=\/wp\/v2\/product\/623","targetHints":{"allow":["GET"]}}],"collection":[{"href":"https:\/\/lucaseletro.com.br\/index.php?rest_route=\/wp\/v2\/product"}],"about":[{"href":"https:\/\/lucaseletro.com.br\/index.php?rest_route=\/wp\/v2\/types\/product"}],"replies":[{"embeddable":true,"href":"https:\/\/lucaseletro.com.br\/index.php?rest_route=%2Fwp%2Fv2%2Fcomments&post=623"}],"wp:featuredmedia":[{"embeddable":true,"href":"https:\/\/lucaseletro.com.br\/index.php?rest_route=\/wp\/v2\/media\/3874"}],"wp:attachment":[{"href":"https:\/\/lucaseletro.com.br\/index.php?rest_route=%2Fwp%2Fv2%2Fmedia&parent=623"}],"wp:term":[{"taxonomy":"product_brand","embeddable":true,"href":"https:\/\/lucaseletro.com.br\/index.php?rest_route=%2Fwp%2Fv2%2Fproduct_brand&post=623"},{"taxonomy":"product_cat","embeddable":true,"href":"https:\/\/lucaseletro.com.br\/index.php?rest_route=%2Fwp%2Fv2%2Fproduct_cat&post=623"},{"taxonomy":"product_tag","embeddable":true,"href":"https:\/\/lucaseletro.com.br\/index.php?rest_route=%2Fwp%2Fv2%2Fproduct_tag&post=623"}],"curies":[{"name":"wp","href":"https:\/\/api.w.org\/{rel}","templated":true}]}}