{"id":631,"date":"2024-07-30T16:51:24","date_gmt":"2024-07-30T19:51:24","guid":{"rendered":"https:\/\/lucaseletro.com.br\/product\/home-jcm-amparo-candian-cinamomo-off\/"},"modified":"2025-08-02T18:31:08","modified_gmt":"2025-08-02T21:31:08","slug":"home-jcm-amparo-candian-cinamomo-off","status":"publish","type":"product","link":"https:\/\/lucaseletro.com.br\/?product=home-jcm-amparo-candian-cinamomo-off","title":{"rendered":"HOME JCM AMPARO CANDIAN NATURE GRAFITE"},"content":{"rendered":"<div class=\"cav--c-eNhzRw cav--c-eNhzRw-fiXSPN-sm-12\">\n<div class=\"cav--c-lesPJm cav--c-lesPJm-ijxRAPk-css\"><span class=\"cav--c-gNPphv cav--c-dFndkt\">Descri\u00e7\u00e3o<\/span><\/div>\n<div class=\"cav--c-lesPJm cav--c-lesPJm-ijxRAPk-css\"><span class=\"cav--c-gNPphv cav--c-gNPphv-hyvuql-weight-bold\">Home Amparo para at\u00e9 60&#8243; Jcm Movelaria &#8211; Nature\/grafite<\/span><\/div>\n<div class=\"cav--c-lesPJm cav--c-lesPJm-ijxRAPk-css\">\n<div class=\"cav--c-gNPphv cav--c-gNPphv-fekvRC-textStyle-bodyMediumRegular cav--c-gNPphv-igBCBxe-css\">Home Amparo Para At\u00e9 60&#8243; Jcm Movelaria &#8211; Nature\/grafite<br \/>\nHome Amparo Para At\u00e9 60 Polegadas JCM Movelaria Lumin\u00e1ria em Led Painel Ripado Prateleiras em vidro temperado Portas usinadas com dobradi\u00e7as de press\u00e3o Espa\u00e7o :1420mmx1210mm(LxA) Acompanha suporte Medidas do produto Largura:1,82m Altura:1,96m Profundidade:0,40m Garantia \u00e9 de 3 meses para defeitos de fabrica\u00e7\u00e3o Objetos decorativos n\u00f5a acompanham o produto N\u00e3o nos responsabilizamos pela montagem\/instala\u00e7\u00e3o dos produtos As cores dos produtos podem variar de acordo com o seu monitor, a ilumina\u00e7\u00e3o do ambiente em vc est\u00e1 Imagens meramente ilustrativas. Home Amparo Para At\u00e9 60 Polegadas JCM Movelaria Lumin\u00e1ria em Led Painel Ripado Prateleiras em vidro temperado Portas usinadas com dobradi\u00e7as de press\u00e3o Espa\u00e7o :1420mmx1210mm(LxA) Acompanha suporte Medidas do produto Largura:1,82m Altura:1,96m Profundidade:0,40m Garantia \u00e9 de 3 meses para defeitos de fabrica\u00e7\u00e3o Objetos decorativos n\u00f5a acompanham o produto N\u00e3o nos responsabilizamos pela montagem\/instala\u00e7\u00e3o dos produtos As cores dos produtos podem variar de acordo com o seu monitor, a ilumina\u00e7\u00e3o do ambiente em vc est\u00e1 Imagens meramente ilustrativas.<\/div>\n<\/div>\n<\/div>\n<div class=\"cav--c-eNhzRw cav--c-eNhzRw-fiXSPN-sm-12 cav--c-eNhzRw-ilRjaj-lg-6\">\n<div class=\"cav--c-lesPJm\">\n<div class=\"cav--c-lesPJm\">\n<p><span class=\"cav--c-gNPphv cav--c-dFndkt\">Pesos e Dimens\u00f5es<\/span><\/p>\n<table class=\"cav--c-gusfms cav--c-gusfms-gjkaP-striped-odd cav--c-gusfms-cmVlgk-textAlign-left\">\n<tbody class=\"cav--c-dKpJQB\">\n<tr class=\"cav--c-PJLV\">\n<td class=\"cav--c-difWUU\"><span class=\"cav--c-gNPphv cav--c-gNPphv-hyvuql-weight-bold\">Altura (cm)<\/span><\/td>\n<td class=\"cav--c-difWUU\">196 cm<\/td>\n<\/tr>\n<tr class=\"cav--c-PJLV\">\n<td class=\"cav--c-difWUU\"><span class=\"cav--c-gNPphv cav--c-gNPphv-hyvuql-weight-bold\">Largura (cm)<\/span><\/td>\n<td class=\"cav--c-difWUU\">182 cm<\/td>\n<\/tr>\n<tr class=\"cav--c-PJLV\">\n<td class=\"cav--c-difWUU\"><span class=\"cav--c-gNPphv cav--c-gNPphv-hyvuql-weight-bold\">Profundidade (cm)<\/span><\/td>\n<td class=\"cav--c-difWUU\">40 cm<\/td>\n<\/tr>\n<\/tbody>\n<\/table>\n<\/div>\n<div class=\"cav--c-lesPJm\">\n<p><span class=\"cav--c-gNPphv cav--c-dFndkt\">Materiais e Acabamentos<\/span><\/p>\n<table class=\"cav--c-gusfms cav--c-gusfms-gjkaP-striped-odd cav--c-gusfms-cmVlgk-textAlign-left\">\n<tbody class=\"cav--c-dKpJQB\">\n<tr class=\"cav--c-PJLV\">\n<td class=\"cav--c-difWUU\"><span class=\"cav--c-gNPphv cav--c-gNPphv-hyvuql-weight-bold\">Material Principal \u00c1udio V\u00eddeo e Eletr\u00f4nicos<\/span><\/td>\n<td class=\"cav--c-difWUU\">MDF<\/td>\n<\/tr>\n<\/tbody>\n<\/table>\n<\/div>\n<\/div>\n<\/div>\n<div class=\"cav--c-eNhzRw cav--c-eNhzRw-fiXSPN-sm-12 cav--c-eNhzRw-ilRjaj-lg-6\">\n<div class=\"cav--c-lesPJm\">\n<div class=\"cav--c-lesPJm\">\n<p><span class=\"cav--c-gNPphv cav--c-dFndkt\">Caracter\u00edsticas<\/span><\/p>\n<table class=\"cav--c-gusfms cav--c-gusfms-gjkaP-striped-odd cav--c-gusfms-cmVlgk-textAlign-left\">\n<tbody class=\"cav--c-dKpJQB\">\n<tr class=\"cav--c-PJLV\">\n<td class=\"cav--c-difWUU\"><span class=\"cav--c-gNPphv cav--c-gNPphv-hyvuql-weight-bold\">Quantidade de Gavetas<\/span><\/td>\n<td class=\"cav--c-difWUU\">N\u00e3o Possui<\/td>\n<\/tr>\n<tr class=\"cav--c-PJLV\">\n<td class=\"cav--c-difWUU\"><span class=\"cav--c-gNPphv cav--c-gNPphv-hyvuql-weight-bold\">Marca<\/span><\/td>\n<td class=\"cav--c-difWUU\">OUTRAS MARCAS<\/td>\n<\/tr>\n<tr class=\"cav--c-PJLV\">\n<td class=\"cav--c-difWUU\"><span class=\"cav--c-gNPphv cav--c-gNPphv-hyvuql-weight-bold\">Possui Portas<\/span><\/td>\n<td class=\"cav--c-difWUU\">Sim<\/td>\n<\/tr>\n<tr class=\"cav--c-PJLV\">\n<td class=\"cav--c-difWUU\"><span class=\"cav--c-gNPphv cav--c-gNPphv-hyvuql-weight-bold\">Possui Gavetas<\/span><\/td>\n<td class=\"cav--c-difWUU\">N\u00e3o<\/td>\n<\/tr>\n<tr class=\"cav--c-PJLV\">\n<td class=\"cav--c-difWUU\"><span class=\"cav--c-gNPphv cav--c-gNPphv-hyvuql-weight-bold\">Voltagem<\/span><\/td>\n<td class=\"cav--c-difWUU\">N\u00e3o se Aplica<\/td>\n<\/tr>\n<tr class=\"cav--c-PJLV\">\n<td class=\"cav--c-difWUU\"><span class=\"cav--c-gNPphv cav--c-gNPphv-hyvuql-weight-bold\">Cor do Produto<\/span><\/td>\n<td class=\"cav--c-difWUU\">Cinza<\/td>\n<\/tr>\n<tr class=\"cav--c-PJLV\">\n<td class=\"cav--c-difWUU\"><span class=\"cav--c-gNPphv cav--c-gNPphv-hyvuql-weight-bold\">Modelo<\/span><\/td>\n<td class=\"cav--c-difWUU\">JCM MOVELARIA<\/td>\n<\/tr>\n<tr class=\"cav--c-PJLV\">\n<td class=\"cav--c-difWUU\"><span class=\"cav--c-gNPphv cav--c-gNPphv-hyvuql-weight-bold\">Cor Predominante<\/span><\/td>\n<td class=\"cav--c-difWUU\">Natural<\/td>\n<\/tr>\n<\/tbody>\n<\/table>\n<\/div>\n<\/div>\n<\/div>\n","protected":false},"excerpt":{"rendered":"<div class=\"cav--c-eNhzRw cav--c-eNhzRw-fiXSPN-sm-12\">\n<div class=\"cav--c-lesPJm cav--c-lesPJm-ijxRAPk-css\"><span class=\"cav--c-gNPphv cav--c-dFndkt\">Descri\u00e7\u00e3o<\/span><\/div>\n<div class=\"cav--c-lesPJm cav--c-lesPJm-ijxRAPk-css\"><span class=\"cav--c-gNPphv cav--c-gNPphv-hyvuql-weight-bold\">Home Amparo para at\u00e9 60&#8243; Jcm Movelaria &#8211; Nature\/grafite<\/span><\/div>\n<div class=\"cav--c-lesPJm cav--c-lesPJm-ijxRAPk-css\">\n<div class=\"cav--c-gNPphv cav--c-gNPphv-fekvRC-textStyle-bodyMediumRegular cav--c-gNPphv-igBCBxe-css\">Home Amparo Para At\u00e9 60&#8243; Jcm Movelaria &#8211; Nature\/grafite<br \/>\nHome Amparo Para At\u00e9 60 Polegadas JCM Movelaria Lumin\u00e1ria em Led Painel Ripado Prateleiras em vidro temperado Portas usinadas com dobradi\u00e7as de press\u00e3o Espa\u00e7o :1420mmx1210mm(LxA) Acompanha suporte Medidas do produto Largura:1,82m Altura:1,96m Profundidade:0,40m Garantia \u00e9 de 3 meses para defeitos de fabrica\u00e7\u00e3o Objetos decorativos n\u00f5a acompanham o produto N\u00e3o nos responsabilizamos pela montagem\/instala\u00e7\u00e3o dos produtos As cores dos produtos podem variar de acordo com o seu monitor, a ilumina\u00e7\u00e3o do ambiente em vc est\u00e1 Imagens meramente ilustrativas. Home Amparo Para At\u00e9 60 Polegadas JCM Movelaria Lumin\u00e1ria em Led Painel Ripado Prateleiras em vidro temperado Portas usinadas com dobradi\u00e7as de press\u00e3o Espa\u00e7o :1420mmx1210mm(LxA) Acompanha suporte Medidas do produto Largura:1,82m Altura:1,96m Profundidade:0,40m Garantia \u00e9 de 3 meses para defeitos de fabrica\u00e7\u00e3o Objetos decorativos n\u00f5a acompanham o produto N\u00e3o nos responsabilizamos pela montagem\/instala\u00e7\u00e3o dos produtos As cores dos produtos podem variar de acordo com o seu monitor, a ilumina\u00e7\u00e3o do ambiente em vc est\u00e1 Imagens meramente ilustrativas.<\/div>\n<\/div>\n<\/div>\n<div class=\"cav--c-eNhzRw cav--c-eNhzRw-fiXSPN-sm-12 cav--c-eNhzRw-ilRjaj-lg-6\">\n<div class=\"cav--c-lesPJm\">\n<div class=\"cav--c-lesPJm\">\n<p><span class=\"cav--c-gNPphv cav--c-dFndkt\">Pesos e Dimens\u00f5es<\/span><\/p>\n<table class=\"cav--c-gusfms cav--c-gusfms-gjkaP-striped-odd cav--c-gusfms-cmVlgk-textAlign-left\">\n<tbody class=\"cav--c-dKpJQB\">\n<tr class=\"cav--c-PJLV\">\n<td class=\"cav--c-difWUU\"><span class=\"cav--c-gNPphv cav--c-gNPphv-hyvuql-weight-bold\">Altura (cm)<\/span><\/td>\n<td class=\"cav--c-difWUU\">196 cm<\/td>\n<\/tr>\n<tr class=\"cav--c-PJLV\">\n<td class=\"cav--c-difWUU\"><span class=\"cav--c-gNPphv cav--c-gNPphv-hyvuql-weight-bold\">Largura (cm)<\/span><\/td>\n<td class=\"cav--c-difWUU\">182 cm<\/td>\n<\/tr>\n<tr class=\"cav--c-PJLV\">\n<td class=\"cav--c-difWUU\"><span class=\"cav--c-gNPphv cav--c-gNPphv-hyvuql-weight-bold\">Profundidade (cm)<\/span><\/td>\n<td class=\"cav--c-difWUU\">40 cm<\/td>\n<\/tr>\n<\/tbody>\n<\/table>\n<\/div>\n<div class=\"cav--c-lesPJm\">\n<p><span class=\"cav--c-gNPphv cav--c-dFndkt\">Materiais e Acabamentos<\/span><\/p>\n<table class=\"cav--c-gusfms cav--c-gusfms-gjkaP-striped-odd cav--c-gusfms-cmVlgk-textAlign-left\">\n<tbody class=\"cav--c-dKpJQB\">\n<tr class=\"cav--c-PJLV\">\n<td class=\"cav--c-difWUU\"><span class=\"cav--c-gNPphv cav--c-gNPphv-hyvuql-weight-bold\">Material Principal \u00c1udio V\u00eddeo e Eletr\u00f4nicos<\/span><\/td>\n<td class=\"cav--c-difWUU\">MDF<\/td>\n<\/tr>\n<\/tbody>\n<\/table>\n<\/div>\n<\/div>\n<\/div>\n<div class=\"cav--c-eNhzRw cav--c-eNhzRw-fiXSPN-sm-12 cav--c-eNhzRw-ilRjaj-lg-6\">\n<div class=\"cav--c-lesPJm\">\n<div class=\"cav--c-lesPJm\">\n<p><span class=\"cav--c-gNPphv cav--c-dFndkt\">Caracter\u00edsticas<\/span><\/p>\n<table class=\"cav--c-gusfms cav--c-gusfms-gjkaP-striped-odd cav--c-gusfms-cmVlgk-textAlign-left\">\n<tbody class=\"cav--c-dKpJQB\">\n<tr class=\"cav--c-PJLV\">\n<td class=\"cav--c-difWUU\"><span class=\"cav--c-gNPphv cav--c-gNPphv-hyvuql-weight-bold\">Quantidade de Gavetas<\/span><\/td>\n<td class=\"cav--c-difWUU\">N\u00e3o Possui<\/td>\n<\/tr>\n<tr class=\"cav--c-PJLV\">\n<td class=\"cav--c-difWUU\"><span class=\"cav--c-gNPphv cav--c-gNPphv-hyvuql-weight-bold\">Marca<\/span><\/td>\n<td class=\"cav--c-difWUU\">OUTRAS MARCAS<\/td>\n<\/tr>\n<tr class=\"cav--c-PJLV\">\n<td class=\"cav--c-difWUU\"><span class=\"cav--c-gNPphv cav--c-gNPphv-hyvuql-weight-bold\">Possui Portas<\/span><\/td>\n<td class=\"cav--c-difWUU\">Sim<\/td>\n<\/tr>\n<tr class=\"cav--c-PJLV\">\n<td class=\"cav--c-difWUU\"><span class=\"cav--c-gNPphv cav--c-gNPphv-hyvuql-weight-bold\">Possui Gavetas<\/span><\/td>\n<td class=\"cav--c-difWUU\">N\u00e3o<\/td>\n<\/tr>\n<tr class=\"cav--c-PJLV\">\n<td class=\"cav--c-difWUU\"><span class=\"cav--c-gNPphv cav--c-gNPphv-hyvuql-weight-bold\">Voltagem<\/span><\/td>\n<td class=\"cav--c-difWUU\">N\u00e3o se Aplica<\/td>\n<\/tr>\n<tr class=\"cav--c-PJLV\">\n<td class=\"cav--c-difWUU\"><span class=\"cav--c-gNPphv cav--c-gNPphv-hyvuql-weight-bold\">Cor do Produto<\/span><\/td>\n<td class=\"cav--c-difWUU\">Cinza<\/td>\n<\/tr>\n<tr class=\"cav--c-PJLV\">\n<td class=\"cav--c-difWUU\"><span class=\"cav--c-gNPphv cav--c-gNPphv-hyvuql-weight-bold\">Modelo<\/span><\/td>\n<td class=\"cav--c-difWUU\">JCM MOVELARIA<\/td>\n<\/tr>\n<tr class=\"cav--c-PJLV\">\n<td class=\"cav--c-difWUU\"><span class=\"cav--c-gNPphv cav--c-gNPphv-hyvuql-weight-bold\">Cor Predominante<\/span><\/td>\n<td class=\"cav--c-difWUU\">Natural<\/td>\n<\/tr>\n<\/tbody>\n<\/table>\n<\/div>\n<\/div>\n<\/div>\n","protected":false},"featured_media":3979,"comment_status":"open","ping_status":"closed","template":"","meta":[],"product_brand":[],"product_cat":[83,85],"product_tag":[],"class_list":{"0":"post-631","1":"product","2":"type-product","3":"status-publish","4":"has-post-thumbnail","6":"product_cat-decoracao","7":"product_cat-salas","9":"first","10":"instock","11":"shipping-taxable","12":"purchasable","13":"product-type-simple"},"yoast_head":"<!-- This site is optimized with the Yoast SEO Premium plugin v23.3 (Yoast SEO v27.4) - https:\/\/yoast.com\/product\/yoast-seo-premium-wordpress\/ -->\n<title>HOME JCM AMPARO CANDIAN NATURE GRAFITE - Lucas Eletro<\/title>\n<meta name=\"description\" content=\"HOME JCM AMPARO CANDIAN NATURE GRAFITE\" \/>\n<meta name=\"robots\" content=\"index, follow, max-snippet:-1, max-image-preview:large, max-video-preview:-1\" \/>\n<link rel=\"canonical\" href=\"https:\/\/lucaseletro.com.br\/?product=home-jcm-amparo-candian-cinamomo-off\" \/>\n<meta property=\"og:locale\" content=\"pt_BR\" \/>\n<meta property=\"og:type\" content=\"article\" \/>\n<meta property=\"og:title\" content=\"HOME JCM AMPARO CANDIAN NATURE GRAFITE - &#082;&#036;1.349,00 - Lucas Eletro\" \/>\n<meta property=\"og:description\" content=\"Descri\u00e7\u00e3o Home Amparo para at\u00e9 60&quot; Jcm Movelaria - Nature\/grafite  Home Amparo Para At\u00e9 60&quot; Jcm Movelaria - Nature\/grafite Home Amparo Para At\u00e9 60 Polegadas JCM Movelaria Lumin\u00e1ria em Led Painel Ripado Prateleiras em vidro temperado Portas usinadas com dobradi\u00e7as de press\u00e3o Espa\u00e7o :1420mmx1210mm(LxA) Acompanha suporte Medidas do produto Largura:1,82m Altura:1,96m Profundidade:0,40m Garantia \u00e9 de 3 meses para defeitos de fabrica\u00e7\u00e3o Objetos decorativos n\u00f5a acompanham o produto N\u00e3o nos responsabilizamos pela montagem\/instala\u00e7\u00e3o dos produtos As cores dos produtos podem variar de acordo com o seu monitor, a ilumina\u00e7\u00e3o do ambiente em vc est\u00e1 Imagens meramente ilustrativas. Home Amparo Para At\u00e9 60 Polegadas JCM Movelaria Lumin\u00e1ria em Led Painel Ripado Prateleiras em vidro temperado Portas usinadas com dobradi\u00e7as de press\u00e3o Espa\u00e7o :1420mmx1210mm(LxA) Acompanha suporte Medidas do produto Largura:1,82m Altura:1,96m Profundidade:0,40m Garantia \u00e9 de 3 meses para defeitos de fabrica\u00e7\u00e3o Objetos decorativos n\u00f5a acompanham o produto N\u00e3o nos responsabilizamos pela montagem\/instala\u00e7\u00e3o dos produtos As cores dos produtos podem variar de acordo com o seu monitor, a ilumina\u00e7\u00e3o do ambiente em vc est\u00e1 Imagens meramente ilustrativas.       Pesos e Dimens\u00f5es    Altura (cm) 196 cm   Largura (cm) 182 cm   Profundidade (cm) 40 cm       Materiais e Acabamentos    Material Principal \u00c1udio V\u00eddeo e Eletr\u00f4nicos MDF           Caracter\u00edsticas    Quantidade de Gavetas N\u00e3o Possui   Marca OUTRAS MARCAS   Possui Portas Sim   Possui Gavetas N\u00e3o   Voltagem N\u00e3o se Aplica   Cor do Produto Cinza   Modelo JCM MOVELARIA   Cor Predominante Natural\" \/>\n<meta property=\"og:url\" content=\"https:\/\/lucaseletro.com.br\/?product=home-jcm-amparo-candian-cinamomo-off\" \/>\n<meta property=\"og:site_name\" content=\"Lucas Eletro\" \/>\n<meta property=\"article:publisher\" content=\"https:\/\/www.facebook.com\/lucas.eletro.71\" \/>\n<meta property=\"article:modified_time\" content=\"2025-08-02T21:31:08+00:00\" \/>\n<meta property=\"og:image\" content=\"https:\/\/lucaseletro.com.br\/wp-content\/uploads\/2024\/07\/10ec7efb-8a75-4088-ac01-bf0c734d962fnaturegrafite7899727416934.webp\" \/>\n\t<meta property=\"og:image:width\" content=\"700\" \/>\n\t<meta property=\"og:image:height\" content=\"700\" \/>\n\t<meta property=\"og:image:type\" content=\"image\/webp\" \/>\n<meta name=\"twitter:card\" content=\"summary_large_image\" \/>\n<meta name=\"twitter:label1\" content=\"Pre\u00e7o\" \/>\n\t<meta name=\"twitter:data1\" content=\"&#082;&#036;1.349,00\" \/>\n\t<meta name=\"twitter:label2\" content=\"Disponibilidade\" \/>\n\t<meta name=\"twitter:data2\" content=\"Em Estoque\" \/>\n<script type=\"application\/ld+json\" class=\"yoast-schema-graph\">{\"@context\":\"https:\\\/\\\/schema.org\",\"@graph\":[{\"@type\":\"WebPage\",\"@id\":\"https:\\\/\\\/lucaseletro.com.br\\\/?product=home-jcm-amparo-candian-cinamomo-off\",\"url\":\"https:\\\/\\\/lucaseletro.com.br\\\/?product=home-jcm-amparo-candian-cinamomo-off\",\"name\":\"HOME JCM AMPARO CANDIAN NATURE GRAFITE - Lucas Eletro\",\"isPartOf\":{\"@id\":\"https:\\\/\\\/lucaseletro.com.br\\\/#website\"},\"primaryImageOfPage\":{\"@id\":\"https:\\\/\\\/lucaseletro.com.br\\\/?product=home-jcm-amparo-candian-cinamomo-off#primaryimage\"},\"image\":{\"@id\":\"https:\\\/\\\/lucaseletro.com.br\\\/?product=home-jcm-amparo-candian-cinamomo-off#primaryimage\"},\"thumbnailUrl\":\"https:\\\/\\\/lucaseletro.com.br\\\/wp-content\\\/uploads\\\/2024\\\/07\\\/10ec7efb-8a75-4088-ac01-bf0c734d962fnaturegrafite7899727416934.webp\",\"datePublished\":\"2024-07-30T19:51:24+00:00\",\"dateModified\":\"2025-08-02T21:31:08+00:00\",\"description\":\"HOME JCM AMPARO CANDIAN NATURE GRAFITE\",\"breadcrumb\":{\"@id\":\"https:\\\/\\\/lucaseletro.com.br\\\/?product=home-jcm-amparo-candian-cinamomo-off#breadcrumb\"},\"inLanguage\":\"pt-BR\",\"potentialAction\":[{\"@type\":\"ReadAction\",\"target\":[\"https:\\\/\\\/lucaseletro.com.br\\\/?product=home-jcm-amparo-candian-cinamomo-off\"]}]},{\"@type\":\"ImageObject\",\"inLanguage\":\"pt-BR\",\"@id\":\"https:\\\/\\\/lucaseletro.com.br\\\/?product=home-jcm-amparo-candian-cinamomo-off#primaryimage\",\"url\":\"https:\\\/\\\/lucaseletro.com.br\\\/wp-content\\\/uploads\\\/2024\\\/07\\\/10ec7efb-8a75-4088-ac01-bf0c734d962fnaturegrafite7899727416934.webp\",\"contentUrl\":\"https:\\\/\\\/lucaseletro.com.br\\\/wp-content\\\/uploads\\\/2024\\\/07\\\/10ec7efb-8a75-4088-ac01-bf0c734d962fnaturegrafite7899727416934.webp\",\"width\":700,\"height\":700},{\"@type\":\"BreadcrumbList\",\"@id\":\"https:\\\/\\\/lucaseletro.com.br\\\/?product=home-jcm-amparo-candian-cinamomo-off#breadcrumb\",\"itemListElement\":[{\"@type\":\"ListItem\",\"position\":1,\"name\":\"In\u00edcio\",\"item\":\"https:\\\/\\\/lucaseletro.com.br\\\/\"},{\"@type\":\"ListItem\",\"position\":2,\"name\":\"Loja\",\"item\":\"https:\\\/\\\/lucaseletro.com.br\\\/?page_id=11\"},{\"@type\":\"ListItem\",\"position\":3,\"name\":\"HOME JCM AMPARO CANDIAN NATURE GRAFITE\"}]},{\"@type\":\"WebSite\",\"@id\":\"https:\\\/\\\/lucaseletro.com.br\\\/#website\",\"url\":\"https:\\\/\\\/lucaseletro.com.br\\\/\",\"name\":\"Lucas Eletro\",\"description\":\"Realizando seus sonhos\",\"publisher\":{\"@id\":\"https:\\\/\\\/lucaseletro.com.br\\\/#organization\"},\"alternateName\":\"Lucas Eletro\",\"potentialAction\":[{\"@type\":\"SearchAction\",\"target\":{\"@type\":\"EntryPoint\",\"urlTemplate\":\"https:\\\/\\\/lucaseletro.com.br\\\/?s={search_term_string}\"},\"query-input\":{\"@type\":\"PropertyValueSpecification\",\"valueRequired\":true,\"valueName\":\"search_term_string\"}}],\"inLanguage\":\"pt-BR\"},{\"@type\":\"Organization\",\"@id\":\"https:\\\/\\\/lucaseletro.com.br\\\/#organization\",\"name\":\"Lucas Eletro\",\"alternateName\":\"Lucas Eletro\",\"url\":\"https:\\\/\\\/lucaseletro.com.br\\\/\",\"logo\":{\"@type\":\"ImageObject\",\"inLanguage\":\"pt-BR\",\"@id\":\"https:\\\/\\\/lucaseletro.com.br\\\/#\\\/schema\\\/logo\\\/image\\\/\",\"url\":\"https:\\\/\\\/lucaseletro.com.br\\\/wp-content\\\/uploads\\\/2024\\\/08\\\/Logo-WebP.webp\",\"contentUrl\":\"https:\\\/\\\/lucaseletro.com.br\\\/wp-content\\\/uploads\\\/2024\\\/08\\\/Logo-WebP.webp\",\"width\":1366,\"height\":457,\"caption\":\"Lucas Eletro\"},\"image\":{\"@id\":\"https:\\\/\\\/lucaseletro.com.br\\\/#\\\/schema\\\/logo\\\/image\\\/\"},\"sameAs\":[\"https:\\\/\\\/www.facebook.com\\\/lucas.eletro.71\"]}]}<\/script>\n<meta property=\"product:price:amount\" content=\"1349.00\" \/>\n<meta property=\"product:price:currency\" content=\"BRL\" \/>\n<meta property=\"og:availability\" content=\"instock\" \/>\n<meta property=\"product:availability\" content=\"instock\" \/>\n<meta property=\"product:condition\" content=\"new\" \/>\n<!-- \/ Yoast SEO Premium plugin. -->","yoast_head_json":{"title":"HOME JCM AMPARO CANDIAN NATURE GRAFITE - Lucas Eletro","description":"HOME JCM AMPARO CANDIAN NATURE GRAFITE","robots":{"index":"index","follow":"follow","max-snippet":"max-snippet:-1","max-image-preview":"max-image-preview:large","max-video-preview":"max-video-preview:-1"},"canonical":"https:\/\/lucaseletro.com.br\/?product=home-jcm-amparo-candian-cinamomo-off","og_locale":"pt_BR","og_type":"article","og_title":"HOME JCM AMPARO CANDIAN NATURE GRAFITE - &#82;&#36;1.349,00 - Lucas Eletro","og_description":"Descri\u00e7\u00e3o Home Amparo para at\u00e9 60\" Jcm Movelaria - Nature\/grafite  Home Amparo Para At\u00e9 60\" Jcm Movelaria - Nature\/grafite Home Amparo Para At\u00e9 60 Polegadas JCM Movelaria Lumin\u00e1ria em Led Painel Ripado Prateleiras em vidro temperado Portas usinadas com dobradi\u00e7as de press\u00e3o Espa\u00e7o :1420mmx1210mm(LxA) Acompanha suporte Medidas do produto Largura:1,82m Altura:1,96m Profundidade:0,40m Garantia \u00e9 de 3 meses para defeitos de fabrica\u00e7\u00e3o Objetos decorativos n\u00f5a acompanham o produto N\u00e3o nos responsabilizamos pela montagem\/instala\u00e7\u00e3o dos produtos As cores dos produtos podem variar de acordo com o seu monitor, a ilumina\u00e7\u00e3o do ambiente em vc est\u00e1 Imagens meramente ilustrativas. Home Amparo Para At\u00e9 60 Polegadas JCM Movelaria Lumin\u00e1ria em Led Painel Ripado Prateleiras em vidro temperado Portas usinadas com dobradi\u00e7as de press\u00e3o Espa\u00e7o :1420mmx1210mm(LxA) Acompanha suporte Medidas do produto Largura:1,82m Altura:1,96m Profundidade:0,40m Garantia \u00e9 de 3 meses para defeitos de fabrica\u00e7\u00e3o Objetos decorativos n\u00f5a acompanham o produto N\u00e3o nos responsabilizamos pela montagem\/instala\u00e7\u00e3o dos produtos As cores dos produtos podem variar de acordo com o seu monitor, a ilumina\u00e7\u00e3o do ambiente em vc est\u00e1 Imagens meramente ilustrativas.       Pesos e Dimens\u00f5es    Altura (cm) 196 cm   Largura (cm) 182 cm   Profundidade (cm) 40 cm       Materiais e Acabamentos    Material Principal \u00c1udio V\u00eddeo e Eletr\u00f4nicos MDF           Caracter\u00edsticas    Quantidade de Gavetas N\u00e3o Possui   Marca OUTRAS MARCAS   Possui Portas Sim   Possui Gavetas N\u00e3o   Voltagem N\u00e3o se Aplica   Cor do Produto Cinza   Modelo JCM MOVELARIA   Cor Predominante Natural","og_url":"https:\/\/lucaseletro.com.br\/?product=home-jcm-amparo-candian-cinamomo-off","og_site_name":"Lucas Eletro","article_publisher":"https:\/\/www.facebook.com\/lucas.eletro.71","article_modified_time":"2025-08-02T21:31:08+00:00","og_image":[{"width":700,"height":700,"url":"https:\/\/lucaseletro.com.br\/wp-content\/uploads\/2024\/07\/10ec7efb-8a75-4088-ac01-bf0c734d962fnaturegrafite7899727416934.webp","type":"image\/webp"}],"twitter_card":"summary_large_image","twitter_misc":{"Pre\u00e7o":"&#82;&#36;1.349,00","Disponibilidade":"Em Estoque"},"schema":{"@context":"https:\/\/schema.org","@graph":[{"@type":"WebPage","@id":"https:\/\/lucaseletro.com.br\/?product=home-jcm-amparo-candian-cinamomo-off","url":"https:\/\/lucaseletro.com.br\/?product=home-jcm-amparo-candian-cinamomo-off","name":"HOME JCM AMPARO CANDIAN NATURE GRAFITE - Lucas Eletro","isPartOf":{"@id":"https:\/\/lucaseletro.com.br\/#website"},"primaryImageOfPage":{"@id":"https:\/\/lucaseletro.com.br\/?product=home-jcm-amparo-candian-cinamomo-off#primaryimage"},"image":{"@id":"https:\/\/lucaseletro.com.br\/?product=home-jcm-amparo-candian-cinamomo-off#primaryimage"},"thumbnailUrl":"https:\/\/lucaseletro.com.br\/wp-content\/uploads\/2024\/07\/10ec7efb-8a75-4088-ac01-bf0c734d962fnaturegrafite7899727416934.webp","datePublished":"2024-07-30T19:51:24+00:00","dateModified":"2025-08-02T21:31:08+00:00","description":"HOME JCM AMPARO CANDIAN NATURE GRAFITE","breadcrumb":{"@id":"https:\/\/lucaseletro.com.br\/?product=home-jcm-amparo-candian-cinamomo-off#breadcrumb"},"inLanguage":"pt-BR","potentialAction":[{"@type":"ReadAction","target":["https:\/\/lucaseletro.com.br\/?product=home-jcm-amparo-candian-cinamomo-off"]}]},{"@type":"ImageObject","inLanguage":"pt-BR","@id":"https:\/\/lucaseletro.com.br\/?product=home-jcm-amparo-candian-cinamomo-off#primaryimage","url":"https:\/\/lucaseletro.com.br\/wp-content\/uploads\/2024\/07\/10ec7efb-8a75-4088-ac01-bf0c734d962fnaturegrafite7899727416934.webp","contentUrl":"https:\/\/lucaseletro.com.br\/wp-content\/uploads\/2024\/07\/10ec7efb-8a75-4088-ac01-bf0c734d962fnaturegrafite7899727416934.webp","width":700,"height":700},{"@type":"BreadcrumbList","@id":"https:\/\/lucaseletro.com.br\/?product=home-jcm-amparo-candian-cinamomo-off#breadcrumb","itemListElement":[{"@type":"ListItem","position":1,"name":"In\u00edcio","item":"https:\/\/lucaseletro.com.br\/"},{"@type":"ListItem","position":2,"name":"Loja","item":"https:\/\/lucaseletro.com.br\/?page_id=11"},{"@type":"ListItem","position":3,"name":"HOME JCM AMPARO CANDIAN NATURE GRAFITE"}]},{"@type":"WebSite","@id":"https:\/\/lucaseletro.com.br\/#website","url":"https:\/\/lucaseletro.com.br\/","name":"Lucas Eletro","description":"Realizando seus sonhos","publisher":{"@id":"https:\/\/lucaseletro.com.br\/#organization"},"alternateName":"Lucas Eletro","potentialAction":[{"@type":"SearchAction","target":{"@type":"EntryPoint","urlTemplate":"https:\/\/lucaseletro.com.br\/?s={search_term_string}"},"query-input":{"@type":"PropertyValueSpecification","valueRequired":true,"valueName":"search_term_string"}}],"inLanguage":"pt-BR"},{"@type":"Organization","@id":"https:\/\/lucaseletro.com.br\/#organization","name":"Lucas Eletro","alternateName":"Lucas Eletro","url":"https:\/\/lucaseletro.com.br\/","logo":{"@type":"ImageObject","inLanguage":"pt-BR","@id":"https:\/\/lucaseletro.com.br\/#\/schema\/logo\/image\/","url":"https:\/\/lucaseletro.com.br\/wp-content\/uploads\/2024\/08\/Logo-WebP.webp","contentUrl":"https:\/\/lucaseletro.com.br\/wp-content\/uploads\/2024\/08\/Logo-WebP.webp","width":1366,"height":457,"caption":"Lucas Eletro"},"image":{"@id":"https:\/\/lucaseletro.com.br\/#\/schema\/logo\/image\/"},"sameAs":["https:\/\/www.facebook.com\/lucas.eletro.71"]}]},"product_price_amount":"1349.00","product_price_currency":"BRL","og_availability":"instock","product_availability":"instock","product_condition":"new"},"_links":{"self":[{"href":"https:\/\/lucaseletro.com.br\/index.php?rest_route=\/wp\/v2\/product\/631","targetHints":{"allow":["GET"]}}],"collection":[{"href":"https:\/\/lucaseletro.com.br\/index.php?rest_route=\/wp\/v2\/product"}],"about":[{"href":"https:\/\/lucaseletro.com.br\/index.php?rest_route=\/wp\/v2\/types\/product"}],"replies":[{"embeddable":true,"href":"https:\/\/lucaseletro.com.br\/index.php?rest_route=%2Fwp%2Fv2%2Fcomments&post=631"}],"wp:featuredmedia":[{"embeddable":true,"href":"https:\/\/lucaseletro.com.br\/index.php?rest_route=\/wp\/v2\/media\/3979"}],"wp:attachment":[{"href":"https:\/\/lucaseletro.com.br\/index.php?rest_route=%2Fwp%2Fv2%2Fmedia&parent=631"}],"wp:term":[{"taxonomy":"product_brand","embeddable":true,"href":"https:\/\/lucaseletro.com.br\/index.php?rest_route=%2Fwp%2Fv2%2Fproduct_brand&post=631"},{"taxonomy":"product_cat","embeddable":true,"href":"https:\/\/lucaseletro.com.br\/index.php?rest_route=%2Fwp%2Fv2%2Fproduct_cat&post=631"},{"taxonomy":"product_tag","embeddable":true,"href":"https:\/\/lucaseletro.com.br\/index.php?rest_route=%2Fwp%2Fv2%2Fproduct_tag&post=631"}],"curies":[{"name":"wp","href":"https:\/\/api.w.org\/{rel}","templated":true}]}}