{"id":662,"date":"2024-07-30T16:51:28","date_gmt":"2024-07-30T19:51:28","guid":{"rendered":"https:\/\/lucaseletro.com.br\/product\/roupeiro-zanzini-maximus-plus-branco-absoluto-4p-4g\/"},"modified":"2025-08-19T10:06:21","modified_gmt":"2025-08-19T13:06:21","slug":"roupeiro-zanzini-maximus-plus-branco-absoluto-4p-4g","status":"publish","type":"product","link":"https:\/\/lucaseletro.com.br\/?product=roupeiro-zanzini-maximus-plus-branco-absoluto-4p-4g","title":{"rendered":"ROUPEIRO ZANZINI MAXIMUS PLUS BRANCO ABSOLUTO 4P 4G"},"content":{"rendered":"<div class=\"sc-iGgWBj hZQAA-D sc-ffNNoV fQykGN\" data-testid=\"product-detail\">\n<h2 class=\"sc-dcJsrY iVJGKX\" data-testid=\"product-detail-label\">Informa\u00e7\u00f5es do Produto<\/h2>\n<p><span class=\"sc-dcJsrY jZKEso\" data-testid=\"product-detail-title\">Guarda Roupa Solteiro Maximus Plus 4 Portas Branco Zanzini<\/span><\/p>\n<div class=\"sc-iGgWBj jEOEJZ sc-ddrdZi byFCyB\" data-testid=\"product-detail-description\">\n<div class=\"sc-iGgWBj eWtIHQ sc-kcgnCw gPNwvu\" data-testid=\"rich-content-container\">\n<p>Guarda Roupa Solteiro Maximus Plus 4 Portas Branco\u00a0\u2013 Zanzini<\/p>\n<p>O Guarda Roupa com praticidade e qualidade voc\u00ea encontra aqui. Apresentamos o da linha Maximus com 4 portas e 4 gavetas externas que foi desenvolvido pela Zanzini com amplo espa\u00e7o e divis\u00f5es para lhe auxiliar na hora da organiza\u00e7\u00e3o. E com materiais de alto padr\u00e3o oferecendo resist\u00eancia e durabilidade ao m\u00f3vel. Seu design diferenciado e moderno oferece ao ambiente sofistica\u00e7\u00e3o e eleg\u00e2ncia. N\u00e3o perca tempo e garanta j\u00e1 o seu!<\/p>\n<p>Caracter\u00edsticas T\u00e9cnicas:<\/p>\n<p>&#8211; Produzido em MDP<br \/>\n&#8211; Pintura na cor Branco<br \/>\n&#8211; Acabamento em U.V semi fosco<br \/>\n&#8211; 4 Portas<br \/>\n&#8211; Dobradi\u00e7as met\u00e1licas 26 mm<br \/>\n&#8211; 4 Gavetas com corredi\u00e7as telesc\u00f3picas<br \/>\n&#8211; 1 Gaveta com chave<br \/>\n&#8211; Puxadores de MDF<br \/>\n&#8211; Cabideiro met\u00e1lico<br \/>\n&#8211; 3 Divis\u00f3rias com amplo espa\u00e7o<br \/>\n&#8211; Lindo design<\/p>\n<p>Dimens\u00f5es:<br \/>\nAltura: 230 cm<br \/>\nLargura: 153 cm<br \/>\nProfundidade: 46 cm<\/p>\n<p>* Aten\u00e7\u00e3o: N\u00e3o realizamos a montagem ou instala\u00e7\u00e3o do produto, por\u00e9m acompanha manual de instru\u00e7\u00f5es.<\/p>\n<p>* Importante: Imprescind\u00edvel a confer\u00eancia no ato da entrega. Em caso de anormalidade, recuse<\/p>\n<\/div>\n<\/div>\n<\/div>\n<div class=\"sc-iGgWBj eWtIHQ\" data-testid=\"lazyload-container\">\n<div class=\"sc-bpUBKd iMekvN\" data-testid=\"mod-p\"><\/div>\n<\/div>\n<div class=\"sc-iGgWBj hODtov sc-lkkHPy ccsMKd\">\n<table class=\"sc-iGgWBj iCEidV sc-bStcSt emFJXX\">\n<tbody>\n<tr>\n<td class=\"sc-iaJaUu jUTMlm\">Informa\u00e7\u00f5es complementares<\/td>\n<td class=\"sc-feoqov jEebvX\">\n<table class=\"sc-dOoqMo iwSfwR\">\n<tbody>\n<tr>\n<td class=\"sc-gVJvzJ gJVWHr\">Acabamento<\/td>\n<td>U.V semi fosco<\/td>\n<\/tr>\n<tr>\n<td class=\"sc-gVJvzJ gJVWHr\">Componentes do M\u00f3vel<\/td>\n<td>Cabideiro met\u00e1lico, Dobradi\u00e7as met\u00e1licas 26 mm, Corredi\u00e7as telesc\u00f3picas, Puxadores de MDF<\/td>\n<\/tr>\n<tr>\n<td class=\"sc-gVJvzJ gJVWHr\">Cor<\/td>\n<td>Branco<\/td>\n<\/tr>\n<tr>\n<td class=\"sc-gVJvzJ gJVWHr\">Dimens\u00f5es do Produto<\/td>\n<td>Altura: 230 cm Largura: 153 cm Profundidade: 46 cm<\/td>\n<\/tr>\n<tr>\n<td class=\"sc-gVJvzJ gJVWHr\">Estilo do M\u00f3vel<\/td>\n<td>Moderno<\/td>\n<\/tr>\n<tr>\n<td class=\"sc-gVJvzJ gJVWHr\">Gavetas<\/td>\n<td>4 gavetas externas<\/td>\n<\/tr>\n<tr>\n<td class=\"sc-gVJvzJ gJVWHr\">Linha<\/td>\n<td>Maximus<\/td>\n<\/tr>\n<tr>\n<td class=\"sc-gVJvzJ gJVWHr\">Marca<\/td>\n<td><a class=\"sc-JrDLc gkEUmz sc-DWsrX gaOyIa sc-DWsrX gaOyIa\" href=\"https:\/\/www.magazineluiza.com.br\/marcas\/zanzini-moveis\/\" data-testid=\"link\">Zanzini<\/a><\/td>\n<\/tr>\n<tr>\n<td class=\"sc-gVJvzJ gJVWHr\">Material da Estrutura<\/td>\n<td>MDP<\/td>\n<\/tr>\n<tr>\n<td class=\"sc-gVJvzJ gJVWHr\">Material dos Componentes do M\u00f3vel<\/td>\n<td>MDF<\/td>\n<\/tr>\n<tr>\n<td class=\"sc-gVJvzJ gJVWHr\">Modelo<\/td>\n<td>Maximus Plus<\/td>\n<\/tr>\n<tr>\n<td class=\"sc-gVJvzJ gJVWHr\">Quantidade de Gavetas<\/td>\n<td>4<\/td>\n<\/tr>\n<tr>\n<td class=\"sc-gVJvzJ gJVWHr\">Quantidade de Nichos<\/td>\n<td>3<\/td>\n<\/tr>\n<tr>\n<td class=\"sc-gVJvzJ gJVWHr\">Quantidade de Portas<\/td>\n<td>4 Portas<\/td>\n<\/tr>\n<tr>\n<td class=\"sc-gVJvzJ gJVWHr\">Tamanho do M\u00f3vel<\/td>\n<td>Solteiro<\/td>\n<\/tr>\n<tr>\n<td class=\"sc-gVJvzJ gJVWHr\">Tipo de M\u00f3vel<\/td>\n<td>Guarda Roupa<\/td>\n<\/tr>\n<\/tbody>\n<\/table>\n<\/td>\n<\/tr>\n<\/tbody>\n<\/table>\n<\/div>\n","protected":false},"excerpt":{"rendered":"<div class=\"sc-iGgWBj hZQAA-D sc-ffNNoV fQykGN\" data-testid=\"product-detail\">\n<h2 class=\"sc-dcJsrY iVJGKX\" data-testid=\"product-detail-label\">Informa\u00e7\u00f5es do Produto<\/h2>\n<p><span class=\"sc-dcJsrY jZKEso\" data-testid=\"product-detail-title\">Guarda Roupa Solteiro Maximus Plus 4 Portas Branco Zanzini<\/span><\/p>\n<div class=\"sc-iGgWBj jEOEJZ sc-ddrdZi byFCyB\" data-testid=\"product-detail-description\">\n<div class=\"sc-iGgWBj eWtIHQ sc-kcgnCw gPNwvu\" data-testid=\"rich-content-container\">\n<p>Guarda Roupa Solteiro Maximus Plus 4 Portas Branco\u00a0\u2013 Zanzini<\/p>\n<p>O Guarda Roupa com praticidade e qualidade voc\u00ea encontra aqui. Apresentamos o da linha Maximus com 4 portas e 4 gavetas externas que foi desenvolvido pela Zanzini com amplo espa\u00e7o e divis\u00f5es para lhe auxiliar na hora da organiza\u00e7\u00e3o. E com materiais de alto padr\u00e3o oferecendo resist\u00eancia e durabilidade ao m\u00f3vel. Seu design diferenciado e moderno oferece ao ambiente sofistica\u00e7\u00e3o e eleg\u00e2ncia. N\u00e3o perca tempo e garanta j\u00e1 o seu!<\/p>\n<p>Caracter\u00edsticas T\u00e9cnicas:<\/p>\n<p>&#8211; Produzido em MDP<br \/>\n&#8211; Pintura na cor Branco<br \/>\n&#8211; Acabamento em U.V semi fosco<br \/>\n&#8211; 4 Portas<br \/>\n&#8211; Dobradi\u00e7as met\u00e1licas 26 mm<br \/>\n&#8211; 4 Gavetas com corredi\u00e7as telesc\u00f3picas<br \/>\n&#8211; 1 Gaveta com chave<br \/>\n&#8211; Puxadores de MDF<br \/>\n&#8211; Cabideiro met\u00e1lico<br \/>\n&#8211; 3 Divis\u00f3rias com amplo espa\u00e7o<br \/>\n&#8211; Lindo design<\/p>\n<p>Dimens\u00f5es:<br \/>\nAltura: 230 cm<br \/>\nLargura: 153 cm<br \/>\nProfundidade: 46 cm<\/p>\n<p>* Aten\u00e7\u00e3o: N\u00e3o realizamos a montagem ou instala\u00e7\u00e3o do produto, por\u00e9m acompanha manual de instru\u00e7\u00f5es.<\/p>\n<p>* Importante: Imprescind\u00edvel a confer\u00eancia no ato da entrega. Em caso de anormalidade, recuse<\/p>\n<\/div>\n<\/div>\n<\/div>\n<div class=\"sc-iGgWBj eWtIHQ\" data-testid=\"lazyload-container\">\n<div class=\"sc-bpUBKd iMekvN\" data-testid=\"mod-p\"><\/div>\n<\/div>\n<div class=\"sc-iGgWBj hODtov sc-lkkHPy ccsMKd\">\n<table class=\"sc-iGgWBj iCEidV sc-bStcSt emFJXX\">\n<tbody>\n<tr>\n<td class=\"sc-iaJaUu jUTMlm\">Informa\u00e7\u00f5es complementares<\/td>\n<td class=\"sc-feoqov jEebvX\">\n<table class=\"sc-dOoqMo iwSfwR\">\n<tbody>\n<tr>\n<td class=\"sc-gVJvzJ gJVWHr\">Acabamento<\/td>\n<td>U.V semi fosco<\/td>\n<\/tr>\n<tr>\n<td class=\"sc-gVJvzJ gJVWHr\">Componentes do M\u00f3vel<\/td>\n<td>Cabideiro met\u00e1lico, Dobradi\u00e7as met\u00e1licas 26 mm, Corredi\u00e7as telesc\u00f3picas, Puxadores de MDF<\/td>\n<\/tr>\n<tr>\n<td class=\"sc-gVJvzJ gJVWHr\">Cor<\/td>\n<td>Branco<\/td>\n<\/tr>\n<tr>\n<td class=\"sc-gVJvzJ gJVWHr\">Dimens\u00f5es do Produto<\/td>\n<td>Altura: 230 cm Largura: 153 cm Profundidade: 46 cm<\/td>\n<\/tr>\n<tr>\n<td class=\"sc-gVJvzJ gJVWHr\">Estilo do M\u00f3vel<\/td>\n<td>Moderno<\/td>\n<\/tr>\n<tr>\n<td class=\"sc-gVJvzJ gJVWHr\">Gavetas<\/td>\n<td>4 gavetas externas<\/td>\n<\/tr>\n<tr>\n<td class=\"sc-gVJvzJ gJVWHr\">Linha<\/td>\n<td>Maximus<\/td>\n<\/tr>\n<tr>\n<td class=\"sc-gVJvzJ gJVWHr\">Marca<\/td>\n<td><a class=\"sc-JrDLc gkEUmz sc-DWsrX gaOyIa sc-DWsrX gaOyIa\" href=\"https:\/\/www.magazineluiza.com.br\/marcas\/zanzini-moveis\/\" data-testid=\"link\">Zanzini<\/a><\/td>\n<\/tr>\n<tr>\n<td class=\"sc-gVJvzJ gJVWHr\">Material da Estrutura<\/td>\n<td>MDP<\/td>\n<\/tr>\n<tr>\n<td class=\"sc-gVJvzJ gJVWHr\">Material dos Componentes do M\u00f3vel<\/td>\n<td>MDF<\/td>\n<\/tr>\n<tr>\n<td class=\"sc-gVJvzJ gJVWHr\">Modelo<\/td>\n<td>Maximus Plus<\/td>\n<\/tr>\n<tr>\n<td class=\"sc-gVJvzJ gJVWHr\">Quantidade de Gavetas<\/td>\n<td>4<\/td>\n<\/tr>\n<tr>\n<td class=\"sc-gVJvzJ gJVWHr\">Quantidade de Nichos<\/td>\n<td>3<\/td>\n<\/tr>\n<tr>\n<td class=\"sc-gVJvzJ gJVWHr\">Quantidade de Portas<\/td>\n<td>4 Portas<\/td>\n<\/tr>\n<tr>\n<td class=\"sc-gVJvzJ gJVWHr\">Tamanho do M\u00f3vel<\/td>\n<td>Solteiro<\/td>\n<\/tr>\n<tr>\n<td class=\"sc-gVJvzJ gJVWHr\">Tipo de M\u00f3vel<\/td>\n<td>Guarda Roupa<\/td>\n<\/tr>\n<\/tbody>\n<\/table>\n<\/td>\n<\/tr>\n<\/tbody>\n<\/table>\n<\/div>\n","protected":false},"featured_media":4166,"comment_status":"open","ping_status":"closed","template":"","meta":[],"product_brand":[],"product_cat":[72,78,71],"product_tag":[],"class_list":{"0":"post-662","1":"product","2":"type-product","3":"status-publish","4":"has-post-thumbnail","6":"product_cat-guarda-roupas","7":"product_cat-quartos","8":"product_cat-roupeiro","10":"first","11":"instock","12":"shipping-taxable","13":"purchasable","14":"product-type-simple"},"yoast_head":"<!-- This site is optimized with the Yoast SEO Premium plugin v23.3 (Yoast SEO v27.4) - https:\/\/yoast.com\/product\/yoast-seo-premium-wordpress\/ -->\n<title>ROUPEIRO ZANZINI MAXIMUS PLUS BRANCO ABSOLUTO 4P 4G - Lucas Eletro<\/title>\n<meta name=\"description\" content=\"Guarda Roupa Solteiro Maximus Plus 4 Portas Branco Zanzini\" \/>\n<meta name=\"robots\" content=\"index, follow, max-snippet:-1, max-image-preview:large, max-video-preview:-1\" \/>\n<link rel=\"canonical\" href=\"https:\/\/lucaseletro.com.br\/?product=roupeiro-zanzini-maximus-plus-branco-absoluto-4p-4g\" \/>\n<meta property=\"og:locale\" content=\"pt_BR\" \/>\n<meta property=\"og:type\" content=\"article\" \/>\n<meta property=\"og:title\" content=\"ROUPEIRO ZANZINI MAXIMUS PLUS BRANCO ABSOLUTO 4P 4G - &#082;&#036;1.199,00 - Lucas Eletro\" \/>\n<meta property=\"og:description\" content=\"Informa\u00e7\u00f5es do Produto Guarda Roupa Solteiro Maximus Plus 4 Portas Branco Zanzini    Guarda Roupa Solteiro Maximus Plus 4 Portas Branco\u00a0\u2013 Zanzini  O Guarda Roupa com praticidade e qualidade voc\u00ea encontra aqui. Apresentamos o da linha Maximus com 4 portas e 4 gavetas externas que foi desenvolvido pela Zanzini com amplo espa\u00e7o e divis\u00f5es para lhe auxiliar na hora da organiza\u00e7\u00e3o. E com materiais de alto padr\u00e3o oferecendo resist\u00eancia e durabilidade ao m\u00f3vel. Seu design diferenciado e moderno oferece ao ambiente sofistica\u00e7\u00e3o e eleg\u00e2ncia. N\u00e3o perca tempo e garanta j\u00e1 o seu!  Caracter\u00edsticas T\u00e9cnicas:  - Produzido em MDP - Pintura na cor Branco - Acabamento em U.V semi fosco - 4 Portas - Dobradi\u00e7as met\u00e1licas 26 mm - 4 Gavetas com corredi\u00e7as telesc\u00f3picas - 1 Gaveta com chave - Puxadores de MDF - Cabideiro met\u00e1lico - 3 Divis\u00f3rias com amplo espa\u00e7o - Lindo design  Dimens\u00f5es: Altura: 230 cm Largura: 153 cm Profundidade: 46 cm  * Aten\u00e7\u00e3o: N\u00e3o realizamos a montagem ou instala\u00e7\u00e3o do produto, por\u00e9m acompanha manual de instru\u00e7\u00f5es.  * Importante: Imprescind\u00edvel a confer\u00eancia no ato da entrega. Em caso de anormalidade, recuse            Informa\u00e7\u00f5es complementares     Acabamento U.V semi fosco   Componentes do M\u00f3vel Cabideiro met\u00e1lico, Dobradi\u00e7as met\u00e1licas 26 mm, Corredi\u00e7as telesc\u00f3picas, Puxadores de MDF   Cor Branco   Dimens\u00f5es do Produto Altura: 230 cm Largura: 153 cm Profundidade: 46 cm   Estilo do M\u00f3vel Moderno   Gavetas 4 gavetas externas   Linha Maximus   Marca Zanzini   Material da Estrutura MDP   Material dos Componentes do M\u00f3vel MDF   Modelo Maximus Plus   Quantidade de Gavetas 4   Quantidade de Nichos 3   Quantidade de Portas 4 Portas   Tamanho do M\u00f3vel Solteiro   Tipo de M\u00f3vel Guarda Roupa\" \/>\n<meta property=\"og:url\" content=\"https:\/\/lucaseletro.com.br\/?product=roupeiro-zanzini-maximus-plus-branco-absoluto-4p-4g\" \/>\n<meta property=\"og:site_name\" content=\"Lucas Eletro\" \/>\n<meta property=\"article:publisher\" content=\"https:\/\/www.facebook.com\/lucas.eletro.71\" \/>\n<meta property=\"article:modified_time\" content=\"2025-08-19T13:06:21+00:00\" \/>\n<meta property=\"og:image\" content=\"https:\/\/lucaseletro.com.br\/wp-content\/uploads\/2024\/07\/e711bd0e6e2c8a5944a7da59d586dbf3.webp\" \/>\n\t<meta property=\"og:image:width\" content=\"800\" \/>\n\t<meta property=\"og:image:height\" content=\"800\" \/>\n\t<meta property=\"og:image:type\" content=\"image\/webp\" \/>\n<meta name=\"twitter:card\" content=\"summary_large_image\" \/>\n<meta name=\"twitter:label1\" content=\"Pre\u00e7o\" \/>\n\t<meta name=\"twitter:data1\" content=\"&#082;&#036;1.199,00\" \/>\n\t<meta name=\"twitter:label2\" content=\"Disponibilidade\" \/>\n\t<meta name=\"twitter:data2\" content=\"Em Estoque\" \/>\n<script type=\"application\/ld+json\" class=\"yoast-schema-graph\">{\"@context\":\"https:\\\/\\\/schema.org\",\"@graph\":[{\"@type\":\"WebPage\",\"@id\":\"https:\\\/\\\/lucaseletro.com.br\\\/?product=roupeiro-zanzini-maximus-plus-branco-absoluto-4p-4g\",\"url\":\"https:\\\/\\\/lucaseletro.com.br\\\/?product=roupeiro-zanzini-maximus-plus-branco-absoluto-4p-4g\",\"name\":\"ROUPEIRO ZANZINI MAXIMUS PLUS BRANCO ABSOLUTO 4P 4G - Lucas Eletro\",\"isPartOf\":{\"@id\":\"https:\\\/\\\/lucaseletro.com.br\\\/#website\"},\"primaryImageOfPage\":{\"@id\":\"https:\\\/\\\/lucaseletro.com.br\\\/?product=roupeiro-zanzini-maximus-plus-branco-absoluto-4p-4g#primaryimage\"},\"image\":{\"@id\":\"https:\\\/\\\/lucaseletro.com.br\\\/?product=roupeiro-zanzini-maximus-plus-branco-absoluto-4p-4g#primaryimage\"},\"thumbnailUrl\":\"https:\\\/\\\/lucaseletro.com.br\\\/wp-content\\\/uploads\\\/2024\\\/07\\\/e711bd0e6e2c8a5944a7da59d586dbf3.webp\",\"datePublished\":\"2024-07-30T19:51:28+00:00\",\"dateModified\":\"2025-08-19T13:06:21+00:00\",\"description\":\"Guarda Roupa Solteiro Maximus Plus 4 Portas Branco Zanzini\",\"breadcrumb\":{\"@id\":\"https:\\\/\\\/lucaseletro.com.br\\\/?product=roupeiro-zanzini-maximus-plus-branco-absoluto-4p-4g#breadcrumb\"},\"inLanguage\":\"pt-BR\",\"potentialAction\":[{\"@type\":\"ReadAction\",\"target\":[\"https:\\\/\\\/lucaseletro.com.br\\\/?product=roupeiro-zanzini-maximus-plus-branco-absoluto-4p-4g\"]}]},{\"@type\":\"ImageObject\",\"inLanguage\":\"pt-BR\",\"@id\":\"https:\\\/\\\/lucaseletro.com.br\\\/?product=roupeiro-zanzini-maximus-plus-branco-absoluto-4p-4g#primaryimage\",\"url\":\"https:\\\/\\\/lucaseletro.com.br\\\/wp-content\\\/uploads\\\/2024\\\/07\\\/e711bd0e6e2c8a5944a7da59d586dbf3.webp\",\"contentUrl\":\"https:\\\/\\\/lucaseletro.com.br\\\/wp-content\\\/uploads\\\/2024\\\/07\\\/e711bd0e6e2c8a5944a7da59d586dbf3.webp\",\"width\":800,\"height\":800},{\"@type\":\"BreadcrumbList\",\"@id\":\"https:\\\/\\\/lucaseletro.com.br\\\/?product=roupeiro-zanzini-maximus-plus-branco-absoluto-4p-4g#breadcrumb\",\"itemListElement\":[{\"@type\":\"ListItem\",\"position\":1,\"name\":\"In\u00edcio\",\"item\":\"https:\\\/\\\/lucaseletro.com.br\\\/\"},{\"@type\":\"ListItem\",\"position\":2,\"name\":\"Loja\",\"item\":\"https:\\\/\\\/lucaseletro.com.br\\\/?page_id=11\"},{\"@type\":\"ListItem\",\"position\":3,\"name\":\"ROUPEIRO ZANZINI MAXIMUS PLUS BRANCO ABSOLUTO 4P 4G\"}]},{\"@type\":\"WebSite\",\"@id\":\"https:\\\/\\\/lucaseletro.com.br\\\/#website\",\"url\":\"https:\\\/\\\/lucaseletro.com.br\\\/\",\"name\":\"Lucas Eletro\",\"description\":\"Realizando seus sonhos\",\"publisher\":{\"@id\":\"https:\\\/\\\/lucaseletro.com.br\\\/#organization\"},\"alternateName\":\"Lucas Eletro\",\"potentialAction\":[{\"@type\":\"SearchAction\",\"target\":{\"@type\":\"EntryPoint\",\"urlTemplate\":\"https:\\\/\\\/lucaseletro.com.br\\\/?s={search_term_string}\"},\"query-input\":{\"@type\":\"PropertyValueSpecification\",\"valueRequired\":true,\"valueName\":\"search_term_string\"}}],\"inLanguage\":\"pt-BR\"},{\"@type\":\"Organization\",\"@id\":\"https:\\\/\\\/lucaseletro.com.br\\\/#organization\",\"name\":\"Lucas Eletro\",\"alternateName\":\"Lucas Eletro\",\"url\":\"https:\\\/\\\/lucaseletro.com.br\\\/\",\"logo\":{\"@type\":\"ImageObject\",\"inLanguage\":\"pt-BR\",\"@id\":\"https:\\\/\\\/lucaseletro.com.br\\\/#\\\/schema\\\/logo\\\/image\\\/\",\"url\":\"https:\\\/\\\/lucaseletro.com.br\\\/wp-content\\\/uploads\\\/2024\\\/08\\\/Logo-WebP.webp\",\"contentUrl\":\"https:\\\/\\\/lucaseletro.com.br\\\/wp-content\\\/uploads\\\/2024\\\/08\\\/Logo-WebP.webp\",\"width\":1366,\"height\":457,\"caption\":\"Lucas Eletro\"},\"image\":{\"@id\":\"https:\\\/\\\/lucaseletro.com.br\\\/#\\\/schema\\\/logo\\\/image\\\/\"},\"sameAs\":[\"https:\\\/\\\/www.facebook.com\\\/lucas.eletro.71\"]}]}<\/script>\n<meta property=\"product:price:amount\" content=\"1199.00\" \/>\n<meta property=\"product:price:currency\" content=\"BRL\" \/>\n<meta property=\"og:availability\" content=\"instock\" \/>\n<meta property=\"product:availability\" content=\"instock\" \/>\n<meta property=\"product:condition\" content=\"new\" \/>\n<!-- \/ Yoast SEO Premium plugin. -->","yoast_head_json":{"title":"ROUPEIRO ZANZINI MAXIMUS PLUS BRANCO ABSOLUTO 4P 4G - Lucas Eletro","description":"Guarda Roupa Solteiro Maximus Plus 4 Portas Branco Zanzini","robots":{"index":"index","follow":"follow","max-snippet":"max-snippet:-1","max-image-preview":"max-image-preview:large","max-video-preview":"max-video-preview:-1"},"canonical":"https:\/\/lucaseletro.com.br\/?product=roupeiro-zanzini-maximus-plus-branco-absoluto-4p-4g","og_locale":"pt_BR","og_type":"article","og_title":"ROUPEIRO ZANZINI MAXIMUS PLUS BRANCO ABSOLUTO 4P 4G - &#82;&#36;1.199,00 - Lucas Eletro","og_description":"Informa\u00e7\u00f5es do Produto Guarda Roupa Solteiro Maximus Plus 4 Portas Branco Zanzini    Guarda Roupa Solteiro Maximus Plus 4 Portas Branco\u00a0\u2013 Zanzini  O Guarda Roupa com praticidade e qualidade voc\u00ea encontra aqui. Apresentamos o da linha Maximus com 4 portas e 4 gavetas externas que foi desenvolvido pela Zanzini com amplo espa\u00e7o e divis\u00f5es para lhe auxiliar na hora da organiza\u00e7\u00e3o. E com materiais de alto padr\u00e3o oferecendo resist\u00eancia e durabilidade ao m\u00f3vel. Seu design diferenciado e moderno oferece ao ambiente sofistica\u00e7\u00e3o e eleg\u00e2ncia. N\u00e3o perca tempo e garanta j\u00e1 o seu!  Caracter\u00edsticas T\u00e9cnicas:  - Produzido em MDP - Pintura na cor Branco - Acabamento em U.V semi fosco - 4 Portas - Dobradi\u00e7as met\u00e1licas 26 mm - 4 Gavetas com corredi\u00e7as telesc\u00f3picas - 1 Gaveta com chave - Puxadores de MDF - Cabideiro met\u00e1lico - 3 Divis\u00f3rias com amplo espa\u00e7o - Lindo design  Dimens\u00f5es: Altura: 230 cm Largura: 153 cm Profundidade: 46 cm  * Aten\u00e7\u00e3o: N\u00e3o realizamos a montagem ou instala\u00e7\u00e3o do produto, por\u00e9m acompanha manual de instru\u00e7\u00f5es.  * Importante: Imprescind\u00edvel a confer\u00eancia no ato da entrega. Em caso de anormalidade, recuse            Informa\u00e7\u00f5es complementares     Acabamento U.V semi fosco   Componentes do M\u00f3vel Cabideiro met\u00e1lico, Dobradi\u00e7as met\u00e1licas 26 mm, Corredi\u00e7as telesc\u00f3picas, Puxadores de MDF   Cor Branco   Dimens\u00f5es do Produto Altura: 230 cm Largura: 153 cm Profundidade: 46 cm   Estilo do M\u00f3vel Moderno   Gavetas 4 gavetas externas   Linha Maximus   Marca Zanzini   Material da Estrutura MDP   Material dos Componentes do M\u00f3vel MDF   Modelo Maximus Plus   Quantidade de Gavetas 4   Quantidade de Nichos 3   Quantidade de Portas 4 Portas   Tamanho do M\u00f3vel Solteiro   Tipo de M\u00f3vel Guarda Roupa","og_url":"https:\/\/lucaseletro.com.br\/?product=roupeiro-zanzini-maximus-plus-branco-absoluto-4p-4g","og_site_name":"Lucas Eletro","article_publisher":"https:\/\/www.facebook.com\/lucas.eletro.71","article_modified_time":"2025-08-19T13:06:21+00:00","og_image":[{"width":800,"height":800,"url":"https:\/\/lucaseletro.com.br\/wp-content\/uploads\/2024\/07\/e711bd0e6e2c8a5944a7da59d586dbf3.webp","type":"image\/webp"}],"twitter_card":"summary_large_image","twitter_misc":{"Pre\u00e7o":"&#82;&#36;1.199,00","Disponibilidade":"Em Estoque"},"schema":{"@context":"https:\/\/schema.org","@graph":[{"@type":"WebPage","@id":"https:\/\/lucaseletro.com.br\/?product=roupeiro-zanzini-maximus-plus-branco-absoluto-4p-4g","url":"https:\/\/lucaseletro.com.br\/?product=roupeiro-zanzini-maximus-plus-branco-absoluto-4p-4g","name":"ROUPEIRO ZANZINI MAXIMUS PLUS BRANCO ABSOLUTO 4P 4G - Lucas Eletro","isPartOf":{"@id":"https:\/\/lucaseletro.com.br\/#website"},"primaryImageOfPage":{"@id":"https:\/\/lucaseletro.com.br\/?product=roupeiro-zanzini-maximus-plus-branco-absoluto-4p-4g#primaryimage"},"image":{"@id":"https:\/\/lucaseletro.com.br\/?product=roupeiro-zanzini-maximus-plus-branco-absoluto-4p-4g#primaryimage"},"thumbnailUrl":"https:\/\/lucaseletro.com.br\/wp-content\/uploads\/2024\/07\/e711bd0e6e2c8a5944a7da59d586dbf3.webp","datePublished":"2024-07-30T19:51:28+00:00","dateModified":"2025-08-19T13:06:21+00:00","description":"Guarda Roupa Solteiro Maximus Plus 4 Portas Branco Zanzini","breadcrumb":{"@id":"https:\/\/lucaseletro.com.br\/?product=roupeiro-zanzini-maximus-plus-branco-absoluto-4p-4g#breadcrumb"},"inLanguage":"pt-BR","potentialAction":[{"@type":"ReadAction","target":["https:\/\/lucaseletro.com.br\/?product=roupeiro-zanzini-maximus-plus-branco-absoluto-4p-4g"]}]},{"@type":"ImageObject","inLanguage":"pt-BR","@id":"https:\/\/lucaseletro.com.br\/?product=roupeiro-zanzini-maximus-plus-branco-absoluto-4p-4g#primaryimage","url":"https:\/\/lucaseletro.com.br\/wp-content\/uploads\/2024\/07\/e711bd0e6e2c8a5944a7da59d586dbf3.webp","contentUrl":"https:\/\/lucaseletro.com.br\/wp-content\/uploads\/2024\/07\/e711bd0e6e2c8a5944a7da59d586dbf3.webp","width":800,"height":800},{"@type":"BreadcrumbList","@id":"https:\/\/lucaseletro.com.br\/?product=roupeiro-zanzini-maximus-plus-branco-absoluto-4p-4g#breadcrumb","itemListElement":[{"@type":"ListItem","position":1,"name":"In\u00edcio","item":"https:\/\/lucaseletro.com.br\/"},{"@type":"ListItem","position":2,"name":"Loja","item":"https:\/\/lucaseletro.com.br\/?page_id=11"},{"@type":"ListItem","position":3,"name":"ROUPEIRO ZANZINI MAXIMUS PLUS BRANCO ABSOLUTO 4P 4G"}]},{"@type":"WebSite","@id":"https:\/\/lucaseletro.com.br\/#website","url":"https:\/\/lucaseletro.com.br\/","name":"Lucas Eletro","description":"Realizando seus sonhos","publisher":{"@id":"https:\/\/lucaseletro.com.br\/#organization"},"alternateName":"Lucas Eletro","potentialAction":[{"@type":"SearchAction","target":{"@type":"EntryPoint","urlTemplate":"https:\/\/lucaseletro.com.br\/?s={search_term_string}"},"query-input":{"@type":"PropertyValueSpecification","valueRequired":true,"valueName":"search_term_string"}}],"inLanguage":"pt-BR"},{"@type":"Organization","@id":"https:\/\/lucaseletro.com.br\/#organization","name":"Lucas Eletro","alternateName":"Lucas Eletro","url":"https:\/\/lucaseletro.com.br\/","logo":{"@type":"ImageObject","inLanguage":"pt-BR","@id":"https:\/\/lucaseletro.com.br\/#\/schema\/logo\/image\/","url":"https:\/\/lucaseletro.com.br\/wp-content\/uploads\/2024\/08\/Logo-WebP.webp","contentUrl":"https:\/\/lucaseletro.com.br\/wp-content\/uploads\/2024\/08\/Logo-WebP.webp","width":1366,"height":457,"caption":"Lucas Eletro"},"image":{"@id":"https:\/\/lucaseletro.com.br\/#\/schema\/logo\/image\/"},"sameAs":["https:\/\/www.facebook.com\/lucas.eletro.71"]}]},"product_price_amount":"1199.00","product_price_currency":"BRL","og_availability":"instock","product_availability":"instock","product_condition":"new"},"_links":{"self":[{"href":"https:\/\/lucaseletro.com.br\/index.php?rest_route=\/wp\/v2\/product\/662","targetHints":{"allow":["GET"]}}],"collection":[{"href":"https:\/\/lucaseletro.com.br\/index.php?rest_route=\/wp\/v2\/product"}],"about":[{"href":"https:\/\/lucaseletro.com.br\/index.php?rest_route=\/wp\/v2\/types\/product"}],"replies":[{"embeddable":true,"href":"https:\/\/lucaseletro.com.br\/index.php?rest_route=%2Fwp%2Fv2%2Fcomments&post=662"}],"wp:featuredmedia":[{"embeddable":true,"href":"https:\/\/lucaseletro.com.br\/index.php?rest_route=\/wp\/v2\/media\/4166"}],"wp:attachment":[{"href":"https:\/\/lucaseletro.com.br\/index.php?rest_route=%2Fwp%2Fv2%2Fmedia&parent=662"}],"wp:term":[{"taxonomy":"product_brand","embeddable":true,"href":"https:\/\/lucaseletro.com.br\/index.php?rest_route=%2Fwp%2Fv2%2Fproduct_brand&post=662"},{"taxonomy":"product_cat","embeddable":true,"href":"https:\/\/lucaseletro.com.br\/index.php?rest_route=%2Fwp%2Fv2%2Fproduct_cat&post=662"},{"taxonomy":"product_tag","embeddable":true,"href":"https:\/\/lucaseletro.com.br\/index.php?rest_route=%2Fwp%2Fv2%2Fproduct_tag&post=662"}],"curies":[{"name":"wp","href":"https:\/\/api.w.org\/{rel}","templated":true}]}}