{"id":671,"date":"2024-07-30T16:51:29","date_gmt":"2024-07-30T19:51:29","guid":{"rendered":"https:\/\/lucaseletro.com.br\/product\/colchao-ortobom-fit33-188x138-al20\/"},"modified":"2025-08-28T15:16:47","modified_gmt":"2025-08-28T18:16:47","slug":"colchao-ortobom-fit33-188x138-al20","status":"publish","type":"product","link":"https:\/\/lucaseletro.com.br\/?product=colchao-ortobom-fit33-188x138-al20","title":{"rendered":"COLCHAO ORTOBOM FIT33 188X138 AL20"},"content":{"rendered":"<p>01 &#8211; Colch\u00e3o Fit D33 Casal A:20 138x188cm &#8211; Ortobom<\/p>\n<p>O\u00a0Colch\u00e3o De\u00a0Espuma D33 Fit\u00a0Ortobom possui revestimento em Suede na Lateral deixado seu colch\u00e3o com um acabamento premium e clean, tamb\u00e9m possui o tampo superior em MALHA dando um toque mais suave e agrad\u00e1vel al\u00e9m de mais frescor ao deitar, possui tamb\u00e9m uma camada matelass\u00ea que proporciona a melhor acomoda\u00e7\u00e3o corporal evitando dores e ponto de press\u00e3o.\u00a0\u00c9\u00a0indicado para pessoas de at\u00e9 110 kg proporcionando conforto firme, o que lhe confere firmeza suficiente para preservar sua coluna durante o sono sem comprometer seu conforto. o Colch\u00e3o FIT D33 Ortobom dupla face pode usar os dois lados do colch\u00e3o, ele \u00e9 100% espuma pura, oferecendo assim mais conforto durabilidade e qualidade.<\/p>\n<p>&nbsp;<\/p>\n<p>Principais Caracter\u00edsticas:<\/p>\n<ul class=\"ak-ul\">\n<li>Medidas: 138x188cm;<\/li>\n<li>Altura: 20cm;<\/li>\n<li>Marca: Ortbom;<\/li>\n<li>N\u00edvel de Conforto: Firme;<\/li>\n<li>Suporte: 110kg\/pessoa;<\/li>\n<\/ul>\n","protected":false},"excerpt":{"rendered":"<p>01 &#8211; Colch\u00e3o Fit D33 Casal A:20 138x188cm &#8211; Ortobom<\/p>\n<p>O\u00a0Colch\u00e3o De\u00a0Espuma D33 Fit\u00a0Ortobom possui revestimento em Suede na Lateral deixado seu colch\u00e3o com um acabamento premium e clean, tamb\u00e9m possui o tampo superior em MALHA dando um toque mais suave e agrad\u00e1vel al\u00e9m de mais frescor ao deitar, possui tamb\u00e9m uma camada matelass\u00ea que proporciona a melhor acomoda\u00e7\u00e3o corporal evitando dores e ponto de press\u00e3o.\u00a0\u00c9\u00a0indicado para pessoas de at\u00e9 110 kg proporcionando conforto firme, o que lhe confere firmeza suficiente para preservar sua coluna durante o sono sem comprometer seu conforto. o Colch\u00e3o FIT D33 Ortobom dupla face pode usar os dois lados do colch\u00e3o, ele \u00e9 100% espuma pura, oferecendo assim mais conforto durabilidade e qualidade.<\/p>\n<p>&nbsp;<\/p>\n<p>Principais Caracter\u00edsticas:<\/p>\n<ul class=\"ak-ul\">\n<li>Medidas: 138x188cm;<\/li>\n<li>Altura: 20cm;<\/li>\n<li>Marca: Ortbom;<\/li>\n<li>N\u00edvel de Conforto: Firme;<\/li>\n<li>Suporte: 110kg\/pessoa;<\/li>\n<\/ul>\n","protected":false},"featured_media":4338,"comment_status":"open","ping_status":"closed","template":"","meta":[],"product_brand":[],"product_cat":[82,78],"product_tag":[],"class_list":{"0":"post-671","1":"product","2":"type-product","3":"status-publish","4":"has-post-thumbnail","6":"product_cat-colchoes","7":"product_cat-quartos","9":"first","10":"instock","11":"shipping-taxable","12":"purchasable","13":"product-type-simple"},"yoast_head":"<!-- This site is optimized with the Yoast SEO Premium plugin v23.3 (Yoast SEO v27.5) - https:\/\/yoast.com\/product\/yoast-seo-premium-wordpress\/ -->\n<title>COLCHAO ORTOBOM FIT33 188X138 AL20 - Lucas Eletro<\/title>\n<meta name=\"description\" content=\"COLCHAO ORTOBOM FIT33 188X138 AL20\" \/>\n<meta name=\"robots\" content=\"index, follow, max-snippet:-1, max-image-preview:large, max-video-preview:-1\" \/>\n<link rel=\"canonical\" href=\"https:\/\/lucaseletro.com.br\/?product=colchao-ortobom-fit33-188x138-al20\" \/>\n<meta property=\"og:locale\" content=\"pt_BR\" \/>\n<meta property=\"og:type\" content=\"article\" \/>\n<meta property=\"og:title\" content=\"COLCHAO ORTOBOM FIT33 188X138 AL20 - &#082;&#036;1.299,00 - Lucas Eletro\" \/>\n<meta property=\"og:description\" content=\"01 - Colch\u00e3o Fit D33 Casal A:20 138x188cm - Ortobom  O\u00a0Colch\u00e3o De\u00a0Espuma D33 Fit\u00a0Ortobom possui revestimento em Suede na Lateral deixado seu colch\u00e3o com um acabamento premium e clean, tamb\u00e9m possui o tampo superior em MALHA dando um toque mais suave e agrad\u00e1vel al\u00e9m de mais frescor ao deitar, possui tamb\u00e9m uma camada matelass\u00ea que proporciona a melhor acomoda\u00e7\u00e3o corporal evitando dores e ponto de press\u00e3o.\u00a0\u00c9\u00a0indicado para pessoas de at\u00e9 110 kg proporcionando conforto firme, o que lhe confere firmeza suficiente para preservar sua coluna durante o sono sem comprometer seu conforto. o Colch\u00e3o FIT D33 Ortobom dupla face pode usar os dois lados do colch\u00e3o, ele \u00e9 100% espuma pura, oferecendo assim mais conforto durabilidade e qualidade.  &nbsp;  Principais Caracter\u00edsticas:   Medidas: 138x188cm;  Altura: 20cm;  Marca: Ortbom;  N\u00edvel de Conforto: Firme;  Suporte: 110kg\/pessoa;\" \/>\n<meta property=\"og:url\" content=\"https:\/\/lucaseletro.com.br\/?product=colchao-ortobom-fit33-188x138-al20\" \/>\n<meta property=\"og:site_name\" content=\"Lucas Eletro\" \/>\n<meta property=\"article:publisher\" content=\"https:\/\/www.facebook.com\/lucas.eletro.71\" \/>\n<meta property=\"article:modified_time\" content=\"2025-08-28T18:16:47+00:00\" \/>\n<meta property=\"og:image\" content=\"https:\/\/lucaseletro.com.br\/wp-content\/uploads\/2024\/07\/colchao_fit_d33_casal_a_25_138x188cm_ortobom_261_1_e3342762d7ff55d7d700f17e767fe72a-1.webp\" \/>\n\t<meta property=\"og:image:width\" content=\"600\" \/>\n\t<meta property=\"og:image:height\" content=\"600\" \/>\n\t<meta property=\"og:image:type\" content=\"image\/webp\" \/>\n<meta name=\"twitter:card\" content=\"summary_large_image\" \/>\n<meta name=\"twitter:label1\" content=\"Pre\u00e7o\" \/>\n\t<meta name=\"twitter:data1\" content=\"&#082;&#036;1.299,00\" \/>\n\t<meta name=\"twitter:label2\" content=\"Disponibilidade\" \/>\n\t<meta name=\"twitter:data2\" content=\"Em Estoque\" \/>\n<script type=\"application\/ld+json\" class=\"yoast-schema-graph\">{\"@context\":\"https:\\\/\\\/schema.org\",\"@graph\":[{\"@type\":\"WebPage\",\"@id\":\"https:\\\/\\\/lucaseletro.com.br\\\/?product=colchao-ortobom-fit33-188x138-al20\",\"url\":\"https:\\\/\\\/lucaseletro.com.br\\\/?product=colchao-ortobom-fit33-188x138-al20\",\"name\":\"COLCHAO ORTOBOM FIT33 188X138 AL20 - Lucas Eletro\",\"isPartOf\":{\"@id\":\"https:\\\/\\\/lucaseletro.com.br\\\/#website\"},\"primaryImageOfPage\":{\"@id\":\"https:\\\/\\\/lucaseletro.com.br\\\/?product=colchao-ortobom-fit33-188x138-al20#primaryimage\"},\"image\":{\"@id\":\"https:\\\/\\\/lucaseletro.com.br\\\/?product=colchao-ortobom-fit33-188x138-al20#primaryimage\"},\"thumbnailUrl\":\"https:\\\/\\\/lucaseletro.com.br\\\/wp-content\\\/uploads\\\/2024\\\/07\\\/colchao_fit_d33_casal_a_25_138x188cm_ortobom_261_1_e3342762d7ff55d7d700f17e767fe72a-1.webp\",\"datePublished\":\"2024-07-30T19:51:29+00:00\",\"dateModified\":\"2025-08-28T18:16:47+00:00\",\"description\":\"COLCHAO ORTOBOM FIT33 188X138 AL20\",\"breadcrumb\":{\"@id\":\"https:\\\/\\\/lucaseletro.com.br\\\/?product=colchao-ortobom-fit33-188x138-al20#breadcrumb\"},\"inLanguage\":\"pt-BR\",\"potentialAction\":[{\"@type\":\"ReadAction\",\"target\":[\"https:\\\/\\\/lucaseletro.com.br\\\/?product=colchao-ortobom-fit33-188x138-al20\"]}]},{\"@type\":\"ImageObject\",\"inLanguage\":\"pt-BR\",\"@id\":\"https:\\\/\\\/lucaseletro.com.br\\\/?product=colchao-ortobom-fit33-188x138-al20#primaryimage\",\"url\":\"https:\\\/\\\/lucaseletro.com.br\\\/wp-content\\\/uploads\\\/2024\\\/07\\\/colchao_fit_d33_casal_a_25_138x188cm_ortobom_261_1_e3342762d7ff55d7d700f17e767fe72a-1.webp\",\"contentUrl\":\"https:\\\/\\\/lucaseletro.com.br\\\/wp-content\\\/uploads\\\/2024\\\/07\\\/colchao_fit_d33_casal_a_25_138x188cm_ortobom_261_1_e3342762d7ff55d7d700f17e767fe72a-1.webp\",\"width\":600,\"height\":600},{\"@type\":\"BreadcrumbList\",\"@id\":\"https:\\\/\\\/lucaseletro.com.br\\\/?product=colchao-ortobom-fit33-188x138-al20#breadcrumb\",\"itemListElement\":[{\"@type\":\"ListItem\",\"position\":1,\"name\":\"In\u00edcio\",\"item\":\"https:\\\/\\\/lucaseletro.com.br\\\/\"},{\"@type\":\"ListItem\",\"position\":2,\"name\":\"Loja\",\"item\":\"https:\\\/\\\/lucaseletro.com.br\\\/?page_id=11\"},{\"@type\":\"ListItem\",\"position\":3,\"name\":\"COLCHAO ORTOBOM FIT33 188X138 AL20\"}]},{\"@type\":\"WebSite\",\"@id\":\"https:\\\/\\\/lucaseletro.com.br\\\/#website\",\"url\":\"https:\\\/\\\/lucaseletro.com.br\\\/\",\"name\":\"Lucas Eletro\",\"description\":\"Realizando seus sonhos\",\"publisher\":{\"@id\":\"https:\\\/\\\/lucaseletro.com.br\\\/#organization\"},\"alternateName\":\"Lucas Eletro\",\"potentialAction\":[{\"@type\":\"SearchAction\",\"target\":{\"@type\":\"EntryPoint\",\"urlTemplate\":\"https:\\\/\\\/lucaseletro.com.br\\\/?s={search_term_string}\"},\"query-input\":{\"@type\":\"PropertyValueSpecification\",\"valueRequired\":true,\"valueName\":\"search_term_string\"}}],\"inLanguage\":\"pt-BR\"},{\"@type\":\"Organization\",\"@id\":\"https:\\\/\\\/lucaseletro.com.br\\\/#organization\",\"name\":\"Lucas Eletro\",\"alternateName\":\"Lucas Eletro\",\"url\":\"https:\\\/\\\/lucaseletro.com.br\\\/\",\"logo\":{\"@type\":\"ImageObject\",\"inLanguage\":\"pt-BR\",\"@id\":\"https:\\\/\\\/lucaseletro.com.br\\\/#\\\/schema\\\/logo\\\/image\\\/\",\"url\":\"https:\\\/\\\/lucaseletro.com.br\\\/wp-content\\\/uploads\\\/2024\\\/08\\\/Logo-WebP.webp\",\"contentUrl\":\"https:\\\/\\\/lucaseletro.com.br\\\/wp-content\\\/uploads\\\/2024\\\/08\\\/Logo-WebP.webp\",\"width\":1366,\"height\":457,\"caption\":\"Lucas Eletro\"},\"image\":{\"@id\":\"https:\\\/\\\/lucaseletro.com.br\\\/#\\\/schema\\\/logo\\\/image\\\/\"},\"sameAs\":[\"https:\\\/\\\/www.facebook.com\\\/lucas.eletro.71\"]}]}<\/script>\n<meta property=\"product:price:amount\" content=\"1299.00\" \/>\n<meta property=\"product:price:currency\" content=\"BRL\" \/>\n<meta property=\"og:availability\" content=\"instock\" \/>\n<meta property=\"product:availability\" content=\"instock\" \/>\n<meta property=\"product:condition\" content=\"new\" \/>\n<!-- \/ Yoast SEO Premium plugin. -->","yoast_head_json":{"title":"COLCHAO ORTOBOM FIT33 188X138 AL20 - Lucas Eletro","description":"COLCHAO ORTOBOM FIT33 188X138 AL20","robots":{"index":"index","follow":"follow","max-snippet":"max-snippet:-1","max-image-preview":"max-image-preview:large","max-video-preview":"max-video-preview:-1"},"canonical":"https:\/\/lucaseletro.com.br\/?product=colchao-ortobom-fit33-188x138-al20","og_locale":"pt_BR","og_type":"article","og_title":"COLCHAO ORTOBOM FIT33 188X138 AL20 - &#82;&#36;1.299,00 - Lucas Eletro","og_description":"01 - Colch\u00e3o Fit D33 Casal A:20 138x188cm - Ortobom  O\u00a0Colch\u00e3o De\u00a0Espuma D33 Fit\u00a0Ortobom possui revestimento em Suede na Lateral deixado seu colch\u00e3o com um acabamento premium e clean, tamb\u00e9m possui o tampo superior em MALHA dando um toque mais suave e agrad\u00e1vel al\u00e9m de mais frescor ao deitar, possui tamb\u00e9m uma camada matelass\u00ea que proporciona a melhor acomoda\u00e7\u00e3o corporal evitando dores e ponto de press\u00e3o.\u00a0\u00c9\u00a0indicado para pessoas de at\u00e9 110 kg proporcionando conforto firme, o que lhe confere firmeza suficiente para preservar sua coluna durante o sono sem comprometer seu conforto. o Colch\u00e3o FIT D33 Ortobom dupla face pode usar os dois lados do colch\u00e3o, ele \u00e9 100% espuma pura, oferecendo assim mais conforto durabilidade e qualidade.  &nbsp;  Principais Caracter\u00edsticas:   Medidas: 138x188cm;  Altura: 20cm;  Marca: Ortbom;  N\u00edvel de Conforto: Firme;  Suporte: 110kg\/pessoa;","og_url":"https:\/\/lucaseletro.com.br\/?product=colchao-ortobom-fit33-188x138-al20","og_site_name":"Lucas Eletro","article_publisher":"https:\/\/www.facebook.com\/lucas.eletro.71","article_modified_time":"2025-08-28T18:16:47+00:00","og_image":[{"width":600,"height":600,"url":"https:\/\/lucaseletro.com.br\/wp-content\/uploads\/2024\/07\/colchao_fit_d33_casal_a_25_138x188cm_ortobom_261_1_e3342762d7ff55d7d700f17e767fe72a-1.webp","type":"image\/webp"}],"twitter_card":"summary_large_image","twitter_misc":{"Pre\u00e7o":"&#82;&#36;1.299,00","Disponibilidade":"Em Estoque"},"schema":{"@context":"https:\/\/schema.org","@graph":[{"@type":"WebPage","@id":"https:\/\/lucaseletro.com.br\/?product=colchao-ortobom-fit33-188x138-al20","url":"https:\/\/lucaseletro.com.br\/?product=colchao-ortobom-fit33-188x138-al20","name":"COLCHAO ORTOBOM FIT33 188X138 AL20 - Lucas Eletro","isPartOf":{"@id":"https:\/\/lucaseletro.com.br\/#website"},"primaryImageOfPage":{"@id":"https:\/\/lucaseletro.com.br\/?product=colchao-ortobom-fit33-188x138-al20#primaryimage"},"image":{"@id":"https:\/\/lucaseletro.com.br\/?product=colchao-ortobom-fit33-188x138-al20#primaryimage"},"thumbnailUrl":"https:\/\/lucaseletro.com.br\/wp-content\/uploads\/2024\/07\/colchao_fit_d33_casal_a_25_138x188cm_ortobom_261_1_e3342762d7ff55d7d700f17e767fe72a-1.webp","datePublished":"2024-07-30T19:51:29+00:00","dateModified":"2025-08-28T18:16:47+00:00","description":"COLCHAO ORTOBOM FIT33 188X138 AL20","breadcrumb":{"@id":"https:\/\/lucaseletro.com.br\/?product=colchao-ortobom-fit33-188x138-al20#breadcrumb"},"inLanguage":"pt-BR","potentialAction":[{"@type":"ReadAction","target":["https:\/\/lucaseletro.com.br\/?product=colchao-ortobom-fit33-188x138-al20"]}]},{"@type":"ImageObject","inLanguage":"pt-BR","@id":"https:\/\/lucaseletro.com.br\/?product=colchao-ortobom-fit33-188x138-al20#primaryimage","url":"https:\/\/lucaseletro.com.br\/wp-content\/uploads\/2024\/07\/colchao_fit_d33_casal_a_25_138x188cm_ortobom_261_1_e3342762d7ff55d7d700f17e767fe72a-1.webp","contentUrl":"https:\/\/lucaseletro.com.br\/wp-content\/uploads\/2024\/07\/colchao_fit_d33_casal_a_25_138x188cm_ortobom_261_1_e3342762d7ff55d7d700f17e767fe72a-1.webp","width":600,"height":600},{"@type":"BreadcrumbList","@id":"https:\/\/lucaseletro.com.br\/?product=colchao-ortobom-fit33-188x138-al20#breadcrumb","itemListElement":[{"@type":"ListItem","position":1,"name":"In\u00edcio","item":"https:\/\/lucaseletro.com.br\/"},{"@type":"ListItem","position":2,"name":"Loja","item":"https:\/\/lucaseletro.com.br\/?page_id=11"},{"@type":"ListItem","position":3,"name":"COLCHAO ORTOBOM FIT33 188X138 AL20"}]},{"@type":"WebSite","@id":"https:\/\/lucaseletro.com.br\/#website","url":"https:\/\/lucaseletro.com.br\/","name":"Lucas Eletro","description":"Realizando seus sonhos","publisher":{"@id":"https:\/\/lucaseletro.com.br\/#organization"},"alternateName":"Lucas Eletro","potentialAction":[{"@type":"SearchAction","target":{"@type":"EntryPoint","urlTemplate":"https:\/\/lucaseletro.com.br\/?s={search_term_string}"},"query-input":{"@type":"PropertyValueSpecification","valueRequired":true,"valueName":"search_term_string"}}],"inLanguage":"pt-BR"},{"@type":"Organization","@id":"https:\/\/lucaseletro.com.br\/#organization","name":"Lucas Eletro","alternateName":"Lucas Eletro","url":"https:\/\/lucaseletro.com.br\/","logo":{"@type":"ImageObject","inLanguage":"pt-BR","@id":"https:\/\/lucaseletro.com.br\/#\/schema\/logo\/image\/","url":"https:\/\/lucaseletro.com.br\/wp-content\/uploads\/2024\/08\/Logo-WebP.webp","contentUrl":"https:\/\/lucaseletro.com.br\/wp-content\/uploads\/2024\/08\/Logo-WebP.webp","width":1366,"height":457,"caption":"Lucas Eletro"},"image":{"@id":"https:\/\/lucaseletro.com.br\/#\/schema\/logo\/image\/"},"sameAs":["https:\/\/www.facebook.com\/lucas.eletro.71"]}]},"product_price_amount":"1299.00","product_price_currency":"BRL","og_availability":"instock","product_availability":"instock","product_condition":"new"},"_links":{"self":[{"href":"https:\/\/lucaseletro.com.br\/index.php?rest_route=\/wp\/v2\/product\/671","targetHints":{"allow":["GET"]}}],"collection":[{"href":"https:\/\/lucaseletro.com.br\/index.php?rest_route=\/wp\/v2\/product"}],"about":[{"href":"https:\/\/lucaseletro.com.br\/index.php?rest_route=\/wp\/v2\/types\/product"}],"replies":[{"embeddable":true,"href":"https:\/\/lucaseletro.com.br\/index.php?rest_route=%2Fwp%2Fv2%2Fcomments&post=671"}],"wp:featuredmedia":[{"embeddable":true,"href":"https:\/\/lucaseletro.com.br\/index.php?rest_route=\/wp\/v2\/media\/4338"}],"wp:attachment":[{"href":"https:\/\/lucaseletro.com.br\/index.php?rest_route=%2Fwp%2Fv2%2Fmedia&parent=671"}],"wp:term":[{"taxonomy":"product_brand","embeddable":true,"href":"https:\/\/lucaseletro.com.br\/index.php?rest_route=%2Fwp%2Fv2%2Fproduct_brand&post=671"},{"taxonomy":"product_cat","embeddable":true,"href":"https:\/\/lucaseletro.com.br\/index.php?rest_route=%2Fwp%2Fv2%2Fproduct_cat&post=671"},{"taxonomy":"product_tag","embeddable":true,"href":"https:\/\/lucaseletro.com.br\/index.php?rest_route=%2Fwp%2Fv2%2Fproduct_tag&post=671"}],"curies":[{"name":"wp","href":"https:\/\/api.w.org\/{rel}","templated":true}]}}