{"id":675,"date":"2024-07-30T16:51:30","date_gmt":"2024-07-30T19:51:30","guid":{"rendered":"https:\/\/lucaseletro.com.br\/product\/colchao-ortobom-exclusive-foam-198x158-al-30\/"},"modified":"2025-08-28T09:51:50","modified_gmt":"2025-08-28T12:51:50","slug":"colchao-ortobom-exclusive-foam-198x158-al-30","status":"publish","type":"product","link":"https:\/\/lucaseletro.com.br\/?product=colchao-ortobom-exclusive-foam-198x158-al-30","title":{"rendered":"COLCHAO ORTOBOM EXCLUSIVE FOAM 198X158 AL 30"},"content":{"rendered":"<p>Agora sim vamos falar de qualidade, durabilidade, conforto e alto padr\u00e3o esse \u00e9 o colch\u00e3o Exclusive Foam que tem sua estrutura composta por espuma Pr\u00f3 Aditivada e possui em sua camada de conforto espuma HR 45 (High Resilience) de alta tecnologia, que por caracter\u00edstica retorna mais rapidamente \u00e0 sua forma original, possuindo maior elasticidade em rela\u00e7\u00e3o as espumas tradicionais. Seu conforto m\u00e1ximo \u00e9 atingido devido o perfeito toque do tecido em malha de Poli\u00e9ster e o bordado em Matelass\u00ea do tampo. O Exclusive Foam \u00e9 perfeito para todos os bi\u00f3tipos e sua beleza agrega valor a qualquer ambiente. Possui a tecnologia No Turn, que dispensa a necessidade de virar o colch\u00e3o a cada per\u00edodo. O colch\u00e3o recebe tratamento antial\u00e9rgico e anti\u00e1caro, ajudando a reduzir os problemas respirat\u00f3rios. Sem duvidas uma excelente escolha para os clientes mais exigentes.<\/p>\n<div>FICHA TECNICA<\/div>\n<div>Tipo de Espuma &#8211;\u00a0Espuma Firme Certificada 100% Poliuretano.<\/div>\n<div>Tipo do Colch\u00e3o &#8211;\u00a0Tecido em malha 100% Poliester.<\/div>\n<div>Tamanho do Colch\u00e3o &#8211;\u00a0Casal.<\/div>\n<div>Densidade da Espuma &#8211; HR45<\/div>\n<div>Revestimento do Colch\u00e3o &#8211;\u00a0Conforto resistente em Espuma High Resili\u00eancia.<\/div>\n<div>Anti\u00e1caro &#8211;\u00a0Sim.<\/div>\n<div>Antial\u00e9rgico &#8211;\u00a0Sim.<\/div>\n<div>Sistema No Turn &#8211; N\u00e3o precisa virar seu colch\u00e3o.<\/div>\n<div>Marca &#8211;\u00a0Ortobom.<\/div>\n<div>Altura (cm) &#8211;\u00a030 cm.<\/div>\n<div>Largura (cm) &#8211; 158 cm.<\/div>\n<div>Comprimento (cm) &#8211; 198 cm.<\/div>\n<div>Suporta At\u00e9 (kg) &#8211;\u00a0145 Kg por pessoa.<\/div>\n","protected":false},"excerpt":{"rendered":"<p>Agora sim vamos falar de qualidade, durabilidade, conforto e alto padr\u00e3o esse \u00e9 o colch\u00e3o Exclusive Foam que tem sua estrutura composta por espuma Pr\u00f3 Aditivada e possui em sua camada de conforto espuma HR 45 (High Resilience) de alta tecnologia, que por caracter\u00edstica retorna mais rapidamente \u00e0 sua forma original, possuindo maior elasticidade em rela\u00e7\u00e3o as espumas tradicionais. Seu conforto m\u00e1ximo \u00e9 atingido devido o perfeito toque do tecido em malha de Poli\u00e9ster e o bordado em Matelass\u00ea do tampo. O Exclusive Foam \u00e9 perfeito para todos os bi\u00f3tipos e sua beleza agrega valor a qualquer ambiente. Possui a tecnologia No Turn, que dispensa a necessidade de virar o colch\u00e3o a cada per\u00edodo. O colch\u00e3o recebe tratamento antial\u00e9rgico e anti\u00e1caro, ajudando a reduzir os problemas respirat\u00f3rios. Sem duvidas uma excelente escolha para os clientes mais exigentes.<\/p>\n<div>FICHA TECNICA<\/div>\n<div>Tipo de Espuma &#8211;\u00a0Espuma Firme Certificada 100% Poliuretano.<\/div>\n<div>Tipo do Colch\u00e3o &#8211;\u00a0Tecido em malha 100% Poliester.<\/div>\n<div>Tamanho do Colch\u00e3o &#8211;\u00a0Casal.<\/div>\n<div>Densidade da Espuma &#8211; HR45<\/div>\n<div>Revestimento do Colch\u00e3o &#8211;\u00a0Conforto resistente em Espuma High Resili\u00eancia.<\/div>\n<div>Anti\u00e1caro &#8211;\u00a0Sim.<\/div>\n<div>Antial\u00e9rgico &#8211;\u00a0Sim.<\/div>\n<div>Sistema No Turn &#8211; N\u00e3o precisa virar seu colch\u00e3o.<\/div>\n<div>Marca &#8211;\u00a0Ortobom.<\/div>\n<div>Altura (cm) &#8211;\u00a030 cm.<\/div>\n<div>Largura (cm) &#8211; 158 cm.<\/div>\n<div>Comprimento (cm) &#8211; 198 cm.<\/div>\n<div>Suporta At\u00e9 (kg) &#8211;\u00a0145 Kg por pessoa.<\/div>\n","protected":false},"featured_media":4330,"comment_status":"open","ping_status":"closed","template":"","meta":[],"product_brand":[],"product_cat":[82,78],"product_tag":[],"class_list":{"0":"post-675","1":"product","2":"type-product","3":"status-publish","4":"has-post-thumbnail","6":"product_cat-colchoes","7":"product_cat-quartos","9":"first","10":"instock","11":"shipping-taxable","12":"purchasable","13":"product-type-simple"},"yoast_head":"<!-- This site is optimized with the Yoast SEO Premium plugin v23.3 (Yoast SEO v27.5) - https:\/\/yoast.com\/product\/yoast-seo-premium-wordpress\/ -->\n<title>COLCHAO ORTOBOM EXCLUSIVE FOAM 198X158 AL 30 - Lucas Eletro<\/title>\n<meta name=\"description\" content=\"COLCHAO ORTOBOM EXCLUSIVE FOAM 198X158 AL 30\" \/>\n<meta name=\"robots\" content=\"index, follow, max-snippet:-1, max-image-preview:large, max-video-preview:-1\" \/>\n<link rel=\"canonical\" href=\"https:\/\/lucaseletro.com.br\/?product=colchao-ortobom-exclusive-foam-198x158-al-30\" \/>\n<meta property=\"og:locale\" content=\"pt_BR\" \/>\n<meta property=\"og:type\" content=\"article\" \/>\n<meta property=\"og:title\" content=\"COLCHAO ORTOBOM EXCLUSIVE FOAM 198X158 AL 30 - &#082;&#036;2.999,00 - Lucas Eletro\" \/>\n<meta property=\"og:description\" content=\"Agora sim vamos falar de qualidade, durabilidade, conforto e alto padr\u00e3o esse \u00e9 o colch\u00e3o Exclusive Foam que tem sua estrutura composta por espuma Pr\u00f3 Aditivada e possui em sua camada de conforto espuma HR 45 (High Resilience) de alta tecnologia, que por caracter\u00edstica retorna mais rapidamente \u00e0 sua forma original, possuindo maior elasticidade em rela\u00e7\u00e3o as espumas tradicionais. Seu conforto m\u00e1ximo \u00e9 atingido devido o perfeito toque do tecido em malha de Poli\u00e9ster e o bordado em Matelass\u00ea do tampo. O Exclusive Foam \u00e9 perfeito para todos os bi\u00f3tipos e sua beleza agrega valor a qualquer ambiente. Possui a tecnologia No Turn, que dispensa a necessidade de virar o colch\u00e3o a cada per\u00edodo. O colch\u00e3o recebe tratamento antial\u00e9rgico e anti\u00e1caro, ajudando a reduzir os problemas respirat\u00f3rios. Sem duvidas uma excelente escolha para os clientes mais exigentes. FICHA TECNICA Tipo de Espuma -\u00a0Espuma Firme Certificada 100% Poliuretano. Tipo do Colch\u00e3o -\u00a0Tecido em malha 100% Poliester. Tamanho do Colch\u00e3o -\u00a0Casal. Densidade da Espuma - HR45 Revestimento do Colch\u00e3o -\u00a0Conforto resistente em Espuma High Resili\u00eancia. Anti\u00e1caro -\u00a0Sim. Antial\u00e9rgico -\u00a0Sim. Sistema No Turn - N\u00e3o precisa virar seu colch\u00e3o. Marca -\u00a0Ortobom. Altura (cm) -\u00a030 cm. Largura (cm) - 158 cm. Comprimento (cm) - 198 cm. Suporta At\u00e9 (kg) -\u00a0145 Kg por pessoa.\" \/>\n<meta property=\"og:url\" content=\"https:\/\/lucaseletro.com.br\/?product=colchao-ortobom-exclusive-foam-198x158-al-30\" \/>\n<meta property=\"og:site_name\" content=\"Lucas Eletro\" \/>\n<meta property=\"article:publisher\" content=\"https:\/\/www.facebook.com\/lucas.eletro.71\" \/>\n<meta property=\"article:modified_time\" content=\"2025-08-28T12:51:50+00:00\" \/>\n<meta property=\"og:image\" content=\"https:\/\/lucaseletro.com.br\/wp-content\/uploads\/2024\/07\/660_1701776496940-1.jpg\" \/>\n\t<meta property=\"og:image:width\" content=\"1079\" \/>\n\t<meta property=\"og:image:height\" content=\"399\" \/>\n\t<meta property=\"og:image:type\" content=\"image\/jpeg\" \/>\n<meta name=\"twitter:card\" content=\"summary_large_image\" \/>\n<meta name=\"twitter:label1\" content=\"Pre\u00e7o\" \/>\n\t<meta name=\"twitter:data1\" content=\"&#082;&#036;2.999,00\" \/>\n\t<meta name=\"twitter:label2\" content=\"Disponibilidade\" \/>\n\t<meta name=\"twitter:data2\" content=\"Em Estoque\" \/>\n<script type=\"application\/ld+json\" class=\"yoast-schema-graph\">{\"@context\":\"https:\\\/\\\/schema.org\",\"@graph\":[{\"@type\":\"WebPage\",\"@id\":\"https:\\\/\\\/lucaseletro.com.br\\\/?product=colchao-ortobom-exclusive-foam-198x158-al-30\",\"url\":\"https:\\\/\\\/lucaseletro.com.br\\\/?product=colchao-ortobom-exclusive-foam-198x158-al-30\",\"name\":\"COLCHAO ORTOBOM EXCLUSIVE FOAM 198X158 AL 30 - Lucas Eletro\",\"isPartOf\":{\"@id\":\"https:\\\/\\\/lucaseletro.com.br\\\/#website\"},\"primaryImageOfPage\":{\"@id\":\"https:\\\/\\\/lucaseletro.com.br\\\/?product=colchao-ortobom-exclusive-foam-198x158-al-30#primaryimage\"},\"image\":{\"@id\":\"https:\\\/\\\/lucaseletro.com.br\\\/?product=colchao-ortobom-exclusive-foam-198x158-al-30#primaryimage\"},\"thumbnailUrl\":\"https:\\\/\\\/lucaseletro.com.br\\\/wp-content\\\/uploads\\\/2024\\\/07\\\/660_1701776496940-1.jpg\",\"datePublished\":\"2024-07-30T19:51:30+00:00\",\"dateModified\":\"2025-08-28T12:51:50+00:00\",\"description\":\"COLCHAO ORTOBOM EXCLUSIVE FOAM 198X158 AL 30\",\"breadcrumb\":{\"@id\":\"https:\\\/\\\/lucaseletro.com.br\\\/?product=colchao-ortobom-exclusive-foam-198x158-al-30#breadcrumb\"},\"inLanguage\":\"pt-BR\",\"potentialAction\":[{\"@type\":\"ReadAction\",\"target\":[\"https:\\\/\\\/lucaseletro.com.br\\\/?product=colchao-ortobom-exclusive-foam-198x158-al-30\"]}]},{\"@type\":\"ImageObject\",\"inLanguage\":\"pt-BR\",\"@id\":\"https:\\\/\\\/lucaseletro.com.br\\\/?product=colchao-ortobom-exclusive-foam-198x158-al-30#primaryimage\",\"url\":\"https:\\\/\\\/lucaseletro.com.br\\\/wp-content\\\/uploads\\\/2024\\\/07\\\/660_1701776496940-1.jpg\",\"contentUrl\":\"https:\\\/\\\/lucaseletro.com.br\\\/wp-content\\\/uploads\\\/2024\\\/07\\\/660_1701776496940-1.jpg\",\"width\":1079,\"height\":399},{\"@type\":\"BreadcrumbList\",\"@id\":\"https:\\\/\\\/lucaseletro.com.br\\\/?product=colchao-ortobom-exclusive-foam-198x158-al-30#breadcrumb\",\"itemListElement\":[{\"@type\":\"ListItem\",\"position\":1,\"name\":\"In\u00edcio\",\"item\":\"https:\\\/\\\/lucaseletro.com.br\\\/\"},{\"@type\":\"ListItem\",\"position\":2,\"name\":\"Loja\",\"item\":\"https:\\\/\\\/lucaseletro.com.br\\\/?page_id=11\"},{\"@type\":\"ListItem\",\"position\":3,\"name\":\"COLCHAO ORTOBOM EXCLUSIVE FOAM 198X158 AL 30\"}]},{\"@type\":\"WebSite\",\"@id\":\"https:\\\/\\\/lucaseletro.com.br\\\/#website\",\"url\":\"https:\\\/\\\/lucaseletro.com.br\\\/\",\"name\":\"Lucas Eletro\",\"description\":\"Realizando seus sonhos\",\"publisher\":{\"@id\":\"https:\\\/\\\/lucaseletro.com.br\\\/#organization\"},\"alternateName\":\"Lucas Eletro\",\"potentialAction\":[{\"@type\":\"SearchAction\",\"target\":{\"@type\":\"EntryPoint\",\"urlTemplate\":\"https:\\\/\\\/lucaseletro.com.br\\\/?s={search_term_string}\"},\"query-input\":{\"@type\":\"PropertyValueSpecification\",\"valueRequired\":true,\"valueName\":\"search_term_string\"}}],\"inLanguage\":\"pt-BR\"},{\"@type\":\"Organization\",\"@id\":\"https:\\\/\\\/lucaseletro.com.br\\\/#organization\",\"name\":\"Lucas Eletro\",\"alternateName\":\"Lucas Eletro\",\"url\":\"https:\\\/\\\/lucaseletro.com.br\\\/\",\"logo\":{\"@type\":\"ImageObject\",\"inLanguage\":\"pt-BR\",\"@id\":\"https:\\\/\\\/lucaseletro.com.br\\\/#\\\/schema\\\/logo\\\/image\\\/\",\"url\":\"https:\\\/\\\/lucaseletro.com.br\\\/wp-content\\\/uploads\\\/2024\\\/08\\\/Logo-WebP.webp\",\"contentUrl\":\"https:\\\/\\\/lucaseletro.com.br\\\/wp-content\\\/uploads\\\/2024\\\/08\\\/Logo-WebP.webp\",\"width\":1366,\"height\":457,\"caption\":\"Lucas Eletro\"},\"image\":{\"@id\":\"https:\\\/\\\/lucaseletro.com.br\\\/#\\\/schema\\\/logo\\\/image\\\/\"},\"sameAs\":[\"https:\\\/\\\/www.facebook.com\\\/lucas.eletro.71\"]}]}<\/script>\n<meta property=\"product:price:amount\" content=\"2999.00\" \/>\n<meta property=\"product:price:currency\" content=\"BRL\" \/>\n<meta property=\"og:availability\" content=\"instock\" \/>\n<meta property=\"product:availability\" content=\"instock\" \/>\n<meta property=\"product:condition\" content=\"new\" \/>\n<!-- \/ Yoast SEO Premium plugin. -->","yoast_head_json":{"title":"COLCHAO ORTOBOM EXCLUSIVE FOAM 198X158 AL 30 - Lucas Eletro","description":"COLCHAO ORTOBOM EXCLUSIVE FOAM 198X158 AL 30","robots":{"index":"index","follow":"follow","max-snippet":"max-snippet:-1","max-image-preview":"max-image-preview:large","max-video-preview":"max-video-preview:-1"},"canonical":"https:\/\/lucaseletro.com.br\/?product=colchao-ortobom-exclusive-foam-198x158-al-30","og_locale":"pt_BR","og_type":"article","og_title":"COLCHAO ORTOBOM EXCLUSIVE FOAM 198X158 AL 30 - &#82;&#36;2.999,00 - Lucas Eletro","og_description":"Agora sim vamos falar de qualidade, durabilidade, conforto e alto padr\u00e3o esse \u00e9 o colch\u00e3o Exclusive Foam que tem sua estrutura composta por espuma Pr\u00f3 Aditivada e possui em sua camada de conforto espuma HR 45 (High Resilience) de alta tecnologia, que por caracter\u00edstica retorna mais rapidamente \u00e0 sua forma original, possuindo maior elasticidade em rela\u00e7\u00e3o as espumas tradicionais. Seu conforto m\u00e1ximo \u00e9 atingido devido o perfeito toque do tecido em malha de Poli\u00e9ster e o bordado em Matelass\u00ea do tampo. O Exclusive Foam \u00e9 perfeito para todos os bi\u00f3tipos e sua beleza agrega valor a qualquer ambiente. Possui a tecnologia No Turn, que dispensa a necessidade de virar o colch\u00e3o a cada per\u00edodo. O colch\u00e3o recebe tratamento antial\u00e9rgico e anti\u00e1caro, ajudando a reduzir os problemas respirat\u00f3rios. Sem duvidas uma excelente escolha para os clientes mais exigentes. FICHA TECNICA Tipo de Espuma -\u00a0Espuma Firme Certificada 100% Poliuretano. Tipo do Colch\u00e3o -\u00a0Tecido em malha 100% Poliester. Tamanho do Colch\u00e3o -\u00a0Casal. Densidade da Espuma - HR45 Revestimento do Colch\u00e3o -\u00a0Conforto resistente em Espuma High Resili\u00eancia. Anti\u00e1caro -\u00a0Sim. Antial\u00e9rgico -\u00a0Sim. Sistema No Turn - N\u00e3o precisa virar seu colch\u00e3o. Marca -\u00a0Ortobom. Altura (cm) -\u00a030 cm. Largura (cm) - 158 cm. Comprimento (cm) - 198 cm. Suporta At\u00e9 (kg) -\u00a0145 Kg por pessoa.","og_url":"https:\/\/lucaseletro.com.br\/?product=colchao-ortobom-exclusive-foam-198x158-al-30","og_site_name":"Lucas Eletro","article_publisher":"https:\/\/www.facebook.com\/lucas.eletro.71","article_modified_time":"2025-08-28T12:51:50+00:00","og_image":[{"width":1079,"height":399,"url":"https:\/\/lucaseletro.com.br\/wp-content\/uploads\/2024\/07\/660_1701776496940-1.jpg","type":"image\/jpeg"}],"twitter_card":"summary_large_image","twitter_misc":{"Pre\u00e7o":"&#82;&#36;2.999,00","Disponibilidade":"Em Estoque"},"schema":{"@context":"https:\/\/schema.org","@graph":[{"@type":"WebPage","@id":"https:\/\/lucaseletro.com.br\/?product=colchao-ortobom-exclusive-foam-198x158-al-30","url":"https:\/\/lucaseletro.com.br\/?product=colchao-ortobom-exclusive-foam-198x158-al-30","name":"COLCHAO ORTOBOM EXCLUSIVE FOAM 198X158 AL 30 - Lucas Eletro","isPartOf":{"@id":"https:\/\/lucaseletro.com.br\/#website"},"primaryImageOfPage":{"@id":"https:\/\/lucaseletro.com.br\/?product=colchao-ortobom-exclusive-foam-198x158-al-30#primaryimage"},"image":{"@id":"https:\/\/lucaseletro.com.br\/?product=colchao-ortobom-exclusive-foam-198x158-al-30#primaryimage"},"thumbnailUrl":"https:\/\/lucaseletro.com.br\/wp-content\/uploads\/2024\/07\/660_1701776496940-1.jpg","datePublished":"2024-07-30T19:51:30+00:00","dateModified":"2025-08-28T12:51:50+00:00","description":"COLCHAO ORTOBOM EXCLUSIVE FOAM 198X158 AL 30","breadcrumb":{"@id":"https:\/\/lucaseletro.com.br\/?product=colchao-ortobom-exclusive-foam-198x158-al-30#breadcrumb"},"inLanguage":"pt-BR","potentialAction":[{"@type":"ReadAction","target":["https:\/\/lucaseletro.com.br\/?product=colchao-ortobom-exclusive-foam-198x158-al-30"]}]},{"@type":"ImageObject","inLanguage":"pt-BR","@id":"https:\/\/lucaseletro.com.br\/?product=colchao-ortobom-exclusive-foam-198x158-al-30#primaryimage","url":"https:\/\/lucaseletro.com.br\/wp-content\/uploads\/2024\/07\/660_1701776496940-1.jpg","contentUrl":"https:\/\/lucaseletro.com.br\/wp-content\/uploads\/2024\/07\/660_1701776496940-1.jpg","width":1079,"height":399},{"@type":"BreadcrumbList","@id":"https:\/\/lucaseletro.com.br\/?product=colchao-ortobom-exclusive-foam-198x158-al-30#breadcrumb","itemListElement":[{"@type":"ListItem","position":1,"name":"In\u00edcio","item":"https:\/\/lucaseletro.com.br\/"},{"@type":"ListItem","position":2,"name":"Loja","item":"https:\/\/lucaseletro.com.br\/?page_id=11"},{"@type":"ListItem","position":3,"name":"COLCHAO ORTOBOM EXCLUSIVE FOAM 198X158 AL 30"}]},{"@type":"WebSite","@id":"https:\/\/lucaseletro.com.br\/#website","url":"https:\/\/lucaseletro.com.br\/","name":"Lucas Eletro","description":"Realizando seus sonhos","publisher":{"@id":"https:\/\/lucaseletro.com.br\/#organization"},"alternateName":"Lucas Eletro","potentialAction":[{"@type":"SearchAction","target":{"@type":"EntryPoint","urlTemplate":"https:\/\/lucaseletro.com.br\/?s={search_term_string}"},"query-input":{"@type":"PropertyValueSpecification","valueRequired":true,"valueName":"search_term_string"}}],"inLanguage":"pt-BR"},{"@type":"Organization","@id":"https:\/\/lucaseletro.com.br\/#organization","name":"Lucas Eletro","alternateName":"Lucas Eletro","url":"https:\/\/lucaseletro.com.br\/","logo":{"@type":"ImageObject","inLanguage":"pt-BR","@id":"https:\/\/lucaseletro.com.br\/#\/schema\/logo\/image\/","url":"https:\/\/lucaseletro.com.br\/wp-content\/uploads\/2024\/08\/Logo-WebP.webp","contentUrl":"https:\/\/lucaseletro.com.br\/wp-content\/uploads\/2024\/08\/Logo-WebP.webp","width":1366,"height":457,"caption":"Lucas Eletro"},"image":{"@id":"https:\/\/lucaseletro.com.br\/#\/schema\/logo\/image\/"},"sameAs":["https:\/\/www.facebook.com\/lucas.eletro.71"]}]},"product_price_amount":"2999.00","product_price_currency":"BRL","og_availability":"instock","product_availability":"instock","product_condition":"new"},"_links":{"self":[{"href":"https:\/\/lucaseletro.com.br\/index.php?rest_route=\/wp\/v2\/product\/675","targetHints":{"allow":["GET"]}}],"collection":[{"href":"https:\/\/lucaseletro.com.br\/index.php?rest_route=\/wp\/v2\/product"}],"about":[{"href":"https:\/\/lucaseletro.com.br\/index.php?rest_route=\/wp\/v2\/types\/product"}],"replies":[{"embeddable":true,"href":"https:\/\/lucaseletro.com.br\/index.php?rest_route=%2Fwp%2Fv2%2Fcomments&post=675"}],"wp:featuredmedia":[{"embeddable":true,"href":"https:\/\/lucaseletro.com.br\/index.php?rest_route=\/wp\/v2\/media\/4330"}],"wp:attachment":[{"href":"https:\/\/lucaseletro.com.br\/index.php?rest_route=%2Fwp%2Fv2%2Fmedia&parent=675"}],"wp:term":[{"taxonomy":"product_brand","embeddable":true,"href":"https:\/\/lucaseletro.com.br\/index.php?rest_route=%2Fwp%2Fv2%2Fproduct_brand&post=675"},{"taxonomy":"product_cat","embeddable":true,"href":"https:\/\/lucaseletro.com.br\/index.php?rest_route=%2Fwp%2Fv2%2Fproduct_cat&post=675"},{"taxonomy":"product_tag","embeddable":true,"href":"https:\/\/lucaseletro.com.br\/index.php?rest_route=%2Fwp%2Fv2%2Fproduct_tag&post=675"}],"curies":[{"name":"wp","href":"https:\/\/api.w.org\/{rel}","templated":true}]}}