{"id":828,"date":"2024-07-30T16:51:45","date_gmt":"2024-07-30T19:51:45","guid":{"rendered":"https:\/\/lucaseletro.com.br\/product\/colchao-gazin-molas-twins-molejo-24x198x158\/"},"modified":"2025-08-26T14:47:54","modified_gmt":"2025-08-26T17:47:54","slug":"colchao-gazin-molas-twins-molejo-24x198x158","status":"publish","type":"product","link":"https:\/\/lucaseletro.com.br\/?product=colchao-gazin-molas-twins-molejo-24x198x158","title":{"rendered":"COLCHAO GAZIN MOLAS TWINS MOLEJO 24X198X158"},"content":{"rendered":"<div class=\"float\">\n<div class=\"center\">\n<div class=\"title-shelf\">\n<h3 class=\"fw600 colorblack\">Informa\u00e7\u00f5es T\u00e9cnica<\/h3>\n<\/div>\n<div class=\"box-details\">\n<div>\n<p>Suas noites de sono precis\u00e3o do colch\u00e3o queen de molas ensacadas Twins da Gazin. Seu revestimento superior em malha permite uma melhor ventila\u00e7\u00e3o do tecido, oferecendo conforto t\u00e9rmico e uma elevada sensa\u00e7\u00e3o de maciez em contato com a pele. O revestimento inferior \u00e9 antiderrapante, fazendo com que o colch\u00e3o n\u00e3o escorregue sobre a base, trazendo maior seguran\u00e7a para as suas noites de sono. Esse colch\u00e3o queen molas ensacadas possui manta de espuma D33 (superior) que proporciona sensa\u00e7\u00e3o de comodidade em contato com o corpo. E a espuma D20 (inferior) garante o alinhamento da estrutura e resist\u00eancia do produto. As molas ensacadas soft pillow n\u00e3o trintam entre si, evitando assim ru\u00eddos durante o uso. Al\u00e9m de agir em conjunto com a espuma para garantir maior firmeza e bem-estar. Esse colch\u00e3o possui altura de 34cm e \u00e9 ideal para camas ou box com largura de 158cm. O colch\u00e3o de molas queen da Gazin possui design robusto e arrojado para oferecer beleza e aconchego para o seu quarto.<\/p>\n<\/div>\n<\/div>\n<div class=\"clear\"><\/div>\n<\/div>\n<\/div>\n<div class=\"float\">\n<div class=\"center\">\n<div class=\"table-specifications\">\n<table class=\"table-product-specifications\" border=\"0\" width=\"100%\" cellspacing=\"0\" cellpadding=\"0\">\n<thead>\n<tr>\n<td colspan=\"2\">Especifica\u00e7\u00f5es<\/td>\n<\/tr>\n<\/thead>\n<tbody>\n<tr>\n<td>Cor<\/td>\n<td class=\"cor\">Bege<\/td>\n<\/tr>\n<tr>\n<td>Tipo<\/td>\n<td class=\"tipo\">Colch\u00f5es de Molas<\/td>\n<\/tr>\n<tr>\n<td>Tipo de Mola<\/td>\n<td class=\"tipo-de-mola\">Ensacadas<\/td>\n<\/tr>\n<tr>\n<td>Possui Certificado<\/td>\n<td class=\"possui-certificado\">Sim<\/td>\n<\/tr>\n<tr>\n<td>Possui Pillow<\/td>\n<td class=\"possui-pillow\">Sim<\/td>\n<\/tr>\n<tr>\n<td>Dimens\u00f5es (A x L x P) cm<\/td>\n<td class=\"dimensoes-a-x-l-x-p-cm\">34 x 158 x 198<\/td>\n<\/tr>\n<tr>\n<td>Possui Ba\u00fa<\/td>\n<td class=\"possui-bau\">N\u00e3o<\/td>\n<\/tr>\n<tr>\n<td>Marca<\/td>\n<td class=\"marca\">Gazin<\/td>\n<\/tr>\n<tr>\n<td>Garantia<\/td>\n<td class=\"garantia\">1 ano<\/td>\n<\/tr>\n<tr>\n<td>Permite a Utiliza\u00e7\u00e3o de Cama Auxiliar<\/td>\n<td class=\"permite-a-utilizacao-de-cama-auxiliar\">N\u00e3o<\/td>\n<\/tr>\n<tr>\n<td>Estrutura<\/td>\n<td class=\"estrutura\">Matelass\u00ea Malha + Fibra siliconada | Manta D33 | Feltro | Molas Ensacadas | Tampo TNT 100 gr\/m\u00b2 \/ Feltro | EPS | Manta D20 Tecido antiderrapante<\/td>\n<\/tr>\n<tr>\n<td>Observa\u00e7\u00e3o<\/td>\n<td class=\"observacao\">Imagens meramente ilustrativas. Os objetos decorativos que ambientam as fotos n\u00e3o s\u00e3o vendidos e n\u00e3o acompanham o produto. A tonalidade do produto pode variar entre a imagem de exibi\u00e7\u00e3o e o item f\u00edsico. Em virtude de constantes aperfei\u00e7oamentos em sua linha de produtos,a empresa reserva-se no direito de proceder,sem pr\u00e9vio aviso,\u00e0s modifica\u00e7\u00f5es t\u00e9cnicas que julgar conveniente. Todos os direitos reservados.<\/td>\n<\/tr>\n<tr>\n<td>Necessita de Montagem<\/td>\n<td class=\"necessita-de-montagem\">Sim<\/td>\n<\/tr>\n<tr>\n<td>Densidade<\/td>\n<td class=\"densidade\">D33 (Superf\u00edcie) e D20 (Inferior)<\/td>\n<\/tr>\n<tr>\n<td>Modelo<\/td>\n<td class=\"modelo\">Twins<\/td>\n<\/tr>\n<tr>\n<td>Acompanha Cama Auxiliar<\/td>\n<td class=\"acompanha-cama-auxiliar\">N\u00e3o<\/td>\n<\/tr>\n<\/tbody>\n<\/table>\n<\/div>\n<\/div>\n<\/div>\n","protected":false},"excerpt":{"rendered":"<div class=\"float\">\n<div class=\"center\">\n<div class=\"title-shelf\">\n<h3 class=\"fw600 colorblack\">Informa\u00e7\u00f5es T\u00e9cnica<\/h3>\n<\/div>\n<div class=\"box-details\">\n<div>\n<p>Suas noites de sono precis\u00e3o do colch\u00e3o queen de molas ensacadas Twins da Gazin. Seu revestimento superior em malha permite uma melhor ventila\u00e7\u00e3o do tecido, oferecendo conforto t\u00e9rmico e uma elevada sensa\u00e7\u00e3o de maciez em contato com a pele. O revestimento inferior \u00e9 antiderrapante, fazendo com que o colch\u00e3o n\u00e3o escorregue sobre a base, trazendo maior seguran\u00e7a para as suas noites de sono. Esse colch\u00e3o queen molas ensacadas possui manta de espuma D33 (superior) que proporciona sensa\u00e7\u00e3o de comodidade em contato com o corpo. E a espuma D20 (inferior) garante o alinhamento da estrutura e resist\u00eancia do produto. As molas ensacadas soft pillow n\u00e3o trintam entre si, evitando assim ru\u00eddos durante o uso. Al\u00e9m de agir em conjunto com a espuma para garantir maior firmeza e bem-estar. Esse colch\u00e3o possui altura de 34cm e \u00e9 ideal para camas ou box com largura de 158cm. O colch\u00e3o de molas queen da Gazin possui design robusto e arrojado para oferecer beleza e aconchego para o seu quarto.<\/p>\n<\/div>\n<\/div>\n<div class=\"clear\"><\/div>\n<\/div>\n<\/div>\n<div class=\"float\">\n<div class=\"center\">\n<div class=\"table-specifications\">\n<table class=\"table-product-specifications\" border=\"0\" width=\"100%\" cellspacing=\"0\" cellpadding=\"0\">\n<thead>\n<tr>\n<td colspan=\"2\">Especifica\u00e7\u00f5es<\/td>\n<\/tr>\n<\/thead>\n<tbody>\n<tr>\n<td>Cor<\/td>\n<td class=\"cor\">Bege<\/td>\n<\/tr>\n<tr>\n<td>Tipo<\/td>\n<td class=\"tipo\">Colch\u00f5es de Molas<\/td>\n<\/tr>\n<tr>\n<td>Tipo de Mola<\/td>\n<td class=\"tipo-de-mola\">Ensacadas<\/td>\n<\/tr>\n<tr>\n<td>Possui Certificado<\/td>\n<td class=\"possui-certificado\">Sim<\/td>\n<\/tr>\n<tr>\n<td>Possui Pillow<\/td>\n<td class=\"possui-pillow\">Sim<\/td>\n<\/tr>\n<tr>\n<td>Dimens\u00f5es (A x L x P) cm<\/td>\n<td class=\"dimensoes-a-x-l-x-p-cm\">34 x 158 x 198<\/td>\n<\/tr>\n<tr>\n<td>Possui Ba\u00fa<\/td>\n<td class=\"possui-bau\">N\u00e3o<\/td>\n<\/tr>\n<tr>\n<td>Marca<\/td>\n<td class=\"marca\">Gazin<\/td>\n<\/tr>\n<tr>\n<td>Garantia<\/td>\n<td class=\"garantia\">1 ano<\/td>\n<\/tr>\n<tr>\n<td>Permite a Utiliza\u00e7\u00e3o de Cama Auxiliar<\/td>\n<td class=\"permite-a-utilizacao-de-cama-auxiliar\">N\u00e3o<\/td>\n<\/tr>\n<tr>\n<td>Estrutura<\/td>\n<td class=\"estrutura\">Matelass\u00ea Malha + Fibra siliconada | Manta D33 | Feltro | Molas Ensacadas | Tampo TNT 100 gr\/m\u00b2 \/ Feltro | EPS | Manta D20 Tecido antiderrapante<\/td>\n<\/tr>\n<tr>\n<td>Observa\u00e7\u00e3o<\/td>\n<td class=\"observacao\">Imagens meramente ilustrativas. Os objetos decorativos que ambientam as fotos n\u00e3o s\u00e3o vendidos e n\u00e3o acompanham o produto. A tonalidade do produto pode variar entre a imagem de exibi\u00e7\u00e3o e o item f\u00edsico. Em virtude de constantes aperfei\u00e7oamentos em sua linha de produtos,a empresa reserva-se no direito de proceder,sem pr\u00e9vio aviso,\u00e0s modifica\u00e7\u00f5es t\u00e9cnicas que julgar conveniente. Todos os direitos reservados.<\/td>\n<\/tr>\n<tr>\n<td>Necessita de Montagem<\/td>\n<td class=\"necessita-de-montagem\">Sim<\/td>\n<\/tr>\n<tr>\n<td>Densidade<\/td>\n<td class=\"densidade\">D33 (Superf\u00edcie) e D20 (Inferior)<\/td>\n<\/tr>\n<tr>\n<td>Modelo<\/td>\n<td class=\"modelo\">Twins<\/td>\n<\/tr>\n<tr>\n<td>Acompanha Cama Auxiliar<\/td>\n<td class=\"acompanha-cama-auxiliar\">N\u00e3o<\/td>\n<\/tr>\n<\/tbody>\n<\/table>\n<\/div>\n<\/div>\n<\/div>\n","protected":false},"featured_media":4306,"comment_status":"open","ping_status":"closed","template":"","meta":[],"product_brand":[],"product_cat":[82,78],"product_tag":[],"class_list":{"0":"post-828","1":"product","2":"type-product","3":"status-publish","4":"has-post-thumbnail","6":"product_cat-colchoes","7":"product_cat-quartos","9":"first","10":"instock","11":"shipping-taxable","12":"purchasable","13":"product-type-simple"},"yoast_head":"<!-- This site is optimized with the Yoast SEO Premium plugin v23.3 (Yoast SEO v27.5) - https:\/\/yoast.com\/product\/yoast-seo-premium-wordpress\/ -->\n<title>COLCHAO GAZIN MOLAS TWINS MOLEJO 24X198X158 - Lucas Eletro<\/title>\n<meta name=\"description\" content=\"COLCHAO GAZIN MOLAS TWINS MOLEJO 24X198X158\" \/>\n<meta name=\"robots\" content=\"index, follow, max-snippet:-1, max-image-preview:large, max-video-preview:-1\" \/>\n<link rel=\"canonical\" href=\"https:\/\/lucaseletro.com.br\/?product=colchao-gazin-molas-twins-molejo-24x198x158\" \/>\n<meta property=\"og:locale\" content=\"pt_BR\" \/>\n<meta property=\"og:type\" content=\"article\" \/>\n<meta property=\"og:title\" content=\"COLCHAO GAZIN MOLAS TWINS MOLEJO 24X198X158 - &#082;&#036;1.799,00 - Lucas Eletro\" \/>\n<meta property=\"og:description\" content=\"Informa\u00e7\u00f5es T\u00e9cnica     Suas noites de sono precis\u00e3o do colch\u00e3o queen de molas ensacadas Twins da Gazin. Seu revestimento superior em malha permite uma melhor ventila\u00e7\u00e3o do tecido, oferecendo conforto t\u00e9rmico e uma elevada sensa\u00e7\u00e3o de maciez em contato com a pele. O revestimento inferior \u00e9 antiderrapante, fazendo com que o colch\u00e3o n\u00e3o escorregue sobre a base, trazendo maior seguran\u00e7a para as suas noites de sono. Esse colch\u00e3o queen molas ensacadas possui manta de espuma D33 (superior) que proporciona sensa\u00e7\u00e3o de comodidade em contato com o corpo. E a espuma D20 (inferior) garante o alinhamento da estrutura e resist\u00eancia do produto. As molas ensacadas soft pillow n\u00e3o trintam entre si, evitando assim ru\u00eddos durante o uso. Al\u00e9m de agir em conjunto com a espuma para garantir maior firmeza e bem-estar. Esse colch\u00e3o possui altura de 34cm e \u00e9 ideal para camas ou box com largura de 158cm. O colch\u00e3o de molas queen da Gazin possui design robusto e arrojado para oferecer beleza e aconchego para o seu quarto.             Especifica\u00e7\u00f5es     Cor Bege   Tipo Colch\u00f5es de Molas   Tipo de Mola Ensacadas   Possui Certificado Sim   Possui Pillow Sim   Dimens\u00f5es (A x L x P) cm 34 x 158 x 198   Possui Ba\u00fa N\u00e3o   Marca Gazin   Garantia 1 ano   Permite a Utiliza\u00e7\u00e3o de Cama Auxiliar N\u00e3o   Estrutura Matelass\u00ea Malha + Fibra siliconada | Manta D33 | Feltro | Molas Ensacadas | Tampo TNT 100 gr\/m\u00b2 \/ Feltro | EPS | Manta D20 Tecido antiderrapante   Observa\u00e7\u00e3o Imagens meramente ilustrativas. Os objetos decorativos que ambientam as fotos n\u00e3o s\u00e3o vendidos e n\u00e3o acompanham o produto. A tonalidade do produto pode variar entre a imagem de exibi\u00e7\u00e3o e o item f\u00edsico. Em virtude de constantes aperfei\u00e7oamentos em sua linha de produtos,a empresa reserva-se no direito de proceder,sem pr\u00e9vio aviso,\u00e0s modifica\u00e7\u00f5es t\u00e9cnicas que julgar conveniente. Todos os direitos reservados.   Necessita de Montagem Sim   Densidade D33 (Superf\u00edcie) e D20 (Inferior)   Modelo Twins   Acompanha Cama Auxiliar N\u00e3o\" \/>\n<meta property=\"og:url\" content=\"https:\/\/lucaseletro.com.br\/?product=colchao-gazin-molas-twins-molejo-24x198x158\" \/>\n<meta property=\"og:site_name\" content=\"Lucas Eletro\" \/>\n<meta property=\"article:publisher\" content=\"https:\/\/www.facebook.com\/lucas.eletro.71\" \/>\n<meta property=\"article:modified_time\" content=\"2025-08-26T17:47:54+00:00\" \/>\n<meta property=\"og:image\" content=\"https:\/\/lucaseletro.com.br\/wp-content\/uploads\/2024\/07\/colchao-queen-de-molas-ensacadas-twins-gazin-198cm-x-158cm_10511.jpg\" \/>\n\t<meta property=\"og:image:width\" content=\"1000\" \/>\n\t<meta property=\"og:image:height\" content=\"1000\" \/>\n\t<meta property=\"og:image:type\" content=\"image\/jpeg\" \/>\n<meta name=\"twitter:card\" content=\"summary_large_image\" \/>\n<meta name=\"twitter:label1\" content=\"Pre\u00e7o\" \/>\n\t<meta name=\"twitter:data1\" content=\"&#082;&#036;1.799,00\" \/>\n\t<meta name=\"twitter:label2\" content=\"Disponibilidade\" \/>\n\t<meta name=\"twitter:data2\" content=\"Em Estoque\" \/>\n<script type=\"application\/ld+json\" class=\"yoast-schema-graph\">{\"@context\":\"https:\\\/\\\/schema.org\",\"@graph\":[{\"@type\":\"WebPage\",\"@id\":\"https:\\\/\\\/lucaseletro.com.br\\\/?product=colchao-gazin-molas-twins-molejo-24x198x158\",\"url\":\"https:\\\/\\\/lucaseletro.com.br\\\/?product=colchao-gazin-molas-twins-molejo-24x198x158\",\"name\":\"COLCHAO GAZIN MOLAS TWINS MOLEJO 24X198X158 - Lucas Eletro\",\"isPartOf\":{\"@id\":\"https:\\\/\\\/lucaseletro.com.br\\\/#website\"},\"primaryImageOfPage\":{\"@id\":\"https:\\\/\\\/lucaseletro.com.br\\\/?product=colchao-gazin-molas-twins-molejo-24x198x158#primaryimage\"},\"image\":{\"@id\":\"https:\\\/\\\/lucaseletro.com.br\\\/?product=colchao-gazin-molas-twins-molejo-24x198x158#primaryimage\"},\"thumbnailUrl\":\"https:\\\/\\\/lucaseletro.com.br\\\/wp-content\\\/uploads\\\/2024\\\/07\\\/colchao-queen-de-molas-ensacadas-twins-gazin-198cm-x-158cm_10511.jpg\",\"datePublished\":\"2024-07-30T19:51:45+00:00\",\"dateModified\":\"2025-08-26T17:47:54+00:00\",\"description\":\"COLCHAO GAZIN MOLAS TWINS MOLEJO 24X198X158\",\"breadcrumb\":{\"@id\":\"https:\\\/\\\/lucaseletro.com.br\\\/?product=colchao-gazin-molas-twins-molejo-24x198x158#breadcrumb\"},\"inLanguage\":\"pt-BR\",\"potentialAction\":[{\"@type\":\"ReadAction\",\"target\":[\"https:\\\/\\\/lucaseletro.com.br\\\/?product=colchao-gazin-molas-twins-molejo-24x198x158\"]}]},{\"@type\":\"ImageObject\",\"inLanguage\":\"pt-BR\",\"@id\":\"https:\\\/\\\/lucaseletro.com.br\\\/?product=colchao-gazin-molas-twins-molejo-24x198x158#primaryimage\",\"url\":\"https:\\\/\\\/lucaseletro.com.br\\\/wp-content\\\/uploads\\\/2024\\\/07\\\/colchao-queen-de-molas-ensacadas-twins-gazin-198cm-x-158cm_10511.jpg\",\"contentUrl\":\"https:\\\/\\\/lucaseletro.com.br\\\/wp-content\\\/uploads\\\/2024\\\/07\\\/colchao-queen-de-molas-ensacadas-twins-gazin-198cm-x-158cm_10511.jpg\",\"width\":1000,\"height\":1000},{\"@type\":\"BreadcrumbList\",\"@id\":\"https:\\\/\\\/lucaseletro.com.br\\\/?product=colchao-gazin-molas-twins-molejo-24x198x158#breadcrumb\",\"itemListElement\":[{\"@type\":\"ListItem\",\"position\":1,\"name\":\"In\u00edcio\",\"item\":\"https:\\\/\\\/lucaseletro.com.br\\\/\"},{\"@type\":\"ListItem\",\"position\":2,\"name\":\"Loja\",\"item\":\"https:\\\/\\\/lucaseletro.com.br\\\/?page_id=11\"},{\"@type\":\"ListItem\",\"position\":3,\"name\":\"COLCHAO GAZIN MOLAS TWINS MOLEJO 24X198X158\"}]},{\"@type\":\"WebSite\",\"@id\":\"https:\\\/\\\/lucaseletro.com.br\\\/#website\",\"url\":\"https:\\\/\\\/lucaseletro.com.br\\\/\",\"name\":\"Lucas Eletro\",\"description\":\"Realizando seus sonhos\",\"publisher\":{\"@id\":\"https:\\\/\\\/lucaseletro.com.br\\\/#organization\"},\"alternateName\":\"Lucas Eletro\",\"potentialAction\":[{\"@type\":\"SearchAction\",\"target\":{\"@type\":\"EntryPoint\",\"urlTemplate\":\"https:\\\/\\\/lucaseletro.com.br\\\/?s={search_term_string}\"},\"query-input\":{\"@type\":\"PropertyValueSpecification\",\"valueRequired\":true,\"valueName\":\"search_term_string\"}}],\"inLanguage\":\"pt-BR\"},{\"@type\":\"Organization\",\"@id\":\"https:\\\/\\\/lucaseletro.com.br\\\/#organization\",\"name\":\"Lucas Eletro\",\"alternateName\":\"Lucas Eletro\",\"url\":\"https:\\\/\\\/lucaseletro.com.br\\\/\",\"logo\":{\"@type\":\"ImageObject\",\"inLanguage\":\"pt-BR\",\"@id\":\"https:\\\/\\\/lucaseletro.com.br\\\/#\\\/schema\\\/logo\\\/image\\\/\",\"url\":\"https:\\\/\\\/lucaseletro.com.br\\\/wp-content\\\/uploads\\\/2024\\\/08\\\/Logo-WebP.webp\",\"contentUrl\":\"https:\\\/\\\/lucaseletro.com.br\\\/wp-content\\\/uploads\\\/2024\\\/08\\\/Logo-WebP.webp\",\"width\":1366,\"height\":457,\"caption\":\"Lucas Eletro\"},\"image\":{\"@id\":\"https:\\\/\\\/lucaseletro.com.br\\\/#\\\/schema\\\/logo\\\/image\\\/\"},\"sameAs\":[\"https:\\\/\\\/www.facebook.com\\\/lucas.eletro.71\"]}]}<\/script>\n<meta property=\"product:price:amount\" content=\"1799.00\" \/>\n<meta property=\"product:price:currency\" content=\"BRL\" \/>\n<meta property=\"og:availability\" content=\"instock\" \/>\n<meta property=\"product:availability\" content=\"instock\" \/>\n<meta property=\"product:condition\" content=\"new\" \/>\n<!-- \/ Yoast SEO Premium plugin. -->","yoast_head_json":{"title":"COLCHAO GAZIN MOLAS TWINS MOLEJO 24X198X158 - Lucas Eletro","description":"COLCHAO GAZIN MOLAS TWINS MOLEJO 24X198X158","robots":{"index":"index","follow":"follow","max-snippet":"max-snippet:-1","max-image-preview":"max-image-preview:large","max-video-preview":"max-video-preview:-1"},"canonical":"https:\/\/lucaseletro.com.br\/?product=colchao-gazin-molas-twins-molejo-24x198x158","og_locale":"pt_BR","og_type":"article","og_title":"COLCHAO GAZIN MOLAS TWINS MOLEJO 24X198X158 - &#82;&#36;1.799,00 - Lucas Eletro","og_description":"Informa\u00e7\u00f5es T\u00e9cnica     Suas noites de sono precis\u00e3o do colch\u00e3o queen de molas ensacadas Twins da Gazin. Seu revestimento superior em malha permite uma melhor ventila\u00e7\u00e3o do tecido, oferecendo conforto t\u00e9rmico e uma elevada sensa\u00e7\u00e3o de maciez em contato com a pele. O revestimento inferior \u00e9 antiderrapante, fazendo com que o colch\u00e3o n\u00e3o escorregue sobre a base, trazendo maior seguran\u00e7a para as suas noites de sono. Esse colch\u00e3o queen molas ensacadas possui manta de espuma D33 (superior) que proporciona sensa\u00e7\u00e3o de comodidade em contato com o corpo. E a espuma D20 (inferior) garante o alinhamento da estrutura e resist\u00eancia do produto. As molas ensacadas soft pillow n\u00e3o trintam entre si, evitando assim ru\u00eddos durante o uso. Al\u00e9m de agir em conjunto com a espuma para garantir maior firmeza e bem-estar. Esse colch\u00e3o possui altura de 34cm e \u00e9 ideal para camas ou box com largura de 158cm. O colch\u00e3o de molas queen da Gazin possui design robusto e arrojado para oferecer beleza e aconchego para o seu quarto.             Especifica\u00e7\u00f5es     Cor Bege   Tipo Colch\u00f5es de Molas   Tipo de Mola Ensacadas   Possui Certificado Sim   Possui Pillow Sim   Dimens\u00f5es (A x L x P) cm 34 x 158 x 198   Possui Ba\u00fa N\u00e3o   Marca Gazin   Garantia 1 ano   Permite a Utiliza\u00e7\u00e3o de Cama Auxiliar N\u00e3o   Estrutura Matelass\u00ea Malha + Fibra siliconada | Manta D33 | Feltro | Molas Ensacadas | Tampo TNT 100 gr\/m\u00b2 \/ Feltro | EPS | Manta D20 Tecido antiderrapante   Observa\u00e7\u00e3o Imagens meramente ilustrativas. Os objetos decorativos que ambientam as fotos n\u00e3o s\u00e3o vendidos e n\u00e3o acompanham o produto. A tonalidade do produto pode variar entre a imagem de exibi\u00e7\u00e3o e o item f\u00edsico. Em virtude de constantes aperfei\u00e7oamentos em sua linha de produtos,a empresa reserva-se no direito de proceder,sem pr\u00e9vio aviso,\u00e0s modifica\u00e7\u00f5es t\u00e9cnicas que julgar conveniente. Todos os direitos reservados.   Necessita de Montagem Sim   Densidade D33 (Superf\u00edcie) e D20 (Inferior)   Modelo Twins   Acompanha Cama Auxiliar N\u00e3o","og_url":"https:\/\/lucaseletro.com.br\/?product=colchao-gazin-molas-twins-molejo-24x198x158","og_site_name":"Lucas Eletro","article_publisher":"https:\/\/www.facebook.com\/lucas.eletro.71","article_modified_time":"2025-08-26T17:47:54+00:00","og_image":[{"width":1000,"height":1000,"url":"https:\/\/lucaseletro.com.br\/wp-content\/uploads\/2024\/07\/colchao-queen-de-molas-ensacadas-twins-gazin-198cm-x-158cm_10511.jpg","type":"image\/jpeg"}],"twitter_card":"summary_large_image","twitter_misc":{"Pre\u00e7o":"&#82;&#36;1.799,00","Disponibilidade":"Em Estoque"},"schema":{"@context":"https:\/\/schema.org","@graph":[{"@type":"WebPage","@id":"https:\/\/lucaseletro.com.br\/?product=colchao-gazin-molas-twins-molejo-24x198x158","url":"https:\/\/lucaseletro.com.br\/?product=colchao-gazin-molas-twins-molejo-24x198x158","name":"COLCHAO GAZIN MOLAS TWINS MOLEJO 24X198X158 - Lucas Eletro","isPartOf":{"@id":"https:\/\/lucaseletro.com.br\/#website"},"primaryImageOfPage":{"@id":"https:\/\/lucaseletro.com.br\/?product=colchao-gazin-molas-twins-molejo-24x198x158#primaryimage"},"image":{"@id":"https:\/\/lucaseletro.com.br\/?product=colchao-gazin-molas-twins-molejo-24x198x158#primaryimage"},"thumbnailUrl":"https:\/\/lucaseletro.com.br\/wp-content\/uploads\/2024\/07\/colchao-queen-de-molas-ensacadas-twins-gazin-198cm-x-158cm_10511.jpg","datePublished":"2024-07-30T19:51:45+00:00","dateModified":"2025-08-26T17:47:54+00:00","description":"COLCHAO GAZIN MOLAS TWINS MOLEJO 24X198X158","breadcrumb":{"@id":"https:\/\/lucaseletro.com.br\/?product=colchao-gazin-molas-twins-molejo-24x198x158#breadcrumb"},"inLanguage":"pt-BR","potentialAction":[{"@type":"ReadAction","target":["https:\/\/lucaseletro.com.br\/?product=colchao-gazin-molas-twins-molejo-24x198x158"]}]},{"@type":"ImageObject","inLanguage":"pt-BR","@id":"https:\/\/lucaseletro.com.br\/?product=colchao-gazin-molas-twins-molejo-24x198x158#primaryimage","url":"https:\/\/lucaseletro.com.br\/wp-content\/uploads\/2024\/07\/colchao-queen-de-molas-ensacadas-twins-gazin-198cm-x-158cm_10511.jpg","contentUrl":"https:\/\/lucaseletro.com.br\/wp-content\/uploads\/2024\/07\/colchao-queen-de-molas-ensacadas-twins-gazin-198cm-x-158cm_10511.jpg","width":1000,"height":1000},{"@type":"BreadcrumbList","@id":"https:\/\/lucaseletro.com.br\/?product=colchao-gazin-molas-twins-molejo-24x198x158#breadcrumb","itemListElement":[{"@type":"ListItem","position":1,"name":"In\u00edcio","item":"https:\/\/lucaseletro.com.br\/"},{"@type":"ListItem","position":2,"name":"Loja","item":"https:\/\/lucaseletro.com.br\/?page_id=11"},{"@type":"ListItem","position":3,"name":"COLCHAO GAZIN MOLAS TWINS MOLEJO 24X198X158"}]},{"@type":"WebSite","@id":"https:\/\/lucaseletro.com.br\/#website","url":"https:\/\/lucaseletro.com.br\/","name":"Lucas Eletro","description":"Realizando seus sonhos","publisher":{"@id":"https:\/\/lucaseletro.com.br\/#organization"},"alternateName":"Lucas Eletro","potentialAction":[{"@type":"SearchAction","target":{"@type":"EntryPoint","urlTemplate":"https:\/\/lucaseletro.com.br\/?s={search_term_string}"},"query-input":{"@type":"PropertyValueSpecification","valueRequired":true,"valueName":"search_term_string"}}],"inLanguage":"pt-BR"},{"@type":"Organization","@id":"https:\/\/lucaseletro.com.br\/#organization","name":"Lucas Eletro","alternateName":"Lucas Eletro","url":"https:\/\/lucaseletro.com.br\/","logo":{"@type":"ImageObject","inLanguage":"pt-BR","@id":"https:\/\/lucaseletro.com.br\/#\/schema\/logo\/image\/","url":"https:\/\/lucaseletro.com.br\/wp-content\/uploads\/2024\/08\/Logo-WebP.webp","contentUrl":"https:\/\/lucaseletro.com.br\/wp-content\/uploads\/2024\/08\/Logo-WebP.webp","width":1366,"height":457,"caption":"Lucas Eletro"},"image":{"@id":"https:\/\/lucaseletro.com.br\/#\/schema\/logo\/image\/"},"sameAs":["https:\/\/www.facebook.com\/lucas.eletro.71"]}]},"product_price_amount":"1799.00","product_price_currency":"BRL","og_availability":"instock","product_availability":"instock","product_condition":"new"},"_links":{"self":[{"href":"https:\/\/lucaseletro.com.br\/index.php?rest_route=\/wp\/v2\/product\/828","targetHints":{"allow":["GET"]}}],"collection":[{"href":"https:\/\/lucaseletro.com.br\/index.php?rest_route=\/wp\/v2\/product"}],"about":[{"href":"https:\/\/lucaseletro.com.br\/index.php?rest_route=\/wp\/v2\/types\/product"}],"replies":[{"embeddable":true,"href":"https:\/\/lucaseletro.com.br\/index.php?rest_route=%2Fwp%2Fv2%2Fcomments&post=828"}],"wp:featuredmedia":[{"embeddable":true,"href":"https:\/\/lucaseletro.com.br\/index.php?rest_route=\/wp\/v2\/media\/4306"}],"wp:attachment":[{"href":"https:\/\/lucaseletro.com.br\/index.php?rest_route=%2Fwp%2Fv2%2Fmedia&parent=828"}],"wp:term":[{"taxonomy":"product_brand","embeddable":true,"href":"https:\/\/lucaseletro.com.br\/index.php?rest_route=%2Fwp%2Fv2%2Fproduct_brand&post=828"},{"taxonomy":"product_cat","embeddable":true,"href":"https:\/\/lucaseletro.com.br\/index.php?rest_route=%2Fwp%2Fv2%2Fproduct_cat&post=828"},{"taxonomy":"product_tag","embeddable":true,"href":"https:\/\/lucaseletro.com.br\/index.php?rest_route=%2Fwp%2Fv2%2Fproduct_tag&post=828"}],"curies":[{"name":"wp","href":"https:\/\/api.w.org\/{rel}","templated":true}]}}