{"id":836,"date":"2024-07-30T16:51:46","date_gmt":"2024-07-30T19:51:46","guid":{"rendered":"https:\/\/lucaseletro.com.br\/product\/painel-patrimar-yan-cinamomo\/"},"modified":"2025-07-25T11:12:44","modified_gmt":"2025-07-25T14:12:44","slug":"painel-patrimar-yan-cinamomo","status":"publish","type":"product","link":"https:\/\/lucaseletro.com.br\/?product=painel-patrimar-yan-cinamomo","title":{"rendered":"HOME ANGEL PATRIMAR 1.60 OFF WHITE CINAMOMO"},"content":{"rendered":"<div>Home Angel \u00e9 a solu\u00e7\u00e3o ideal para quem busca cuidado, conforto e seguran\u00e7a no lar. Nossa miss\u00e3o \u00e9 proporcionar bem-estar atrav\u00e9s de servi\u00e7os humanizados, eficientes e adaptados \u00e0s necessidades de cada cliente.<\/div>\n<div><\/div>\n<div>Dimens\u00f5es:<\/div>\n<div>*Altura:193cm<\/div>\n<div>*Largura:160cm<\/div>\n<div>*Profundidade:40cm<\/div>\n<div><\/div>\n<div>Caracter\u00edsticas:<\/div>\n<div>*Tampos e prateleira de 25mm<\/div>\n<div>*Ripado decorativo<\/div>\n<div>*Rod\u00edzios de silicone<\/div>\n<div>*Ilumina\u00e7\u00e3o em LED<\/div>\n<div>*2 gavetas com corredi\u00e7as telesc\u00f3picas<\/div>\n<div>*Puxador clean, do tipo pega<\/div>\n<div>*Espa\u00e7os para eletr\u00f4nicos<br \/>\n*Marca: PATRIMAR MOVEIS LTDA<\/div>\n","protected":false},"excerpt":{"rendered":"<div>Home Angel \u00e9 a solu\u00e7\u00e3o ideal para quem busca cuidado, conforto e seguran\u00e7a no lar. Nossa miss\u00e3o \u00e9 proporcionar bem-estar atrav\u00e9s de servi\u00e7os humanizados, eficientes e adaptados \u00e0s necessidades de cada cliente.<\/div>\n<div><\/div>\n<div>Dimens\u00f5es:<\/div>\n<div>*Altura:193cm<\/div>\n<div>*Largura:160cm<\/div>\n<div>*Profundidade:40cm<\/div>\n<div><\/div>\n<div>Caracter\u00edsticas:<\/div>\n<div>*Tampos e prateleira de 25mm<\/div>\n<div>*Ripado decorativo<\/div>\n<div>*Rod\u00edzios de silicone<\/div>\n<div>*Ilumina\u00e7\u00e3o em LED<\/div>\n<div>*2 gavetas com corredi\u00e7as telesc\u00f3picas<\/div>\n<div>*Puxador clean, do tipo pega<\/div>\n<div>*Espa\u00e7os para eletr\u00f4nicos<br \/>\n*Marca: PATRIMAR MOVEIS LTDA<\/div>\n","protected":false},"featured_media":3974,"comment_status":"open","ping_status":"closed","template":"","meta":[],"product_brand":[],"product_cat":[83,85],"product_tag":[],"class_list":{"0":"post-836","1":"product","2":"type-product","3":"status-publish","4":"has-post-thumbnail","6":"product_cat-decoracao","7":"product_cat-salas","9":"first","10":"instock","11":"shipping-taxable","12":"purchasable","13":"product-type-simple"},"yoast_head":"<!-- This site is optimized with the Yoast SEO Premium plugin v23.3 (Yoast SEO v27.4) - https:\/\/yoast.com\/product\/yoast-seo-premium-wordpress\/ -->\n<title>HOME ANGEL PATRIMAR 1.60 OFF WHITE CINAMOMO - Lucas Eletro<\/title>\n<meta name=\"description\" content=\"HOME ANGEL PATRIMAR 1.60 OFF WHITE CINAMOMO\" \/>\n<meta name=\"robots\" content=\"index, follow, max-snippet:-1, max-image-preview:large, max-video-preview:-1\" \/>\n<link rel=\"canonical\" href=\"https:\/\/lucaseletro.com.br\/?product=painel-patrimar-yan-cinamomo\" \/>\n<meta property=\"og:locale\" content=\"pt_BR\" \/>\n<meta property=\"og:type\" content=\"article\" \/>\n<meta property=\"og:title\" content=\"HOME ANGEL PATRIMAR 1.60 OFF WHITE CINAMOMO - &#082;&#036;1.299,00 - Lucas Eletro\" \/>\n<meta property=\"og:description\" content=\"Home Angel \u00e9 a solu\u00e7\u00e3o ideal para quem busca cuidado, conforto e seguran\u00e7a no lar. Nossa miss\u00e3o \u00e9 proporcionar bem-estar atrav\u00e9s de servi\u00e7os humanizados, eficientes e adaptados \u00e0s necessidades de cada cliente.  Dimens\u00f5es: *Altura:193cm *Largura:160cm *Profundidade:40cm  Caracter\u00edsticas: *Tampos e prateleira de 25mm *Ripado decorativo *Rod\u00edzios de silicone *Ilumina\u00e7\u00e3o em LED *2 gavetas com corredi\u00e7as telesc\u00f3picas *Puxador clean, do tipo pega *Espa\u00e7os para eletr\u00f4nicos *Marca: PATRIMAR MOVEIS LTDA\" \/>\n<meta property=\"og:url\" content=\"https:\/\/lucaseletro.com.br\/?product=painel-patrimar-yan-cinamomo\" \/>\n<meta property=\"og:site_name\" content=\"Lucas Eletro\" \/>\n<meta property=\"article:publisher\" content=\"https:\/\/www.facebook.com\/lucas.eletro.71\" \/>\n<meta property=\"article:modified_time\" content=\"2025-07-25T14:12:44+00:00\" \/>\n<meta property=\"og:image\" content=\"https:\/\/lucaseletro.com.br\/wp-content\/uploads\/2024\/07\/home_angel_1_80_off_white_cinamomo_2515_1_5849292f41233fbb799bc4cb24b56839.webp\" \/>\n\t<meta property=\"og:image:width\" content=\"950\" \/>\n\t<meta property=\"og:image:height\" content=\"700\" \/>\n\t<meta property=\"og:image:type\" content=\"image\/webp\" \/>\n<meta name=\"twitter:card\" content=\"summary_large_image\" \/>\n<meta name=\"twitter:label1\" content=\"Pre\u00e7o\" \/>\n\t<meta name=\"twitter:data1\" content=\"&#082;&#036;1.299,00\" \/>\n\t<meta name=\"twitter:label2\" content=\"Disponibilidade\" \/>\n\t<meta name=\"twitter:data2\" content=\"Em Estoque\" \/>\n<script type=\"application\/ld+json\" class=\"yoast-schema-graph\">{\"@context\":\"https:\\\/\\\/schema.org\",\"@graph\":[{\"@type\":\"WebPage\",\"@id\":\"https:\\\/\\\/lucaseletro.com.br\\\/?product=painel-patrimar-yan-cinamomo\",\"url\":\"https:\\\/\\\/lucaseletro.com.br\\\/?product=painel-patrimar-yan-cinamomo\",\"name\":\"HOME ANGEL PATRIMAR 1.60 OFF WHITE CINAMOMO - Lucas Eletro\",\"isPartOf\":{\"@id\":\"https:\\\/\\\/lucaseletro.com.br\\\/#website\"},\"primaryImageOfPage\":{\"@id\":\"https:\\\/\\\/lucaseletro.com.br\\\/?product=painel-patrimar-yan-cinamomo#primaryimage\"},\"image\":{\"@id\":\"https:\\\/\\\/lucaseletro.com.br\\\/?product=painel-patrimar-yan-cinamomo#primaryimage\"},\"thumbnailUrl\":\"https:\\\/\\\/lucaseletro.com.br\\\/wp-content\\\/uploads\\\/2024\\\/07\\\/home_angel_1_80_off_white_cinamomo_2515_1_5849292f41233fbb799bc4cb24b56839.webp\",\"datePublished\":\"2024-07-30T19:51:46+00:00\",\"dateModified\":\"2025-07-25T14:12:44+00:00\",\"description\":\"HOME ANGEL PATRIMAR 1.60 OFF WHITE CINAMOMO\",\"breadcrumb\":{\"@id\":\"https:\\\/\\\/lucaseletro.com.br\\\/?product=painel-patrimar-yan-cinamomo#breadcrumb\"},\"inLanguage\":\"pt-BR\",\"potentialAction\":[{\"@type\":\"ReadAction\",\"target\":[\"https:\\\/\\\/lucaseletro.com.br\\\/?product=painel-patrimar-yan-cinamomo\"]}]},{\"@type\":\"ImageObject\",\"inLanguage\":\"pt-BR\",\"@id\":\"https:\\\/\\\/lucaseletro.com.br\\\/?product=painel-patrimar-yan-cinamomo#primaryimage\",\"url\":\"https:\\\/\\\/lucaseletro.com.br\\\/wp-content\\\/uploads\\\/2024\\\/07\\\/home_angel_1_80_off_white_cinamomo_2515_1_5849292f41233fbb799bc4cb24b56839.webp\",\"contentUrl\":\"https:\\\/\\\/lucaseletro.com.br\\\/wp-content\\\/uploads\\\/2024\\\/07\\\/home_angel_1_80_off_white_cinamomo_2515_1_5849292f41233fbb799bc4cb24b56839.webp\",\"width\":950,\"height\":700},{\"@type\":\"BreadcrumbList\",\"@id\":\"https:\\\/\\\/lucaseletro.com.br\\\/?product=painel-patrimar-yan-cinamomo#breadcrumb\",\"itemListElement\":[{\"@type\":\"ListItem\",\"position\":1,\"name\":\"In\u00edcio\",\"item\":\"https:\\\/\\\/lucaseletro.com.br\\\/\"},{\"@type\":\"ListItem\",\"position\":2,\"name\":\"Loja\",\"item\":\"https:\\\/\\\/lucaseletro.com.br\\\/?page_id=11\"},{\"@type\":\"ListItem\",\"position\":3,\"name\":\"HOME ANGEL PATRIMAR 1.60 OFF WHITE CINAMOMO\"}]},{\"@type\":\"WebSite\",\"@id\":\"https:\\\/\\\/lucaseletro.com.br\\\/#website\",\"url\":\"https:\\\/\\\/lucaseletro.com.br\\\/\",\"name\":\"Lucas Eletro\",\"description\":\"Realizando seus sonhos\",\"publisher\":{\"@id\":\"https:\\\/\\\/lucaseletro.com.br\\\/#organization\"},\"alternateName\":\"Lucas Eletro\",\"potentialAction\":[{\"@type\":\"SearchAction\",\"target\":{\"@type\":\"EntryPoint\",\"urlTemplate\":\"https:\\\/\\\/lucaseletro.com.br\\\/?s={search_term_string}\"},\"query-input\":{\"@type\":\"PropertyValueSpecification\",\"valueRequired\":true,\"valueName\":\"search_term_string\"}}],\"inLanguage\":\"pt-BR\"},{\"@type\":\"Organization\",\"@id\":\"https:\\\/\\\/lucaseletro.com.br\\\/#organization\",\"name\":\"Lucas Eletro\",\"alternateName\":\"Lucas Eletro\",\"url\":\"https:\\\/\\\/lucaseletro.com.br\\\/\",\"logo\":{\"@type\":\"ImageObject\",\"inLanguage\":\"pt-BR\",\"@id\":\"https:\\\/\\\/lucaseletro.com.br\\\/#\\\/schema\\\/logo\\\/image\\\/\",\"url\":\"https:\\\/\\\/lucaseletro.com.br\\\/wp-content\\\/uploads\\\/2024\\\/08\\\/Logo-WebP.webp\",\"contentUrl\":\"https:\\\/\\\/lucaseletro.com.br\\\/wp-content\\\/uploads\\\/2024\\\/08\\\/Logo-WebP.webp\",\"width\":1366,\"height\":457,\"caption\":\"Lucas Eletro\"},\"image\":{\"@id\":\"https:\\\/\\\/lucaseletro.com.br\\\/#\\\/schema\\\/logo\\\/image\\\/\"},\"sameAs\":[\"https:\\\/\\\/www.facebook.com\\\/lucas.eletro.71\"]}]}<\/script>\n<meta property=\"product:price:amount\" content=\"1299.00\" \/>\n<meta property=\"product:price:currency\" content=\"BRL\" \/>\n<meta property=\"og:availability\" content=\"instock\" \/>\n<meta property=\"product:availability\" content=\"instock\" \/>\n<meta property=\"product:condition\" content=\"new\" \/>\n<!-- \/ Yoast SEO Premium plugin. -->","yoast_head_json":{"title":"HOME ANGEL PATRIMAR 1.60 OFF WHITE CINAMOMO - Lucas Eletro","description":"HOME ANGEL PATRIMAR 1.60 OFF WHITE CINAMOMO","robots":{"index":"index","follow":"follow","max-snippet":"max-snippet:-1","max-image-preview":"max-image-preview:large","max-video-preview":"max-video-preview:-1"},"canonical":"https:\/\/lucaseletro.com.br\/?product=painel-patrimar-yan-cinamomo","og_locale":"pt_BR","og_type":"article","og_title":"HOME ANGEL PATRIMAR 1.60 OFF WHITE CINAMOMO - &#82;&#36;1.299,00 - Lucas Eletro","og_description":"Home Angel \u00e9 a solu\u00e7\u00e3o ideal para quem busca cuidado, conforto e seguran\u00e7a no lar. Nossa miss\u00e3o \u00e9 proporcionar bem-estar atrav\u00e9s de servi\u00e7os humanizados, eficientes e adaptados \u00e0s necessidades de cada cliente.  Dimens\u00f5es: *Altura:193cm *Largura:160cm *Profundidade:40cm  Caracter\u00edsticas: *Tampos e prateleira de 25mm *Ripado decorativo *Rod\u00edzios de silicone *Ilumina\u00e7\u00e3o em LED *2 gavetas com corredi\u00e7as telesc\u00f3picas *Puxador clean, do tipo pega *Espa\u00e7os para eletr\u00f4nicos *Marca: PATRIMAR MOVEIS LTDA","og_url":"https:\/\/lucaseletro.com.br\/?product=painel-patrimar-yan-cinamomo","og_site_name":"Lucas Eletro","article_publisher":"https:\/\/www.facebook.com\/lucas.eletro.71","article_modified_time":"2025-07-25T14:12:44+00:00","og_image":[{"width":950,"height":700,"url":"https:\/\/lucaseletro.com.br\/wp-content\/uploads\/2024\/07\/home_angel_1_80_off_white_cinamomo_2515_1_5849292f41233fbb799bc4cb24b56839.webp","type":"image\/webp"}],"twitter_card":"summary_large_image","twitter_misc":{"Pre\u00e7o":"&#82;&#36;1.299,00","Disponibilidade":"Em Estoque"},"schema":{"@context":"https:\/\/schema.org","@graph":[{"@type":"WebPage","@id":"https:\/\/lucaseletro.com.br\/?product=painel-patrimar-yan-cinamomo","url":"https:\/\/lucaseletro.com.br\/?product=painel-patrimar-yan-cinamomo","name":"HOME ANGEL PATRIMAR 1.60 OFF WHITE CINAMOMO - Lucas Eletro","isPartOf":{"@id":"https:\/\/lucaseletro.com.br\/#website"},"primaryImageOfPage":{"@id":"https:\/\/lucaseletro.com.br\/?product=painel-patrimar-yan-cinamomo#primaryimage"},"image":{"@id":"https:\/\/lucaseletro.com.br\/?product=painel-patrimar-yan-cinamomo#primaryimage"},"thumbnailUrl":"https:\/\/lucaseletro.com.br\/wp-content\/uploads\/2024\/07\/home_angel_1_80_off_white_cinamomo_2515_1_5849292f41233fbb799bc4cb24b56839.webp","datePublished":"2024-07-30T19:51:46+00:00","dateModified":"2025-07-25T14:12:44+00:00","description":"HOME ANGEL PATRIMAR 1.60 OFF WHITE CINAMOMO","breadcrumb":{"@id":"https:\/\/lucaseletro.com.br\/?product=painel-patrimar-yan-cinamomo#breadcrumb"},"inLanguage":"pt-BR","potentialAction":[{"@type":"ReadAction","target":["https:\/\/lucaseletro.com.br\/?product=painel-patrimar-yan-cinamomo"]}]},{"@type":"ImageObject","inLanguage":"pt-BR","@id":"https:\/\/lucaseletro.com.br\/?product=painel-patrimar-yan-cinamomo#primaryimage","url":"https:\/\/lucaseletro.com.br\/wp-content\/uploads\/2024\/07\/home_angel_1_80_off_white_cinamomo_2515_1_5849292f41233fbb799bc4cb24b56839.webp","contentUrl":"https:\/\/lucaseletro.com.br\/wp-content\/uploads\/2024\/07\/home_angel_1_80_off_white_cinamomo_2515_1_5849292f41233fbb799bc4cb24b56839.webp","width":950,"height":700},{"@type":"BreadcrumbList","@id":"https:\/\/lucaseletro.com.br\/?product=painel-patrimar-yan-cinamomo#breadcrumb","itemListElement":[{"@type":"ListItem","position":1,"name":"In\u00edcio","item":"https:\/\/lucaseletro.com.br\/"},{"@type":"ListItem","position":2,"name":"Loja","item":"https:\/\/lucaseletro.com.br\/?page_id=11"},{"@type":"ListItem","position":3,"name":"HOME ANGEL PATRIMAR 1.60 OFF WHITE CINAMOMO"}]},{"@type":"WebSite","@id":"https:\/\/lucaseletro.com.br\/#website","url":"https:\/\/lucaseletro.com.br\/","name":"Lucas Eletro","description":"Realizando seus sonhos","publisher":{"@id":"https:\/\/lucaseletro.com.br\/#organization"},"alternateName":"Lucas Eletro","potentialAction":[{"@type":"SearchAction","target":{"@type":"EntryPoint","urlTemplate":"https:\/\/lucaseletro.com.br\/?s={search_term_string}"},"query-input":{"@type":"PropertyValueSpecification","valueRequired":true,"valueName":"search_term_string"}}],"inLanguage":"pt-BR"},{"@type":"Organization","@id":"https:\/\/lucaseletro.com.br\/#organization","name":"Lucas Eletro","alternateName":"Lucas Eletro","url":"https:\/\/lucaseletro.com.br\/","logo":{"@type":"ImageObject","inLanguage":"pt-BR","@id":"https:\/\/lucaseletro.com.br\/#\/schema\/logo\/image\/","url":"https:\/\/lucaseletro.com.br\/wp-content\/uploads\/2024\/08\/Logo-WebP.webp","contentUrl":"https:\/\/lucaseletro.com.br\/wp-content\/uploads\/2024\/08\/Logo-WebP.webp","width":1366,"height":457,"caption":"Lucas Eletro"},"image":{"@id":"https:\/\/lucaseletro.com.br\/#\/schema\/logo\/image\/"},"sameAs":["https:\/\/www.facebook.com\/lucas.eletro.71"]}]},"product_price_amount":"1299.00","product_price_currency":"BRL","og_availability":"instock","product_availability":"instock","product_condition":"new"},"_links":{"self":[{"href":"https:\/\/lucaseletro.com.br\/index.php?rest_route=\/wp\/v2\/product\/836","targetHints":{"allow":["GET"]}}],"collection":[{"href":"https:\/\/lucaseletro.com.br\/index.php?rest_route=\/wp\/v2\/product"}],"about":[{"href":"https:\/\/lucaseletro.com.br\/index.php?rest_route=\/wp\/v2\/types\/product"}],"replies":[{"embeddable":true,"href":"https:\/\/lucaseletro.com.br\/index.php?rest_route=%2Fwp%2Fv2%2Fcomments&post=836"}],"wp:featuredmedia":[{"embeddable":true,"href":"https:\/\/lucaseletro.com.br\/index.php?rest_route=\/wp\/v2\/media\/3974"}],"wp:attachment":[{"href":"https:\/\/lucaseletro.com.br\/index.php?rest_route=%2Fwp%2Fv2%2Fmedia&parent=836"}],"wp:term":[{"taxonomy":"product_brand","embeddable":true,"href":"https:\/\/lucaseletro.com.br\/index.php?rest_route=%2Fwp%2Fv2%2Fproduct_brand&post=836"},{"taxonomy":"product_cat","embeddable":true,"href":"https:\/\/lucaseletro.com.br\/index.php?rest_route=%2Fwp%2Fv2%2Fproduct_cat&post=836"},{"taxonomy":"product_tag","embeddable":true,"href":"https:\/\/lucaseletro.com.br\/index.php?rest_route=%2Fwp%2Fv2%2Fproduct_tag&post=836"}],"curies":[{"name":"wp","href":"https:\/\/api.w.org\/{rel}","templated":true}]}}