{"id":842,"date":"2024-07-30T16:51:46","date_gmt":"2024-07-30T19:51:46","guid":{"rendered":"https:\/\/lucaseletro.com.br\/product\/colchao-gazin-espuma-dream-d45-198x158-al22\/"},"modified":"2025-08-26T10:42:39","modified_gmt":"2025-08-26T13:42:39","slug":"colchao-gazin-espuma-dream-d45-198x158-al22","status":"publish","type":"product","link":"https:\/\/lucaseletro.com.br\/?product=colchao-gazin-espuma-dream-d45-198x158-al22","title":{"rendered":"COLCHAO GAZIN ESPUMA DREAM D45 198X158 AL22"},"content":{"rendered":"<h2 class=\"ui-pdp-description__title\" data-testid=\"title\">Descri\u00e7\u00e3o<\/h2>\n<p class=\"ui-pdp-description__content\" data-testid=\"content\">A Gazin \u00e9 uma importante empresa brasileira, com mais de 50 anos de trajet\u00f3ria e tem como principal objetivo realizar os seus sonhos. Para isso, possuem f\u00e1bricas distribu\u00eddas em v\u00e1rias regi\u00f5es do Brasil e nelas produzem uma grande variedade de colch\u00f5es e camas box de alta qualidade.<\/p>\n<p>Design moderno<br \/>\nConstru\u00eddo com espuma de poliuretano, o colch\u00e3o tem uma vida longa e dur\u00e1vel. Este tipo de material faz com que a posi\u00e7\u00e3o adotada pelo corpo seja ergon\u00f4mica e permite que o peso seja distribu\u00eddo sobre a superf\u00edcie de forma equilibrada.<\/p>\n","protected":false},"excerpt":{"rendered":"<h2 class=\"ui-pdp-description__title\" data-testid=\"title\">Descri\u00e7\u00e3o<\/h2>\n<p class=\"ui-pdp-description__content\" data-testid=\"content\">A Gazin \u00e9 uma importante empresa brasileira, com mais de 50 anos de trajet\u00f3ria e tem como principal objetivo realizar os seus sonhos. Para isso, possuem f\u00e1bricas distribu\u00eddas em v\u00e1rias regi\u00f5es do Brasil e nelas produzem uma grande variedade de colch\u00f5es e camas box de alta qualidade.<\/p>\n<p>Design moderno<br \/>\nConstru\u00eddo com espuma de poliuretano, o colch\u00e3o tem uma vida longa e dur\u00e1vel. Este tipo de material faz com que a posi\u00e7\u00e3o adotada pelo corpo seja ergon\u00f4mica e permite que o peso seja distribu\u00eddo sobre a superf\u00edcie de forma equilibrada.<\/p>\n","protected":false},"featured_media":4297,"comment_status":"open","ping_status":"closed","template":"","meta":[],"product_brand":[],"product_cat":[82,78],"product_tag":[],"class_list":{"0":"post-842","1":"product","2":"type-product","3":"status-publish","4":"has-post-thumbnail","6":"product_cat-colchoes","7":"product_cat-quartos","9":"first","10":"instock","11":"shipping-taxable","12":"purchasable","13":"product-type-simple"},"yoast_head":"<!-- This site is optimized with the Yoast SEO Premium plugin v23.3 (Yoast SEO v27.5) - https:\/\/yoast.com\/product\/yoast-seo-premium-wordpress\/ -->\n<title>COLCHAO GAZIN ESPUMA DREAM D45 198X158 AL22 - Lucas Eletro<\/title>\n<meta name=\"description\" content=\"COLCHAO GAZIN ESPUMA DREAM D45 198X158 AL22\" \/>\n<meta name=\"robots\" content=\"index, follow, max-snippet:-1, max-image-preview:large, max-video-preview:-1\" \/>\n<link rel=\"canonical\" href=\"https:\/\/lucaseletro.com.br\/?product=colchao-gazin-espuma-dream-d45-198x158-al22\" \/>\n<meta property=\"og:locale\" content=\"pt_BR\" \/>\n<meta property=\"og:type\" content=\"article\" \/>\n<meta property=\"og:title\" content=\"COLCHAO GAZIN ESPUMA DREAM D45 198X158 AL22 - &#082;&#036;1.499,00 - Lucas Eletro\" \/>\n<meta property=\"og:description\" content=\"Descri\u00e7\u00e3o A Gazin \u00e9 uma importante empresa brasileira, com mais de 50 anos de trajet\u00f3ria e tem como principal objetivo realizar os seus sonhos. Para isso, possuem f\u00e1bricas distribu\u00eddas em v\u00e1rias regi\u00f5es do Brasil e nelas produzem uma grande variedade de colch\u00f5es e camas box de alta qualidade.  Design moderno Constru\u00eddo com espuma de poliuretano, o colch\u00e3o tem uma vida longa e dur\u00e1vel. Este tipo de material faz com que a posi\u00e7\u00e3o adotada pelo corpo seja ergon\u00f4mica e permite que o peso seja distribu\u00eddo sobre a superf\u00edcie de forma equilibrada.\" \/>\n<meta property=\"og:url\" content=\"https:\/\/lucaseletro.com.br\/?product=colchao-gazin-espuma-dream-d45-198x158-al22\" \/>\n<meta property=\"og:site_name\" content=\"Lucas Eletro\" \/>\n<meta property=\"article:publisher\" content=\"https:\/\/www.facebook.com\/lucas.eletro.71\" \/>\n<meta property=\"article:modified_time\" content=\"2025-08-26T13:42:39+00:00\" \/>\n<meta property=\"og:image\" content=\"https:\/\/lucaseletro.com.br\/wp-content\/uploads\/2024\/07\/colchao_gazin_dream_d45_1355_1_e8356da384e1252e64b0ce1ae9231951-1.webp\" \/>\n\t<meta property=\"og:image:width\" content=\"1200\" \/>\n\t<meta property=\"og:image:height\" content=\"1200\" \/>\n\t<meta property=\"og:image:type\" content=\"image\/webp\" \/>\n<meta name=\"twitter:card\" content=\"summary_large_image\" \/>\n<meta name=\"twitter:label1\" content=\"Pre\u00e7o\" \/>\n\t<meta name=\"twitter:data1\" content=\"&#082;&#036;1.499,00\" \/>\n\t<meta name=\"twitter:label2\" content=\"Disponibilidade\" \/>\n\t<meta name=\"twitter:data2\" content=\"Em Estoque\" \/>\n<script type=\"application\/ld+json\" class=\"yoast-schema-graph\">{\"@context\":\"https:\\\/\\\/schema.org\",\"@graph\":[{\"@type\":\"WebPage\",\"@id\":\"https:\\\/\\\/lucaseletro.com.br\\\/?product=colchao-gazin-espuma-dream-d45-198x158-al22\",\"url\":\"https:\\\/\\\/lucaseletro.com.br\\\/?product=colchao-gazin-espuma-dream-d45-198x158-al22\",\"name\":\"COLCHAO GAZIN ESPUMA DREAM D45 198X158 AL22 - Lucas Eletro\",\"isPartOf\":{\"@id\":\"https:\\\/\\\/lucaseletro.com.br\\\/#website\"},\"primaryImageOfPage\":{\"@id\":\"https:\\\/\\\/lucaseletro.com.br\\\/?product=colchao-gazin-espuma-dream-d45-198x158-al22#primaryimage\"},\"image\":{\"@id\":\"https:\\\/\\\/lucaseletro.com.br\\\/?product=colchao-gazin-espuma-dream-d45-198x158-al22#primaryimage\"},\"thumbnailUrl\":\"https:\\\/\\\/lucaseletro.com.br\\\/wp-content\\\/uploads\\\/2024\\\/07\\\/colchao_gazin_dream_d45_1355_1_e8356da384e1252e64b0ce1ae9231951-1.webp\",\"datePublished\":\"2024-07-30T19:51:46+00:00\",\"dateModified\":\"2025-08-26T13:42:39+00:00\",\"description\":\"COLCHAO GAZIN ESPUMA DREAM D45 198X158 AL22\",\"breadcrumb\":{\"@id\":\"https:\\\/\\\/lucaseletro.com.br\\\/?product=colchao-gazin-espuma-dream-d45-198x158-al22#breadcrumb\"},\"inLanguage\":\"pt-BR\",\"potentialAction\":[{\"@type\":\"ReadAction\",\"target\":[\"https:\\\/\\\/lucaseletro.com.br\\\/?product=colchao-gazin-espuma-dream-d45-198x158-al22\"]}]},{\"@type\":\"ImageObject\",\"inLanguage\":\"pt-BR\",\"@id\":\"https:\\\/\\\/lucaseletro.com.br\\\/?product=colchao-gazin-espuma-dream-d45-198x158-al22#primaryimage\",\"url\":\"https:\\\/\\\/lucaseletro.com.br\\\/wp-content\\\/uploads\\\/2024\\\/07\\\/colchao_gazin_dream_d45_1355_1_e8356da384e1252e64b0ce1ae9231951-1.webp\",\"contentUrl\":\"https:\\\/\\\/lucaseletro.com.br\\\/wp-content\\\/uploads\\\/2024\\\/07\\\/colchao_gazin_dream_d45_1355_1_e8356da384e1252e64b0ce1ae9231951-1.webp\",\"width\":1200,\"height\":1200},{\"@type\":\"BreadcrumbList\",\"@id\":\"https:\\\/\\\/lucaseletro.com.br\\\/?product=colchao-gazin-espuma-dream-d45-198x158-al22#breadcrumb\",\"itemListElement\":[{\"@type\":\"ListItem\",\"position\":1,\"name\":\"In\u00edcio\",\"item\":\"https:\\\/\\\/lucaseletro.com.br\\\/\"},{\"@type\":\"ListItem\",\"position\":2,\"name\":\"Loja\",\"item\":\"https:\\\/\\\/lucaseletro.com.br\\\/?page_id=11\"},{\"@type\":\"ListItem\",\"position\":3,\"name\":\"COLCHAO GAZIN ESPUMA DREAM D45 198X158 AL22\"}]},{\"@type\":\"WebSite\",\"@id\":\"https:\\\/\\\/lucaseletro.com.br\\\/#website\",\"url\":\"https:\\\/\\\/lucaseletro.com.br\\\/\",\"name\":\"Lucas Eletro\",\"description\":\"Realizando seus sonhos\",\"publisher\":{\"@id\":\"https:\\\/\\\/lucaseletro.com.br\\\/#organization\"},\"alternateName\":\"Lucas Eletro\",\"potentialAction\":[{\"@type\":\"SearchAction\",\"target\":{\"@type\":\"EntryPoint\",\"urlTemplate\":\"https:\\\/\\\/lucaseletro.com.br\\\/?s={search_term_string}\"},\"query-input\":{\"@type\":\"PropertyValueSpecification\",\"valueRequired\":true,\"valueName\":\"search_term_string\"}}],\"inLanguage\":\"pt-BR\"},{\"@type\":\"Organization\",\"@id\":\"https:\\\/\\\/lucaseletro.com.br\\\/#organization\",\"name\":\"Lucas Eletro\",\"alternateName\":\"Lucas Eletro\",\"url\":\"https:\\\/\\\/lucaseletro.com.br\\\/\",\"logo\":{\"@type\":\"ImageObject\",\"inLanguage\":\"pt-BR\",\"@id\":\"https:\\\/\\\/lucaseletro.com.br\\\/#\\\/schema\\\/logo\\\/image\\\/\",\"url\":\"https:\\\/\\\/lucaseletro.com.br\\\/wp-content\\\/uploads\\\/2024\\\/08\\\/Logo-WebP.webp\",\"contentUrl\":\"https:\\\/\\\/lucaseletro.com.br\\\/wp-content\\\/uploads\\\/2024\\\/08\\\/Logo-WebP.webp\",\"width\":1366,\"height\":457,\"caption\":\"Lucas Eletro\"},\"image\":{\"@id\":\"https:\\\/\\\/lucaseletro.com.br\\\/#\\\/schema\\\/logo\\\/image\\\/\"},\"sameAs\":[\"https:\\\/\\\/www.facebook.com\\\/lucas.eletro.71\"]}]}<\/script>\n<meta property=\"product:price:amount\" content=\"1499.00\" \/>\n<meta property=\"product:price:currency\" content=\"BRL\" \/>\n<meta property=\"og:availability\" content=\"instock\" \/>\n<meta property=\"product:availability\" content=\"instock\" \/>\n<meta property=\"product:condition\" content=\"new\" \/>\n<!-- \/ Yoast SEO Premium plugin. -->","yoast_head_json":{"title":"COLCHAO GAZIN ESPUMA DREAM D45 198X158 AL22 - Lucas Eletro","description":"COLCHAO GAZIN ESPUMA DREAM D45 198X158 AL22","robots":{"index":"index","follow":"follow","max-snippet":"max-snippet:-1","max-image-preview":"max-image-preview:large","max-video-preview":"max-video-preview:-1"},"canonical":"https:\/\/lucaseletro.com.br\/?product=colchao-gazin-espuma-dream-d45-198x158-al22","og_locale":"pt_BR","og_type":"article","og_title":"COLCHAO GAZIN ESPUMA DREAM D45 198X158 AL22 - &#82;&#36;1.499,00 - Lucas Eletro","og_description":"Descri\u00e7\u00e3o A Gazin \u00e9 uma importante empresa brasileira, com mais de 50 anos de trajet\u00f3ria e tem como principal objetivo realizar os seus sonhos. Para isso, possuem f\u00e1bricas distribu\u00eddas em v\u00e1rias regi\u00f5es do Brasil e nelas produzem uma grande variedade de colch\u00f5es e camas box de alta qualidade.  Design moderno Constru\u00eddo com espuma de poliuretano, o colch\u00e3o tem uma vida longa e dur\u00e1vel. Este tipo de material faz com que a posi\u00e7\u00e3o adotada pelo corpo seja ergon\u00f4mica e permite que o peso seja distribu\u00eddo sobre a superf\u00edcie de forma equilibrada.","og_url":"https:\/\/lucaseletro.com.br\/?product=colchao-gazin-espuma-dream-d45-198x158-al22","og_site_name":"Lucas Eletro","article_publisher":"https:\/\/www.facebook.com\/lucas.eletro.71","article_modified_time":"2025-08-26T13:42:39+00:00","og_image":[{"width":1200,"height":1200,"url":"https:\/\/lucaseletro.com.br\/wp-content\/uploads\/2024\/07\/colchao_gazin_dream_d45_1355_1_e8356da384e1252e64b0ce1ae9231951-1.webp","type":"image\/webp"}],"twitter_card":"summary_large_image","twitter_misc":{"Pre\u00e7o":"&#82;&#36;1.499,00","Disponibilidade":"Em Estoque"},"schema":{"@context":"https:\/\/schema.org","@graph":[{"@type":"WebPage","@id":"https:\/\/lucaseletro.com.br\/?product=colchao-gazin-espuma-dream-d45-198x158-al22","url":"https:\/\/lucaseletro.com.br\/?product=colchao-gazin-espuma-dream-d45-198x158-al22","name":"COLCHAO GAZIN ESPUMA DREAM D45 198X158 AL22 - Lucas Eletro","isPartOf":{"@id":"https:\/\/lucaseletro.com.br\/#website"},"primaryImageOfPage":{"@id":"https:\/\/lucaseletro.com.br\/?product=colchao-gazin-espuma-dream-d45-198x158-al22#primaryimage"},"image":{"@id":"https:\/\/lucaseletro.com.br\/?product=colchao-gazin-espuma-dream-d45-198x158-al22#primaryimage"},"thumbnailUrl":"https:\/\/lucaseletro.com.br\/wp-content\/uploads\/2024\/07\/colchao_gazin_dream_d45_1355_1_e8356da384e1252e64b0ce1ae9231951-1.webp","datePublished":"2024-07-30T19:51:46+00:00","dateModified":"2025-08-26T13:42:39+00:00","description":"COLCHAO GAZIN ESPUMA DREAM D45 198X158 AL22","breadcrumb":{"@id":"https:\/\/lucaseletro.com.br\/?product=colchao-gazin-espuma-dream-d45-198x158-al22#breadcrumb"},"inLanguage":"pt-BR","potentialAction":[{"@type":"ReadAction","target":["https:\/\/lucaseletro.com.br\/?product=colchao-gazin-espuma-dream-d45-198x158-al22"]}]},{"@type":"ImageObject","inLanguage":"pt-BR","@id":"https:\/\/lucaseletro.com.br\/?product=colchao-gazin-espuma-dream-d45-198x158-al22#primaryimage","url":"https:\/\/lucaseletro.com.br\/wp-content\/uploads\/2024\/07\/colchao_gazin_dream_d45_1355_1_e8356da384e1252e64b0ce1ae9231951-1.webp","contentUrl":"https:\/\/lucaseletro.com.br\/wp-content\/uploads\/2024\/07\/colchao_gazin_dream_d45_1355_1_e8356da384e1252e64b0ce1ae9231951-1.webp","width":1200,"height":1200},{"@type":"BreadcrumbList","@id":"https:\/\/lucaseletro.com.br\/?product=colchao-gazin-espuma-dream-d45-198x158-al22#breadcrumb","itemListElement":[{"@type":"ListItem","position":1,"name":"In\u00edcio","item":"https:\/\/lucaseletro.com.br\/"},{"@type":"ListItem","position":2,"name":"Loja","item":"https:\/\/lucaseletro.com.br\/?page_id=11"},{"@type":"ListItem","position":3,"name":"COLCHAO GAZIN ESPUMA DREAM D45 198X158 AL22"}]},{"@type":"WebSite","@id":"https:\/\/lucaseletro.com.br\/#website","url":"https:\/\/lucaseletro.com.br\/","name":"Lucas Eletro","description":"Realizando seus sonhos","publisher":{"@id":"https:\/\/lucaseletro.com.br\/#organization"},"alternateName":"Lucas Eletro","potentialAction":[{"@type":"SearchAction","target":{"@type":"EntryPoint","urlTemplate":"https:\/\/lucaseletro.com.br\/?s={search_term_string}"},"query-input":{"@type":"PropertyValueSpecification","valueRequired":true,"valueName":"search_term_string"}}],"inLanguage":"pt-BR"},{"@type":"Organization","@id":"https:\/\/lucaseletro.com.br\/#organization","name":"Lucas Eletro","alternateName":"Lucas Eletro","url":"https:\/\/lucaseletro.com.br\/","logo":{"@type":"ImageObject","inLanguage":"pt-BR","@id":"https:\/\/lucaseletro.com.br\/#\/schema\/logo\/image\/","url":"https:\/\/lucaseletro.com.br\/wp-content\/uploads\/2024\/08\/Logo-WebP.webp","contentUrl":"https:\/\/lucaseletro.com.br\/wp-content\/uploads\/2024\/08\/Logo-WebP.webp","width":1366,"height":457,"caption":"Lucas Eletro"},"image":{"@id":"https:\/\/lucaseletro.com.br\/#\/schema\/logo\/image\/"},"sameAs":["https:\/\/www.facebook.com\/lucas.eletro.71"]}]},"product_price_amount":"1499.00","product_price_currency":"BRL","og_availability":"instock","product_availability":"instock","product_condition":"new"},"_links":{"self":[{"href":"https:\/\/lucaseletro.com.br\/index.php?rest_route=\/wp\/v2\/product\/842","targetHints":{"allow":["GET"]}}],"collection":[{"href":"https:\/\/lucaseletro.com.br\/index.php?rest_route=\/wp\/v2\/product"}],"about":[{"href":"https:\/\/lucaseletro.com.br\/index.php?rest_route=\/wp\/v2\/types\/product"}],"replies":[{"embeddable":true,"href":"https:\/\/lucaseletro.com.br\/index.php?rest_route=%2Fwp%2Fv2%2Fcomments&post=842"}],"wp:featuredmedia":[{"embeddable":true,"href":"https:\/\/lucaseletro.com.br\/index.php?rest_route=\/wp\/v2\/media\/4297"}],"wp:attachment":[{"href":"https:\/\/lucaseletro.com.br\/index.php?rest_route=%2Fwp%2Fv2%2Fmedia&parent=842"}],"wp:term":[{"taxonomy":"product_brand","embeddable":true,"href":"https:\/\/lucaseletro.com.br\/index.php?rest_route=%2Fwp%2Fv2%2Fproduct_brand&post=842"},{"taxonomy":"product_cat","embeddable":true,"href":"https:\/\/lucaseletro.com.br\/index.php?rest_route=%2Fwp%2Fv2%2Fproduct_cat&post=842"},{"taxonomy":"product_tag","embeddable":true,"href":"https:\/\/lucaseletro.com.br\/index.php?rest_route=%2Fwp%2Fv2%2Fproduct_tag&post=842"}],"curies":[{"name":"wp","href":"https:\/\/api.w.org\/{rel}","templated":true}]}}