{"id":936,"date":"2024-07-30T16:51:55","date_gmt":"2024-07-30T19:51:55","guid":{"rendered":"https:\/\/lucaseletro.com.br\/product\/roupeiro-valverde-trancoso-2porta-correr-cinamomo-off-white\/"},"modified":"2025-08-21T11:09:40","modified_gmt":"2025-08-21T14:09:40","slug":"roupeiro-valverde-trancoso-2porta-correr-cinamomo-off-white","status":"publish","type":"product","link":"https:\/\/lucaseletro.com.br\/?product=roupeiro-valverde-trancoso-2porta-correr-cinamomo-off-white","title":{"rendered":"ROUPEIRO VALVERDE TRANCOSO 2PORTA CORRER CINAMOMO\/OFF WHITE"},"content":{"rendered":"<p>Guarda Roupas 2 Portas de Correr Trancoso Valverde<\/p>\n<p>Um guarda-roupas \u00e9 um m\u00f3vel essencial para organiza\u00e7\u00e3o de roupas, cal\u00e7ados e acess\u00f3rios. Geralmente feito de madeira, MDF ou metal, pode ter portas de abrir ou de correr, gavetas internas, prateleiras e cabideiros. \u00c9 ideal para manter o ambiente arrumado, protegendo as pe\u00e7as do p\u00f3 e facilitando o dia a dia. Dispon\u00edvel em diversos tamanhos e estilos, adapta-se a diferentes espa\u00e7os e necessidades.<\/p>\n<p>Largura (cm):240 cm<br \/>\nAltura (cm):230\u00a0cm<br \/>\nProfundidade (cm):60\u00a0cm<\/p>\n<p>Observa\u00e7\u00f5es:<br \/>\nN\u00e3o oferecemos servi\u00e7o de montagem, mas todos os produtos possuem manual com o passo a passo.Recomendamos contratar um profissional de sua prefer\u00eancia. Pode existir alguma diferen\u00e7a de tonalidade entre a foto e o produto, devido ao tratamento de imagens e \u00e0 calibra\u00e7\u00e3o de cores do monitor<\/p>\n","protected":false},"excerpt":{"rendered":"<p>Guarda Roupas 2 Portas de Correr Trancoso Valverde<\/p>\n<p>Um guarda-roupas \u00e9 um m\u00f3vel essencial para organiza\u00e7\u00e3o de roupas, cal\u00e7ados e acess\u00f3rios. Geralmente feito de madeira, MDF ou metal, pode ter portas de abrir ou de correr, gavetas internas, prateleiras e cabideiros. \u00c9 ideal para manter o ambiente arrumado, protegendo as pe\u00e7as do p\u00f3 e facilitando o dia a dia. Dispon\u00edvel em diversos tamanhos e estilos, adapta-se a diferentes espa\u00e7os e necessidades.<\/p>\n<p>Largura (cm):240 cm<br \/>\nAltura (cm):230\u00a0cm<br \/>\nProfundidade (cm):60\u00a0cm<\/p>\n<p>Observa\u00e7\u00f5es:<br \/>\nN\u00e3o oferecemos servi\u00e7o de montagem, mas todos os produtos possuem manual com o passo a passo.Recomendamos contratar um profissional de sua prefer\u00eancia. Pode existir alguma diferen\u00e7a de tonalidade entre a foto e o produto, devido ao tratamento de imagens e \u00e0 calibra\u00e7\u00e3o de cores do monitor<\/p>\n","protected":false},"featured_media":4237,"comment_status":"open","ping_status":"closed","template":"","meta":[],"product_brand":[],"product_cat":[72,78],"product_tag":[],"class_list":{"0":"post-936","1":"product","2":"type-product","3":"status-publish","4":"has-post-thumbnail","6":"product_cat-guarda-roupas","7":"product_cat-quartos","9":"first","10":"instock","11":"shipping-taxable","12":"purchasable","13":"product-type-simple"},"yoast_head":"<!-- This site is optimized with the Yoast SEO Premium plugin v23.3 (Yoast SEO v27.5) - https:\/\/yoast.com\/product\/yoast-seo-premium-wordpress\/ -->\n<title>ROUPEIRO VALVERDE TRANCOSO 2PORTA CORRER CINAMOMO\/OFF WHITE - Lucas Eletro<\/title>\n<meta name=\"description\" content=\"ROUPEIRO VALVERDE TRANCOSO 2PORTA CORRER CINAMOMO\/OFF WHITE\" \/>\n<meta name=\"robots\" content=\"index, follow, max-snippet:-1, max-image-preview:large, max-video-preview:-1\" \/>\n<link rel=\"canonical\" href=\"https:\/\/lucaseletro.com.br\/?product=roupeiro-valverde-trancoso-2porta-correr-cinamomo-off-white\" \/>\n<meta property=\"og:locale\" content=\"pt_BR\" \/>\n<meta property=\"og:type\" content=\"article\" \/>\n<meta property=\"og:title\" content=\"ROUPEIRO VALVERDE TRANCOSO 2PORTA CORRER CINAMOMO\/OFF WHITE - &#082;&#036;2.599,00 - Lucas Eletro\" \/>\n<meta property=\"og:description\" content=\"Guarda Roupas 2 Portas de Correr Trancoso Valverde  Um guarda-roupas \u00e9 um m\u00f3vel essencial para organiza\u00e7\u00e3o de roupas, cal\u00e7ados e acess\u00f3rios. Geralmente feito de madeira, MDF ou metal, pode ter portas de abrir ou de correr, gavetas internas, prateleiras e cabideiros. \u00c9 ideal para manter o ambiente arrumado, protegendo as pe\u00e7as do p\u00f3 e facilitando o dia a dia. Dispon\u00edvel em diversos tamanhos e estilos, adapta-se a diferentes espa\u00e7os e necessidades.  Largura (cm):240 cm Altura (cm):230\u00a0cm Profundidade (cm):60\u00a0cm  Observa\u00e7\u00f5es: N\u00e3o oferecemos servi\u00e7o de montagem, mas todos os produtos possuem manual com o passo a passo.Recomendamos contratar um profissional de sua prefer\u00eancia. Pode existir alguma diferen\u00e7a de tonalidade entre a foto e o produto, devido ao tratamento de imagens e \u00e0 calibra\u00e7\u00e3o de cores do monitor\" \/>\n<meta property=\"og:url\" content=\"https:\/\/lucaseletro.com.br\/?product=roupeiro-valverde-trancoso-2porta-correr-cinamomo-off-white\" \/>\n<meta property=\"og:site_name\" content=\"Lucas Eletro\" \/>\n<meta property=\"article:publisher\" content=\"https:\/\/www.facebook.com\/lucas.eletro.71\" \/>\n<meta property=\"article:modified_time\" content=\"2025-08-21T14:09:40+00:00\" \/>\n<meta property=\"og:image\" content=\"https:\/\/lucaseletro.com.br\/wp-content\/uploads\/2024\/07\/guarda_roupas_2_portas_de_correr_trancoso_valverde_10003948_variacao_17156_1_fbaf6bca7b20858f5af0e45ec0b7a5aa.webp\" \/>\n\t<meta property=\"og:image:width\" content=\"1000\" \/>\n\t<meta property=\"og:image:height\" content=\"875\" \/>\n\t<meta property=\"og:image:type\" content=\"image\/webp\" \/>\n<meta name=\"twitter:card\" content=\"summary_large_image\" \/>\n<meta name=\"twitter:label1\" content=\"Pre\u00e7o\" \/>\n\t<meta name=\"twitter:data1\" content=\"&#082;&#036;2.599,00\" \/>\n\t<meta name=\"twitter:label2\" content=\"Disponibilidade\" \/>\n\t<meta name=\"twitter:data2\" content=\"Em Estoque\" \/>\n<script type=\"application\/ld+json\" class=\"yoast-schema-graph\">{\"@context\":\"https:\\\/\\\/schema.org\",\"@graph\":[{\"@type\":\"WebPage\",\"@id\":\"https:\\\/\\\/lucaseletro.com.br\\\/?product=roupeiro-valverde-trancoso-2porta-correr-cinamomo-off-white\",\"url\":\"https:\\\/\\\/lucaseletro.com.br\\\/?product=roupeiro-valverde-trancoso-2porta-correr-cinamomo-off-white\",\"name\":\"ROUPEIRO VALVERDE TRANCOSO 2PORTA CORRER CINAMOMO\\\/OFF WHITE - Lucas Eletro\",\"isPartOf\":{\"@id\":\"https:\\\/\\\/lucaseletro.com.br\\\/#website\"},\"primaryImageOfPage\":{\"@id\":\"https:\\\/\\\/lucaseletro.com.br\\\/?product=roupeiro-valverde-trancoso-2porta-correr-cinamomo-off-white#primaryimage\"},\"image\":{\"@id\":\"https:\\\/\\\/lucaseletro.com.br\\\/?product=roupeiro-valverde-trancoso-2porta-correr-cinamomo-off-white#primaryimage\"},\"thumbnailUrl\":\"https:\\\/\\\/lucaseletro.com.br\\\/wp-content\\\/uploads\\\/2024\\\/07\\\/guarda_roupas_2_portas_de_correr_trancoso_valverde_10003948_variacao_17156_1_fbaf6bca7b20858f5af0e45ec0b7a5aa.webp\",\"datePublished\":\"2024-07-30T19:51:55+00:00\",\"dateModified\":\"2025-08-21T14:09:40+00:00\",\"description\":\"ROUPEIRO VALVERDE TRANCOSO 2PORTA CORRER CINAMOMO\\\/OFF WHITE\",\"breadcrumb\":{\"@id\":\"https:\\\/\\\/lucaseletro.com.br\\\/?product=roupeiro-valverde-trancoso-2porta-correr-cinamomo-off-white#breadcrumb\"},\"inLanguage\":\"pt-BR\",\"potentialAction\":[{\"@type\":\"ReadAction\",\"target\":[\"https:\\\/\\\/lucaseletro.com.br\\\/?product=roupeiro-valverde-trancoso-2porta-correr-cinamomo-off-white\"]}]},{\"@type\":\"ImageObject\",\"inLanguage\":\"pt-BR\",\"@id\":\"https:\\\/\\\/lucaseletro.com.br\\\/?product=roupeiro-valverde-trancoso-2porta-correr-cinamomo-off-white#primaryimage\",\"url\":\"https:\\\/\\\/lucaseletro.com.br\\\/wp-content\\\/uploads\\\/2024\\\/07\\\/guarda_roupas_2_portas_de_correr_trancoso_valverde_10003948_variacao_17156_1_fbaf6bca7b20858f5af0e45ec0b7a5aa.webp\",\"contentUrl\":\"https:\\\/\\\/lucaseletro.com.br\\\/wp-content\\\/uploads\\\/2024\\\/07\\\/guarda_roupas_2_portas_de_correr_trancoso_valverde_10003948_variacao_17156_1_fbaf6bca7b20858f5af0e45ec0b7a5aa.webp\",\"width\":1000,\"height\":875},{\"@type\":\"BreadcrumbList\",\"@id\":\"https:\\\/\\\/lucaseletro.com.br\\\/?product=roupeiro-valverde-trancoso-2porta-correr-cinamomo-off-white#breadcrumb\",\"itemListElement\":[{\"@type\":\"ListItem\",\"position\":1,\"name\":\"In\u00edcio\",\"item\":\"https:\\\/\\\/lucaseletro.com.br\\\/\"},{\"@type\":\"ListItem\",\"position\":2,\"name\":\"Loja\",\"item\":\"https:\\\/\\\/lucaseletro.com.br\\\/?page_id=11\"},{\"@type\":\"ListItem\",\"position\":3,\"name\":\"ROUPEIRO VALVERDE TRANCOSO 2PORTA CORRER CINAMOMO\\\/OFF WHITE\"}]},{\"@type\":\"WebSite\",\"@id\":\"https:\\\/\\\/lucaseletro.com.br\\\/#website\",\"url\":\"https:\\\/\\\/lucaseletro.com.br\\\/\",\"name\":\"Lucas Eletro\",\"description\":\"Realizando seus sonhos\",\"publisher\":{\"@id\":\"https:\\\/\\\/lucaseletro.com.br\\\/#organization\"},\"alternateName\":\"Lucas Eletro\",\"potentialAction\":[{\"@type\":\"SearchAction\",\"target\":{\"@type\":\"EntryPoint\",\"urlTemplate\":\"https:\\\/\\\/lucaseletro.com.br\\\/?s={search_term_string}\"},\"query-input\":{\"@type\":\"PropertyValueSpecification\",\"valueRequired\":true,\"valueName\":\"search_term_string\"}}],\"inLanguage\":\"pt-BR\"},{\"@type\":\"Organization\",\"@id\":\"https:\\\/\\\/lucaseletro.com.br\\\/#organization\",\"name\":\"Lucas Eletro\",\"alternateName\":\"Lucas Eletro\",\"url\":\"https:\\\/\\\/lucaseletro.com.br\\\/\",\"logo\":{\"@type\":\"ImageObject\",\"inLanguage\":\"pt-BR\",\"@id\":\"https:\\\/\\\/lucaseletro.com.br\\\/#\\\/schema\\\/logo\\\/image\\\/\",\"url\":\"https:\\\/\\\/lucaseletro.com.br\\\/wp-content\\\/uploads\\\/2024\\\/08\\\/Logo-WebP.webp\",\"contentUrl\":\"https:\\\/\\\/lucaseletro.com.br\\\/wp-content\\\/uploads\\\/2024\\\/08\\\/Logo-WebP.webp\",\"width\":1366,\"height\":457,\"caption\":\"Lucas Eletro\"},\"image\":{\"@id\":\"https:\\\/\\\/lucaseletro.com.br\\\/#\\\/schema\\\/logo\\\/image\\\/\"},\"sameAs\":[\"https:\\\/\\\/www.facebook.com\\\/lucas.eletro.71\"]}]}<\/script>\n<meta property=\"product:price:amount\" content=\"2599.00\" \/>\n<meta property=\"product:price:currency\" content=\"BRL\" \/>\n<meta property=\"og:availability\" content=\"instock\" \/>\n<meta property=\"product:availability\" content=\"instock\" \/>\n<meta property=\"product:condition\" content=\"new\" \/>\n<!-- \/ Yoast SEO Premium plugin. -->","yoast_head_json":{"title":"ROUPEIRO VALVERDE TRANCOSO 2PORTA CORRER CINAMOMO\/OFF WHITE - Lucas Eletro","description":"ROUPEIRO VALVERDE TRANCOSO 2PORTA CORRER CINAMOMO\/OFF WHITE","robots":{"index":"index","follow":"follow","max-snippet":"max-snippet:-1","max-image-preview":"max-image-preview:large","max-video-preview":"max-video-preview:-1"},"canonical":"https:\/\/lucaseletro.com.br\/?product=roupeiro-valverde-trancoso-2porta-correr-cinamomo-off-white","og_locale":"pt_BR","og_type":"article","og_title":"ROUPEIRO VALVERDE TRANCOSO 2PORTA CORRER CINAMOMO\/OFF WHITE - &#82;&#36;2.599,00 - Lucas Eletro","og_description":"Guarda Roupas 2 Portas de Correr Trancoso Valverde  Um guarda-roupas \u00e9 um m\u00f3vel essencial para organiza\u00e7\u00e3o de roupas, cal\u00e7ados e acess\u00f3rios. Geralmente feito de madeira, MDF ou metal, pode ter portas de abrir ou de correr, gavetas internas, prateleiras e cabideiros. \u00c9 ideal para manter o ambiente arrumado, protegendo as pe\u00e7as do p\u00f3 e facilitando o dia a dia. Dispon\u00edvel em diversos tamanhos e estilos, adapta-se a diferentes espa\u00e7os e necessidades.  Largura (cm):240 cm Altura (cm):230\u00a0cm Profundidade (cm):60\u00a0cm  Observa\u00e7\u00f5es: N\u00e3o oferecemos servi\u00e7o de montagem, mas todos os produtos possuem manual com o passo a passo.Recomendamos contratar um profissional de sua prefer\u00eancia. Pode existir alguma diferen\u00e7a de tonalidade entre a foto e o produto, devido ao tratamento de imagens e \u00e0 calibra\u00e7\u00e3o de cores do monitor","og_url":"https:\/\/lucaseletro.com.br\/?product=roupeiro-valverde-trancoso-2porta-correr-cinamomo-off-white","og_site_name":"Lucas Eletro","article_publisher":"https:\/\/www.facebook.com\/lucas.eletro.71","article_modified_time":"2025-08-21T14:09:40+00:00","og_image":[{"width":1000,"height":875,"url":"https:\/\/lucaseletro.com.br\/wp-content\/uploads\/2024\/07\/guarda_roupas_2_portas_de_correr_trancoso_valverde_10003948_variacao_17156_1_fbaf6bca7b20858f5af0e45ec0b7a5aa.webp","type":"image\/webp"}],"twitter_card":"summary_large_image","twitter_misc":{"Pre\u00e7o":"&#82;&#36;2.599,00","Disponibilidade":"Em Estoque"},"schema":{"@context":"https:\/\/schema.org","@graph":[{"@type":"WebPage","@id":"https:\/\/lucaseletro.com.br\/?product=roupeiro-valverde-trancoso-2porta-correr-cinamomo-off-white","url":"https:\/\/lucaseletro.com.br\/?product=roupeiro-valverde-trancoso-2porta-correr-cinamomo-off-white","name":"ROUPEIRO VALVERDE TRANCOSO 2PORTA CORRER CINAMOMO\/OFF WHITE - Lucas Eletro","isPartOf":{"@id":"https:\/\/lucaseletro.com.br\/#website"},"primaryImageOfPage":{"@id":"https:\/\/lucaseletro.com.br\/?product=roupeiro-valverde-trancoso-2porta-correr-cinamomo-off-white#primaryimage"},"image":{"@id":"https:\/\/lucaseletro.com.br\/?product=roupeiro-valverde-trancoso-2porta-correr-cinamomo-off-white#primaryimage"},"thumbnailUrl":"https:\/\/lucaseletro.com.br\/wp-content\/uploads\/2024\/07\/guarda_roupas_2_portas_de_correr_trancoso_valverde_10003948_variacao_17156_1_fbaf6bca7b20858f5af0e45ec0b7a5aa.webp","datePublished":"2024-07-30T19:51:55+00:00","dateModified":"2025-08-21T14:09:40+00:00","description":"ROUPEIRO VALVERDE TRANCOSO 2PORTA CORRER CINAMOMO\/OFF WHITE","breadcrumb":{"@id":"https:\/\/lucaseletro.com.br\/?product=roupeiro-valverde-trancoso-2porta-correr-cinamomo-off-white#breadcrumb"},"inLanguage":"pt-BR","potentialAction":[{"@type":"ReadAction","target":["https:\/\/lucaseletro.com.br\/?product=roupeiro-valverde-trancoso-2porta-correr-cinamomo-off-white"]}]},{"@type":"ImageObject","inLanguage":"pt-BR","@id":"https:\/\/lucaseletro.com.br\/?product=roupeiro-valverde-trancoso-2porta-correr-cinamomo-off-white#primaryimage","url":"https:\/\/lucaseletro.com.br\/wp-content\/uploads\/2024\/07\/guarda_roupas_2_portas_de_correr_trancoso_valverde_10003948_variacao_17156_1_fbaf6bca7b20858f5af0e45ec0b7a5aa.webp","contentUrl":"https:\/\/lucaseletro.com.br\/wp-content\/uploads\/2024\/07\/guarda_roupas_2_portas_de_correr_trancoso_valverde_10003948_variacao_17156_1_fbaf6bca7b20858f5af0e45ec0b7a5aa.webp","width":1000,"height":875},{"@type":"BreadcrumbList","@id":"https:\/\/lucaseletro.com.br\/?product=roupeiro-valverde-trancoso-2porta-correr-cinamomo-off-white#breadcrumb","itemListElement":[{"@type":"ListItem","position":1,"name":"In\u00edcio","item":"https:\/\/lucaseletro.com.br\/"},{"@type":"ListItem","position":2,"name":"Loja","item":"https:\/\/lucaseletro.com.br\/?page_id=11"},{"@type":"ListItem","position":3,"name":"ROUPEIRO VALVERDE TRANCOSO 2PORTA CORRER CINAMOMO\/OFF WHITE"}]},{"@type":"WebSite","@id":"https:\/\/lucaseletro.com.br\/#website","url":"https:\/\/lucaseletro.com.br\/","name":"Lucas Eletro","description":"Realizando seus sonhos","publisher":{"@id":"https:\/\/lucaseletro.com.br\/#organization"},"alternateName":"Lucas Eletro","potentialAction":[{"@type":"SearchAction","target":{"@type":"EntryPoint","urlTemplate":"https:\/\/lucaseletro.com.br\/?s={search_term_string}"},"query-input":{"@type":"PropertyValueSpecification","valueRequired":true,"valueName":"search_term_string"}}],"inLanguage":"pt-BR"},{"@type":"Organization","@id":"https:\/\/lucaseletro.com.br\/#organization","name":"Lucas Eletro","alternateName":"Lucas Eletro","url":"https:\/\/lucaseletro.com.br\/","logo":{"@type":"ImageObject","inLanguage":"pt-BR","@id":"https:\/\/lucaseletro.com.br\/#\/schema\/logo\/image\/","url":"https:\/\/lucaseletro.com.br\/wp-content\/uploads\/2024\/08\/Logo-WebP.webp","contentUrl":"https:\/\/lucaseletro.com.br\/wp-content\/uploads\/2024\/08\/Logo-WebP.webp","width":1366,"height":457,"caption":"Lucas Eletro"},"image":{"@id":"https:\/\/lucaseletro.com.br\/#\/schema\/logo\/image\/"},"sameAs":["https:\/\/www.facebook.com\/lucas.eletro.71"]}]},"product_price_amount":"2599.00","product_price_currency":"BRL","og_availability":"instock","product_availability":"instock","product_condition":"new"},"_links":{"self":[{"href":"https:\/\/lucaseletro.com.br\/index.php?rest_route=\/wp\/v2\/product\/936","targetHints":{"allow":["GET"]}}],"collection":[{"href":"https:\/\/lucaseletro.com.br\/index.php?rest_route=\/wp\/v2\/product"}],"about":[{"href":"https:\/\/lucaseletro.com.br\/index.php?rest_route=\/wp\/v2\/types\/product"}],"replies":[{"embeddable":true,"href":"https:\/\/lucaseletro.com.br\/index.php?rest_route=%2Fwp%2Fv2%2Fcomments&post=936"}],"wp:featuredmedia":[{"embeddable":true,"href":"https:\/\/lucaseletro.com.br\/index.php?rest_route=\/wp\/v2\/media\/4237"}],"wp:attachment":[{"href":"https:\/\/lucaseletro.com.br\/index.php?rest_route=%2Fwp%2Fv2%2Fmedia&parent=936"}],"wp:term":[{"taxonomy":"product_brand","embeddable":true,"href":"https:\/\/lucaseletro.com.br\/index.php?rest_route=%2Fwp%2Fv2%2Fproduct_brand&post=936"},{"taxonomy":"product_cat","embeddable":true,"href":"https:\/\/lucaseletro.com.br\/index.php?rest_route=%2Fwp%2Fv2%2Fproduct_cat&post=936"},{"taxonomy":"product_tag","embeddable":true,"href":"https:\/\/lucaseletro.com.br\/index.php?rest_route=%2Fwp%2Fv2%2Fproduct_tag&post=936"}],"curies":[{"name":"wp","href":"https:\/\/api.w.org\/{rel}","templated":true}]}}